{"id":112,"date":"2017-08-24T14:47:10","date_gmt":"2017-08-24T14:47:10","guid":{"rendered":"https:\/\/medilogics.pt\/home\/?page_id=112"},"modified":"2024-11-13T15:11:51","modified_gmt":"2024-11-13T14:11:51","slug":"medicina-curativa-e-familiar","status":"publish","type":"page","link":"https:\/\/medilogics.pt\/home\/medicina-curativa-e-familiar\/","title":{"rendered":"Medicina Curativa e Familiar"},"content":{"rendered":"<p><img data-attachment-id=\"266\" data-permalink=\"https:\/\/medilogics.pt\/home\/medicina-curativa-e-familiar\/single_article_familiar\/\" data-orig-file=\"https:\/\/i0.wp.com\/medilogics.pt\/home\/wp-content\/uploads\/2017\/08\/single_article_familiar.png?fit=520%2C200&amp;ssl=1\" data-orig-size=\"520,200\" data-comments-opened=\"1\" data-image-meta=\"{&quot;aperture&quot;:&quot;0&quot;,&quot;credit&quot;:&quot;&quot;,&quot;camera&quot;:&quot;&quot;,&quot;caption&quot;:&quot;&quot;,&quot;created_timestamp&quot;:&quot;0&quot;,&quot;copyright&quot;:&quot;&quot;,&quot;focal_length&quot;:&quot;0&quot;,&quot;iso&quot;:&quot;0&quot;,&quot;shutter_speed&quot;:&quot;0&quot;,&quot;title&quot;:&quot;&quot;,&quot;orientation&quot;:&quot;0&quot;}\" data-image-title=\"single_article_familiar\" data-image-description=\"\" data-image-caption=\"\" data-medium-file=\"https:\/\/i0.wp.com\/medilogics.pt\/home\/wp-content\/uploads\/2017\/08\/single_article_familiar.png?fit=300%2C115&amp;ssl=1\" data-large-file=\"https:\/\/i0.wp.com\/medilogics.pt\/home\/wp-content\/uploads\/2017\/08\/single_article_familiar.png?fit=520%2C200&amp;ssl=1\" loading=\"lazy\" class=\"aligncenter wp-image-266 size-full\" title=\"Medicina Curativa e Familiar\" src=\"https:\/\/i0.wp.com\/medilogics.pt\/home\/wp-content\/uploads\/2017\/08\/single_article_familiar.png?resize=520%2C200&#038;ssl=1\" alt=\"Medicina Curativa e Familiar\" width=\"520\" height=\"200\" srcset=\"https:\/\/i0.wp.com\/medilogics.pt\/home\/wp-content\/uploads\/2017\/08\/single_article_familiar.png?w=520&amp;ssl=1 520w, https:\/\/i0.wp.com\/medilogics.pt\/home\/wp-content\/uploads\/2017\/08\/single_article_familiar.png?resize=300%2C115&amp;ssl=1 300w\" sizes=\"(max-width: 520px) 100vw, 520px\" data-recalc-dims=\"1\" \/><\/p>\n<h2>Medicina Curativa e Familiar. Plano extens\u00edvel ao agregado familiar.<\/h2>\n<p>Nas instala\u00e7\u00f5es da nossa empresa, os associados da Medilogics t\u00eam ainda a possibilidade de usufruir de Consultas de Cl\u00ednica Geral gratuitas e consultas de Especialidade com descontos at\u00e9 50% em qualquer dia \u00fatil atrav\u00e9s do plano extens\u00edvel ao agregado familiar de Medicina Curativa e Familiar.<\/p>\n<p>Estes descontos s\u00e3o extens\u00edveis ao seu agregado familiar e abrangem ainda servi\u00e7os de Enfermagem, e outros Exames Complementares de Diagn\u00f3stico*.<\/p>\n<p>* Pr\u00e9via avalia\u00e7\u00e3o pela Medilogics.<\/p>\n","protected":false},"excerpt":{"rendered":"<p>Medicina Curativa e Familiar. Plano extens\u00edvel ao agregado familiar. Nas instala\u00e7\u00f5es da nossa empresa, os associados da Medilogics t\u00eam ainda a possibilidade de usufruir de Consultas de Cl\u00ednica Geral gratuitas e consultas de Especialidade com descontos at\u00e9 50% em qualquer dia \u00fatil atrav\u00e9s do plano extens\u00edvel ao agregado familiar de Medicina Curativa e Familiar. Estes &hellip; <\/p>\n<p class=\"link-more\"><a href=\"https:\/\/medilogics.pt\/home\/medicina-curativa-e-familiar\/\" class=\"more-link\">Continuar a ler <span class=\"screen-reader-text\">&#8220;Medicina Curativa e Familiar&#8221;<\/span><\/a><\/p>\n","protected":false},"author":1,"featured_media":0,"parent":0,"menu_order":0,"comment_status":"closed","ping_status":"closed","template":"","meta":{"_links_to":"","_links_to_target":""},"yoast_head":"<!-- This site is optimized with the Yoast SEO plugin v19.5.1 - https:\/\/yoast.com\/wordpress\/plugins\/seo\/ -->\n<title>Medicina Curativa e Familiar | MEDILOGICS Servi\u00e7os M\u00e9dicos SA<\/title>\n<meta name=\"description\" content=\"Medicina Curativa e Familiar. Plano extens\u00edvel ao agregado familiar com Consultas de Cl\u00ednica Geral gratu\u00edtas e Especialidades com descontos at\u00e9 50%.\" \/>\n<meta name=\"robots\" content=\"index, follow, max-snippet:-1, max-image-preview:large, max-video-preview:-1\" \/>\n<link rel=\"canonical\" href=\"https:\/\/medilogics.pt\/home\/medicina-curativa-e-familiar\/\" \/>\n<meta property=\"og:locale\" content=\"pt_PT\" \/>\n<meta property=\"og:type\" content=\"article\" \/>\n<meta property=\"og:title\" content=\"Medicina Curativa e Familiar | MEDILOGICS Servi\u00e7os M\u00e9dicos SA\" \/>\n<meta property=\"og:description\" content=\"Medicina Curativa e Familiar. Plano extens\u00edvel ao agregado familiar com Consultas de Cl\u00ednica Geral gratu\u00edtas e Especialidades com descontos at\u00e9 50%.\" \/>\n<meta property=\"og:url\" content=\"https:\/\/medilogics.pt\/home\/medicina-curativa-e-familiar\/\" \/>\n<meta property=\"og:site_name\" content=\"MEDILOGICS Servi\u00e7os M\u00e9dicos SA\" \/>\n<meta property=\"article:publisher\" content=\"https:\/\/www.facebook.com\/medilogicssa\/\" \/>\n<meta property=\"article:modified_time\" content=\"2024-11-13T14:11:51+00:00\" \/>\n<meta property=\"og:image\" content=\"https:\/\/medilogics.pt\/home\/wp-content\/uploads\/2017\/08\/single_article_familiar.png\" \/>\n<meta name=\"twitter:card\" content=\"summary\" \/>\n<meta name=\"twitter:site\" content=\"@medilogics\" \/>\n<meta name=\"twitter:label1\" content=\"Tempo estimado de leitura\" \/>\n\t<meta name=\"twitter:data1\" content=\"1 minuto\" \/>\n<script type=\"application\/ld+json\" class=\"yoast-schema-graph\">{\"@context\":\"https:\/\/schema.org\",\"@graph\":[{\"@type\":\"WebPage\",\"@id\":\"https:\/\/medilogics.pt\/home\/medicina-curativa-e-familiar\/\",\"url\":\"https:\/\/medilogics.pt\/home\/medicina-curativa-e-familiar\/\",\"name\":\"Medicina Curativa e Familiar | MEDILOGICS Servi\u00e7os M\u00e9dicos SA\",\"isPartOf\":{\"@id\":\"https:\/\/medilogics.pt\/home\/#website\"},\"datePublished\":\"2017-08-24T14:47:10+00:00\",\"dateModified\":\"2024-11-13T14:11:51+00:00\",\"description\":\"Medicina Curativa e Familiar. Plano extens\u00edvel ao agregado familiar com Consultas de Cl\u00ednica Geral gratu\u00edtas e Especialidades com descontos at\u00e9 50%.\",\"breadcrumb\":{\"@id\":\"https:\/\/medilogics.pt\/home\/medicina-curativa-e-familiar\/#breadcrumb\"},\"inLanguage\":\"pt-PT\",\"potentialAction\":[{\"@type\":\"ReadAction\",\"target\":[\"https:\/\/medilogics.pt\/home\/medicina-curativa-e-familiar\/\"]}]},{\"@type\":\"BreadcrumbList\",\"@id\":\"https:\/\/medilogics.pt\/home\/medicina-curativa-e-familiar\/#breadcrumb\",\"itemListElement\":[{\"@type\":\"ListItem\",\"position\":1,\"name\":\"In\u00edcio\",\"item\":\"https:\/\/medilogics.pt\/home\/\"},{\"@type\":\"ListItem\",\"position\":2,\"name\":\"Medicina Curativa e Familiar\"}]},{\"@type\":\"WebSite\",\"@id\":\"https:\/\/medilogics.pt\/home\/#website\",\"url\":\"https:\/\/medilogics.pt\/home\/\",\"name\":\"MEDILOGICS Servi\u00e7os M\u00e9dicos SA\",\"description\":\"Seguran\u00e7a e Sa\u00fade no Trabalho\",\"publisher\":{\"@id\":\"https:\/\/medilogics.pt\/home\/#organization\"},\"potentialAction\":[{\"@type\":\"SearchAction\",\"target\":{\"@type\":\"EntryPoint\",\"urlTemplate\":\"https:\/\/medilogics.pt\/home\/?s={search_term_string}\"},\"query-input\":\"required name=search_term_string\"}],\"inLanguage\":\"pt-PT\"},{\"@type\":\"Organization\",\"@id\":\"https:\/\/medilogics.pt\/home\/#organization\",\"name\":\"Medilogics Servicos Medicos SA\",\"url\":\"https:\/\/medilogics.pt\/home\/\",\"sameAs\":[\"https:\/\/www.instagram.com\/medilogics\/\",\"https:\/\/www.linkedin.com\/company\/medilogics\",\"https:\/\/www.youtube.com\/c\/MedilogicsPtsa\",\"https:\/\/www.facebook.com\/medilogicssa\/\",\"https:\/\/twitter.com\/medilogics\"],\"logo\":{\"@type\":\"ImageObject\",\"inLanguage\":\"pt-PT\",\"@id\":\"https:\/\/medilogics.pt\/home\/#\/schema\/logo\/image\/\",\"url\":\"https:\/\/i1.wp.com\/medilogics.pt\/home\/wp-content\/uploads\/2017\/10\/logotipo_empsaud_medilogics_medio.jpg?fit=500%2C175&ssl=1\",\"contentUrl\":\"https:\/\/i1.wp.com\/medilogics.pt\/home\/wp-content\/uploads\/2017\/10\/logotipo_empsaud_medilogics_medio.jpg?fit=500%2C175&ssl=1\",\"width\":500,\"height\":175,\"caption\":\"Medilogics Servicos Medicos SA\"},\"image\":{\"@id\":\"https:\/\/medilogics.pt\/home\/#\/schema\/logo\/image\/\"}}]}<\/script>\n<!-- \/ Yoast SEO plugin. -->","yoast_head_json":{"title":"Medicina Curativa e Familiar | MEDILOGICS Servi\u00e7os M\u00e9dicos SA","description":"Medicina Curativa e Familiar. Plano extens\u00edvel ao agregado familiar com Consultas de Cl\u00ednica Geral gratu\u00edtas e Especialidades com descontos at\u00e9 50%.","robots":{"index":"index","follow":"follow","max-snippet":"max-snippet:-1","max-image-preview":"max-image-preview:large","max-video-preview":"max-video-preview:-1"},"canonical":"https:\/\/medilogics.pt\/home\/medicina-curativa-e-familiar\/","og_locale":"pt_PT","og_type":"article","og_title":"Medicina Curativa e Familiar | MEDILOGICS Servi\u00e7os M\u00e9dicos SA","og_description":"Medicina Curativa e Familiar. Plano extens\u00edvel ao agregado familiar com Consultas de Cl\u00ednica Geral gratu\u00edtas e Especialidades com descontos at\u00e9 50%.","og_url":"https:\/\/medilogics.pt\/home\/medicina-curativa-e-familiar\/","og_site_name":"MEDILOGICS Servi\u00e7os M\u00e9dicos SA","article_publisher":"https:\/\/www.facebook.com\/medilogicssa\/","article_modified_time":"2024-11-13T14:11:51+00:00","og_image":[{"url":"https:\/\/medilogics.pt\/home\/wp-content\/uploads\/2017\/08\/single_article_familiar.png"}],"twitter_card":"summary","twitter_site":"@medilogics","twitter_misc":{"Tempo estimado de leitura":"1 minuto"},"schema":{"@context":"https:\/\/schema.org","@graph":[{"@type":"WebPage","@id":"https:\/\/medilogics.pt\/home\/medicina-curativa-e-familiar\/","url":"https:\/\/medilogics.pt\/home\/medicina-curativa-e-familiar\/","name":"Medicina Curativa e Familiar | MEDILOGICS Servi\u00e7os M\u00e9dicos SA","isPartOf":{"@id":"https:\/\/medilogics.pt\/home\/#website"},"datePublished":"2017-08-24T14:47:10+00:00","dateModified":"2024-11-13T14:11:51+00:00","description":"Medicina Curativa e Familiar. Plano extens\u00edvel ao agregado familiar com Consultas de Cl\u00ednica Geral gratu\u00edtas e Especialidades com descontos at\u00e9 50%.","breadcrumb":{"@id":"https:\/\/medilogics.pt\/home\/medicina-curativa-e-familiar\/#breadcrumb"},"inLanguage":"pt-PT","potentialAction":[{"@type":"ReadAction","target":["https:\/\/medilogics.pt\/home\/medicina-curativa-e-familiar\/"]}]},{"@type":"BreadcrumbList","@id":"https:\/\/medilogics.pt\/home\/medicina-curativa-e-familiar\/#breadcrumb","itemListElement":[{"@type":"ListItem","position":1,"name":"In\u00edcio","item":"https:\/\/medilogics.pt\/home\/"},{"@type":"ListItem","position":2,"name":"Medicina Curativa e Familiar"}]},{"@type":"WebSite","@id":"https:\/\/medilogics.pt\/home\/#website","url":"https:\/\/medilogics.pt\/home\/","name":"MEDILOGICS Servi\u00e7os M\u00e9dicos SA","description":"Seguran\u00e7a e Sa\u00fade no Trabalho","publisher":{"@id":"https:\/\/medilogics.pt\/home\/#organization"},"potentialAction":[{"@type":"SearchAction","target":{"@type":"EntryPoint","urlTemplate":"https:\/\/medilogics.pt\/home\/?s={search_term_string}"},"query-input":"required name=search_term_string"}],"inLanguage":"pt-PT"},{"@type":"Organization","@id":"https:\/\/medilogics.pt\/home\/#organization","name":"Medilogics Servicos Medicos SA","url":"https:\/\/medilogics.pt\/home\/","sameAs":["https:\/\/www.instagram.com\/medilogics\/","https:\/\/www.linkedin.com\/company\/medilogics","https:\/\/www.youtube.com\/c\/MedilogicsPtsa","https:\/\/www.facebook.com\/medilogicssa\/","https:\/\/twitter.com\/medilogics"],"logo":{"@type":"ImageObject","inLanguage":"pt-PT","@id":"https:\/\/medilogics.pt\/home\/#\/schema\/logo\/image\/","url":"https:\/\/i1.wp.com\/medilogics.pt\/home\/wp-content\/uploads\/2017\/10\/logotipo_empsaud_medilogics_medio.jpg?fit=500%2C175&ssl=1","contentUrl":"https:\/\/i1.wp.com\/medilogics.pt\/home\/wp-content\/uploads\/2017\/10\/logotipo_empsaud_medilogics_medio.jpg?fit=500%2C175&ssl=1","width":500,"height":175,"caption":"Medilogics Servicos Medicos SA"},"image":{"@id":"https:\/\/medilogics.pt\/home\/#\/schema\/logo\/image\/"}}]}},"jetpack_sharing_enabled":true,"jetpack_shortlink":"https:\/\/wp.me\/P9hLDY-1O","jetpack_likes_enabled":true,"jetpack-related-posts":[{"id":82,"url":"https:\/\/medilogics.pt\/home\/medicina-curativa-e-familiar-fp\/","url_meta":{"origin":112,"position":0},"title":"Medicina Curativa e Familiar","date":"Agosto 24, 2017","format":false,"excerpt":"Medicina Curativa e Familiar. Plano extens\u00edvel ao agregado familiar. Nas instala\u00e7\u00f5es da nossa empresa, os associados da Medilogics t\u00eam ainda a possibilidade de usufruir de Consultas de Cl\u00ednica Geral gratu\u00edtas e consultas de Especialidade com descontos at\u00e9 50% em qualquer dia \u00fatil atrav\u00e9s do plano extens\u00edvel ao agregado familiar de\u2026","rel":"","context":"Similar post","img":{"alt_text":"Medicina Curativa e Familiar","src":"https:\/\/i0.wp.com\/medilogics.pt\/home\/wp-content\/uploads\/2017\/08\/med_curativa_familiar.jpg?fit=1073%2C735&ssl=1&resize=350%2C200","width":350,"height":200},"classes":[]},{"id":75,"url":"https:\/\/medilogics.pt\/home\/unidades-moveis-fp\/","url_meta":{"origin":112,"position":1},"title":"Unidades M\u00f3veis","date":"Agosto 24, 2017","format":false,"excerpt":"Unidades M\u00f3veis para uma presta\u00e7\u00e3o de servi\u00e7os cont\u00ednua e eficaz. Como forma de garantir uma presta\u00e7\u00e3o de servi\u00e7os cont\u00ednua e eficaz, mesmo fora do raio de ac\u00e7\u00e3o das nossas cl\u00ednicas. A Medilogics possui modernas Unidades M\u00f3veis de Sa\u00fade dotadas dos mais avan\u00e7ados equipamentos e tecnologias nesta \u00e1rea de actividade. Com\u2026","rel":"","context":"Similar post","img":{"alt_text":"","src":"https:\/\/i0.wp.com\/medilogics.pt\/home\/wp-content\/uploads\/2021\/04\/UM_v1.2.jpg?fit=1200%2C600&ssl=1&resize=350%2C200","width":350,"height":200},"classes":[]},{"id":118,"url":"https:\/\/medilogics.pt\/home\/unidades-moveis\/","url_meta":{"origin":112,"position":2},"title":"Unidades M\u00f3veis","date":"Agosto 24, 2017","format":false,"excerpt":"Unidades M\u00f3veis para uma presta\u00e7\u00e3o de servi\u00e7os cont\u00ednua e eficaz. Como forma de garantir uma presta\u00e7\u00e3o de servi\u00e7os cont\u00ednua e eficaz, mesmo fora do raio de ac\u00e7\u00e3o das nossas cl\u00ednicas. A Medilogics possui modernas Unidades M\u00f3veis de Sa\u00fade dotadas dos mais avan\u00e7ados equipamentos e tecnologias nesta \u00e1rea de actividade. Com\u2026","rel":"","context":"Similar post","img":{"alt_text":"","src":"https:\/\/i0.wp.com\/medilogics.pt\/home\/wp-content\/uploads\/2017\/08\/single_article_um.png?resize=350%2C200&ssl=1","width":350,"height":200},"classes":[]},{"id":4954,"url":"https:\/\/medilogics.pt\/home\/parcerias\/","url_meta":{"origin":112,"position":3},"title":"Acordos de Parceria \/ Coopera\u00e7\u00e3o","date":"Maio 31, 2023","format":false,"excerpt":"Acordos de Parceria \/ Coopera\u00e7\u00e3o Contamos com uma vasta lista de parceiros em v\u00e1rias \u00e1reas de neg\u00f3cio. Ofere\u00e7a \u00e0 sua empresa e aos seus colaboradores beneficios \/ descontos. Pesquise na lista.","rel":"","context":"Similar post","img":{"alt_text":"","src":"","width":0,"height":0},"classes":[]},{"id":1803,"url":"https:\/\/medilogics.pt\/home\/medicina-no-trabalho\/","url_meta":{"origin":112,"position":4},"title":"Medicina no trabalho","date":"Agosto 16, 2018","format":false,"excerpt":"Acesso a uma equipa de m\u00e9dicos altamente qualificada em Medicina no Trabalho. Um bom n\u00edvel de SST traz vantagens. Preencha este formul\u00e1rio e seja contactado sem qualquer compromisso para saber mais sobre estas vantagens. Antes de preencher o formul\u00e1rio leia a nossa Pol\u00edtica de Utiliza\u00e7\u00e3o do S\u00edtio e \u00c1rea de\u2026","rel":"","context":"Similar post","img":{"alt_text":"","src":"","width":0,"height":0},"classes":[]},{"id":1796,"url":"https:\/\/medilogics.pt\/home\/medicina-do-trabalho\/","url_meta":{"origin":112,"position":5},"title":"Medicina do trabalho","date":"Agosto 16, 2018","format":false,"excerpt":"Acesso a uma equipa de m\u00e9dicos altamente qualificada em Medicina do Trabalho. Um bom n\u00edvel de SST traz vantagens. Preencha este formul\u00e1rio e seja contactado sem qualquer compromisso para saber mais sobre estas vantagens. Antes de preencher o formul\u00e1rio leia a nossa Pol\u00edtica de Utiliza\u00e7\u00e3o do S\u00edtio e \u00c1rea de\u2026","rel":"","context":"Similar post","img":{"alt_text":"","src":"","width":0,"height":0},"classes":[]}],"amp_enabled":true,"_links":{"self":[{"href":"https:\/\/medilogics.pt\/home\/wp-json\/wp\/v2\/pages\/112"}],"collection":[{"href":"https:\/\/medilogics.pt\/home\/wp-json\/wp\/v2\/pages"}],"about":[{"href":"https:\/\/medilogics.pt\/home\/wp-json\/wp\/v2\/types\/page"}],"author":[{"embeddable":true,"href":"https:\/\/medilogics.pt\/home\/wp-json\/wp\/v2\/users\/1"}],"replies":[{"embeddable":true,"href":"https:\/\/medilogics.pt\/home\/wp-json\/wp\/v2\/comments?post=112"}],"version-history":[{"count":11,"href":"https:\/\/medilogics.pt\/home\/wp-json\/wp\/v2\/pages\/112\/revisions"}],"predecessor-version":[{"id":5837,"href":"https:\/\/medilogics.pt\/home\/wp-json\/wp\/v2\/pages\/112\/revisions\/5837"}],"wp:attachment":[{"href":"https:\/\/medilogics.pt\/home\/wp-json\/wp\/v2\/media?parent=112"}],"curies":[{"name":"wp","href":"https:\/\/api.w.org\/{rel}","templated":true}]}}