{"id":118,"date":"2017-08-24T14:53:24","date_gmt":"2017-08-24T14:53:24","guid":{"rendered":"https:\/\/medilogics.pt\/home\/?page_id=118"},"modified":"2017-11-30T11:52:42","modified_gmt":"2017-11-30T11:52:42","slug":"unidades-moveis","status":"publish","type":"page","link":"https:\/\/medilogics.pt\/home\/unidades-moveis\/","title":{"rendered":"Unidades M\u00f3veis"},"content":{"rendered":"<p><img data-attachment-id=\"273\" data-permalink=\"https:\/\/medilogics.pt\/home\/unidades-moveis\/single_article_um\/\" data-orig-file=\"https:\/\/i0.wp.com\/medilogics.pt\/home\/wp-content\/uploads\/2017\/08\/single_article_um.png?fit=520%2C200&amp;ssl=1\" data-orig-size=\"520,200\" data-comments-opened=\"1\" data-image-meta=\"{&quot;aperture&quot;:&quot;0&quot;,&quot;credit&quot;:&quot;&quot;,&quot;camera&quot;:&quot;&quot;,&quot;caption&quot;:&quot;&quot;,&quot;created_timestamp&quot;:&quot;0&quot;,&quot;copyright&quot;:&quot;&quot;,&quot;focal_length&quot;:&quot;0&quot;,&quot;iso&quot;:&quot;0&quot;,&quot;shutter_speed&quot;:&quot;0&quot;,&quot;title&quot;:&quot;&quot;,&quot;orientation&quot;:&quot;0&quot;}\" data-image-title=\"single_article_um\" data-image-description=\"\" data-image-caption=\"\" data-medium-file=\"https:\/\/i0.wp.com\/medilogics.pt\/home\/wp-content\/uploads\/2017\/08\/single_article_um.png?fit=300%2C115&amp;ssl=1\" data-large-file=\"https:\/\/i0.wp.com\/medilogics.pt\/home\/wp-content\/uploads\/2017\/08\/single_article_um.png?fit=520%2C200&amp;ssl=1\" loading=\"lazy\" class=\"aligncenter wp-image-273 size-full\" title=\"Unidades M\u00f3veis\" src=\"https:\/\/i0.wp.com\/medilogics.pt\/home\/wp-content\/uploads\/2017\/08\/single_article_um.png?resize=520%2C200&#038;ssl=1\" alt=\"Unidades M\u00f3veis\" width=\"520\" height=\"200\" srcset=\"https:\/\/i0.wp.com\/medilogics.pt\/home\/wp-content\/uploads\/2017\/08\/single_article_um.png?w=520&amp;ssl=1 520w, https:\/\/i0.wp.com\/medilogics.pt\/home\/wp-content\/uploads\/2017\/08\/single_article_um.png?resize=300%2C115&amp;ssl=1 300w\" sizes=\"(max-width: 520px) 100vw, 520px\" data-recalc-dims=\"1\" \/><\/p>\n<h2>Unidades M\u00f3veis para uma presta\u00e7\u00e3o de servi\u00e7os cont\u00ednua e eficaz.<\/h2>\n<p>Como forma de garantir uma presta\u00e7\u00e3o de servi\u00e7os cont\u00ednua e eficaz, mesmo fora do raio de ac\u00e7\u00e3o das nossas cl\u00ednicas. A Medilogics possui modernas Unidades M\u00f3veis de Sa\u00fade dotadas dos mais avan\u00e7ados equipamentos e tecnologias nesta \u00e1rea de actividade.<\/p>\n<p>Com vista a manter a capacidade de resposta esperada, estas unidades m\u00f3veis actuam como consult\u00f3rios itenerantes. O que permitem realizar todos os exames e consultas de Medicina do Trabalho nas instala\u00e7\u00f5es do cliente ou em qualquer outro local.<\/p>\n","protected":false},"excerpt":{"rendered":"<p>Unidades M\u00f3veis para uma presta\u00e7\u00e3o de servi\u00e7os cont\u00ednua e eficaz. Como forma de garantir uma presta\u00e7\u00e3o de servi\u00e7os cont\u00ednua e eficaz, mesmo fora do raio de ac\u00e7\u00e3o das nossas cl\u00ednicas. A Medilogics possui modernas Unidades M\u00f3veis de Sa\u00fade dotadas dos mais avan\u00e7ados equipamentos e tecnologias nesta \u00e1rea de actividade. Com vista a manter a capacidade &hellip; <\/p>\n<p class=\"link-more\"><a href=\"https:\/\/medilogics.pt\/home\/unidades-moveis\/\" class=\"more-link\">Continuar a ler <span class=\"screen-reader-text\">&#8220;Unidades M\u00f3veis&#8221;<\/span><\/a><\/p>\n","protected":false},"author":1,"featured_media":0,"parent":0,"menu_order":0,"comment_status":"closed","ping_status":"closed","template":"","meta":{"_links_to":"","_links_to_target":""},"yoast_head":"<!-- This site is optimized with the Yoast SEO plugin v19.5.1 - https:\/\/yoast.com\/wordpress\/plugins\/seo\/ -->\n<title>Unidades M\u00f3veis | MEDILOGICS Servi\u00e7os M\u00e9dicos SA<\/title>\n<meta name=\"description\" content=\"Unidades M\u00f3veis de Sa\u00fade dotadas dos mais avan\u00e7ados equipamentos e tecnologias. Estas unidades m\u00f3veis actuam como consult\u00f3rios itenerantes.\" \/>\n<meta name=\"robots\" content=\"index, follow, max-snippet:-1, max-image-preview:large, max-video-preview:-1\" \/>\n<link rel=\"canonical\" href=\"https:\/\/medilogics.pt\/home\/unidades-moveis\/\" \/>\n<meta property=\"og:locale\" content=\"pt_PT\" \/>\n<meta property=\"og:type\" content=\"article\" \/>\n<meta property=\"og:title\" content=\"Unidades M\u00f3veis | MEDILOGICS Servi\u00e7os M\u00e9dicos SA\" \/>\n<meta property=\"og:description\" content=\"Unidades M\u00f3veis de Sa\u00fade dotadas dos mais avan\u00e7ados equipamentos e tecnologias. Estas unidades m\u00f3veis actuam como consult\u00f3rios itenerantes.\" \/>\n<meta property=\"og:url\" content=\"https:\/\/medilogics.pt\/home\/unidades-moveis\/\" \/>\n<meta property=\"og:site_name\" content=\"MEDILOGICS Servi\u00e7os M\u00e9dicos SA\" \/>\n<meta property=\"article:publisher\" content=\"https:\/\/www.facebook.com\/medilogicssa\/\" \/>\n<meta property=\"article:modified_time\" content=\"2017-11-30T11:52:42+00:00\" \/>\n<meta property=\"og:image\" content=\"https:\/\/medilogics.pt\/home\/wp-content\/uploads\/2017\/08\/single_article_um.png\" \/>\n<meta name=\"twitter:card\" content=\"summary\" \/>\n<meta name=\"twitter:site\" content=\"@medilogics\" \/>\n<meta name=\"twitter:label1\" content=\"Tempo estimado de leitura\" \/>\n\t<meta name=\"twitter:data1\" content=\"1 minuto\" \/>\n<script type=\"application\/ld+json\" class=\"yoast-schema-graph\">{\"@context\":\"https:\/\/schema.org\",\"@graph\":[{\"@type\":\"WebPage\",\"@id\":\"https:\/\/medilogics.pt\/home\/unidades-moveis\/\",\"url\":\"https:\/\/medilogics.pt\/home\/unidades-moveis\/\",\"name\":\"Unidades M\u00f3veis | MEDILOGICS Servi\u00e7os M\u00e9dicos SA\",\"isPartOf\":{\"@id\":\"https:\/\/medilogics.pt\/home\/#website\"},\"datePublished\":\"2017-08-24T14:53:24+00:00\",\"dateModified\":\"2017-11-30T11:52:42+00:00\",\"description\":\"Unidades M\u00f3veis de Sa\u00fade dotadas dos mais avan\u00e7ados equipamentos e tecnologias. Estas unidades m\u00f3veis actuam como consult\u00f3rios itenerantes.\",\"breadcrumb\":{\"@id\":\"https:\/\/medilogics.pt\/home\/unidades-moveis\/#breadcrumb\"},\"inLanguage\":\"pt-PT\",\"potentialAction\":[{\"@type\":\"ReadAction\",\"target\":[\"https:\/\/medilogics.pt\/home\/unidades-moveis\/\"]}]},{\"@type\":\"BreadcrumbList\",\"@id\":\"https:\/\/medilogics.pt\/home\/unidades-moveis\/#breadcrumb\",\"itemListElement\":[{\"@type\":\"ListItem\",\"position\":1,\"name\":\"In\u00edcio\",\"item\":\"https:\/\/medilogics.pt\/home\/\"},{\"@type\":\"ListItem\",\"position\":2,\"name\":\"Unidades M\u00f3veis\"}]},{\"@type\":\"WebSite\",\"@id\":\"https:\/\/medilogics.pt\/home\/#website\",\"url\":\"https:\/\/medilogics.pt\/home\/\",\"name\":\"MEDILOGICS Servi\u00e7os M\u00e9dicos SA\",\"description\":\"Seguran\u00e7a e Sa\u00fade no Trabalho\",\"publisher\":{\"@id\":\"https:\/\/medilogics.pt\/home\/#organization\"},\"potentialAction\":[{\"@type\":\"SearchAction\",\"target\":{\"@type\":\"EntryPoint\",\"urlTemplate\":\"https:\/\/medilogics.pt\/home\/?s={search_term_string}\"},\"query-input\":\"required name=search_term_string\"}],\"inLanguage\":\"pt-PT\"},{\"@type\":\"Organization\",\"@id\":\"https:\/\/medilogics.pt\/home\/#organization\",\"name\":\"Medilogics Servicos Medicos SA\",\"url\":\"https:\/\/medilogics.pt\/home\/\",\"sameAs\":[\"https:\/\/www.instagram.com\/medilogics\/\",\"https:\/\/www.linkedin.com\/company\/medilogics\",\"https:\/\/www.youtube.com\/c\/MedilogicsPtsa\",\"https:\/\/www.facebook.com\/medilogicssa\/\",\"https:\/\/twitter.com\/medilogics\"],\"logo\":{\"@type\":\"ImageObject\",\"inLanguage\":\"pt-PT\",\"@id\":\"https:\/\/medilogics.pt\/home\/#\/schema\/logo\/image\/\",\"url\":\"https:\/\/i1.wp.com\/medilogics.pt\/home\/wp-content\/uploads\/2017\/10\/logotipo_empsaud_medilogics_medio.jpg?fit=500%2C175&ssl=1\",\"contentUrl\":\"https:\/\/i1.wp.com\/medilogics.pt\/home\/wp-content\/uploads\/2017\/10\/logotipo_empsaud_medilogics_medio.jpg?fit=500%2C175&ssl=1\",\"width\":500,\"height\":175,\"caption\":\"Medilogics Servicos Medicos SA\"},\"image\":{\"@id\":\"https:\/\/medilogics.pt\/home\/#\/schema\/logo\/image\/\"}}]}<\/script>\n<!-- \/ Yoast SEO plugin. -->","yoast_head_json":{"title":"Unidades M\u00f3veis | MEDILOGICS Servi\u00e7os M\u00e9dicos SA","description":"Unidades M\u00f3veis de Sa\u00fade dotadas dos mais avan\u00e7ados equipamentos e tecnologias. Estas unidades m\u00f3veis actuam como consult\u00f3rios itenerantes.","robots":{"index":"index","follow":"follow","max-snippet":"max-snippet:-1","max-image-preview":"max-image-preview:large","max-video-preview":"max-video-preview:-1"},"canonical":"https:\/\/medilogics.pt\/home\/unidades-moveis\/","og_locale":"pt_PT","og_type":"article","og_title":"Unidades M\u00f3veis | MEDILOGICS Servi\u00e7os M\u00e9dicos SA","og_description":"Unidades M\u00f3veis de Sa\u00fade dotadas dos mais avan\u00e7ados equipamentos e tecnologias. Estas unidades m\u00f3veis actuam como consult\u00f3rios itenerantes.","og_url":"https:\/\/medilogics.pt\/home\/unidades-moveis\/","og_site_name":"MEDILOGICS Servi\u00e7os M\u00e9dicos SA","article_publisher":"https:\/\/www.facebook.com\/medilogicssa\/","article_modified_time":"2017-11-30T11:52:42+00:00","og_image":[{"url":"https:\/\/medilogics.pt\/home\/wp-content\/uploads\/2017\/08\/single_article_um.png"}],"twitter_card":"summary","twitter_site":"@medilogics","twitter_misc":{"Tempo estimado de leitura":"1 minuto"},"schema":{"@context":"https:\/\/schema.org","@graph":[{"@type":"WebPage","@id":"https:\/\/medilogics.pt\/home\/unidades-moveis\/","url":"https:\/\/medilogics.pt\/home\/unidades-moveis\/","name":"Unidades M\u00f3veis | MEDILOGICS Servi\u00e7os M\u00e9dicos SA","isPartOf":{"@id":"https:\/\/medilogics.pt\/home\/#website"},"datePublished":"2017-08-24T14:53:24+00:00","dateModified":"2017-11-30T11:52:42+00:00","description":"Unidades M\u00f3veis de Sa\u00fade dotadas dos mais avan\u00e7ados equipamentos e tecnologias. Estas unidades m\u00f3veis actuam como consult\u00f3rios itenerantes.","breadcrumb":{"@id":"https:\/\/medilogics.pt\/home\/unidades-moveis\/#breadcrumb"},"inLanguage":"pt-PT","potentialAction":[{"@type":"ReadAction","target":["https:\/\/medilogics.pt\/home\/unidades-moveis\/"]}]},{"@type":"BreadcrumbList","@id":"https:\/\/medilogics.pt\/home\/unidades-moveis\/#breadcrumb","itemListElement":[{"@type":"ListItem","position":1,"name":"In\u00edcio","item":"https:\/\/medilogics.pt\/home\/"},{"@type":"ListItem","position":2,"name":"Unidades M\u00f3veis"}]},{"@type":"WebSite","@id":"https:\/\/medilogics.pt\/home\/#website","url":"https:\/\/medilogics.pt\/home\/","name":"MEDILOGICS Servi\u00e7os M\u00e9dicos SA","description":"Seguran\u00e7a e Sa\u00fade no Trabalho","publisher":{"@id":"https:\/\/medilogics.pt\/home\/#organization"},"potentialAction":[{"@type":"SearchAction","target":{"@type":"EntryPoint","urlTemplate":"https:\/\/medilogics.pt\/home\/?s={search_term_string}"},"query-input":"required name=search_term_string"}],"inLanguage":"pt-PT"},{"@type":"Organization","@id":"https:\/\/medilogics.pt\/home\/#organization","name":"Medilogics Servicos Medicos SA","url":"https:\/\/medilogics.pt\/home\/","sameAs":["https:\/\/www.instagram.com\/medilogics\/","https:\/\/www.linkedin.com\/company\/medilogics","https:\/\/www.youtube.com\/c\/MedilogicsPtsa","https:\/\/www.facebook.com\/medilogicssa\/","https:\/\/twitter.com\/medilogics"],"logo":{"@type":"ImageObject","inLanguage":"pt-PT","@id":"https:\/\/medilogics.pt\/home\/#\/schema\/logo\/image\/","url":"https:\/\/i1.wp.com\/medilogics.pt\/home\/wp-content\/uploads\/2017\/10\/logotipo_empsaud_medilogics_medio.jpg?fit=500%2C175&ssl=1","contentUrl":"https:\/\/i1.wp.com\/medilogics.pt\/home\/wp-content\/uploads\/2017\/10\/logotipo_empsaud_medilogics_medio.jpg?fit=500%2C175&ssl=1","width":500,"height":175,"caption":"Medilogics Servicos Medicos SA"},"image":{"@id":"https:\/\/medilogics.pt\/home\/#\/schema\/logo\/image\/"}}]}},"jetpack_sharing_enabled":true,"jetpack_shortlink":"https:\/\/wp.me\/P9hLDY-1U","jetpack_likes_enabled":true,"jetpack-related-posts":[{"id":75,"url":"https:\/\/medilogics.pt\/home\/unidades-moveis-fp\/","url_meta":{"origin":118,"position":0},"title":"Unidades M\u00f3veis","date":"Agosto 24, 2017","format":false,"excerpt":"Unidades M\u00f3veis para uma presta\u00e7\u00e3o de servi\u00e7os cont\u00ednua e eficaz. Como forma de garantir uma presta\u00e7\u00e3o de servi\u00e7os cont\u00ednua e eficaz, mesmo fora do raio de ac\u00e7\u00e3o das nossas cl\u00ednicas. A Medilogics possui modernas Unidades M\u00f3veis de Sa\u00fade dotadas dos mais avan\u00e7ados equipamentos e tecnologias nesta \u00e1rea de actividade. Com\u2026","rel":"","context":"Similar post","img":{"alt_text":"","src":"https:\/\/i0.wp.com\/medilogics.pt\/home\/wp-content\/uploads\/2021\/04\/UM_v1.2.jpg?fit=1200%2C600&ssl=1&resize=350%2C200","width":350,"height":200},"classes":[]},{"id":8,"url":"https:\/\/medilogics.pt\/home\/sobre\/","url_meta":{"origin":118,"position":1},"title":"Sobre n\u00f3s","date":"Agosto 23, 2017","format":false,"excerpt":"Bem vindo \u00e0 Medilogics. Somos uma empresa que presta Servi\u00e7os na \u00e1rea da Seguran\u00e7a e Sa\u00fade no Trabalho. Desde 2003, com um servi\u00e7o de seguran\u00e7a e sa\u00fade no trabalho diferenciado e de qualidade. Sendo estes atributos reconhecidos pelos seus clientes. Autorizada pela Autoridade para as Condi\u00e7\u00f5es do Trabalho (ACT) e\u2026","rel":"","context":"Similar post","img":{"alt_text":"","src":"https:\/\/i0.wp.com\/medilogics.pt\/home\/wp-content\/uploads\/2017\/08\/sobre_nos_piramide.png?resize=350%2C200&ssl=1","width":350,"height":200},"classes":[]},{"id":135,"url":"https:\/\/medilogics.pt\/home\/contactos\/","url_meta":{"origin":118,"position":2},"title":"Contactos","date":"Agosto 24, 2017","format":false,"excerpt":"Estamos \u00e0 sua disposi\u00e7\u00e3o para qualquer esclarecimento ou quest\u00e3o que possa querer colocar atrav\u00e9s dos nossos contactos em v\u00e1rios canais. Endere\u00e7o Rua da Paz, 66 4050-461 Porto Hor\u00e1rio Segunda \u2013 sexta: 09:00\u201313:00 e das 14:00-19:00 Telefone \/ Fax 225 433 700 \/ 226 099 065 (chamada da rede fixa nacional)\u2026","rel":"","context":"Similar post","img":{"alt_text":"","src":"","width":0,"height":0},"classes":[]},{"id":940,"url":"https:\/\/medilogics.pt\/home\/politica-protecao-dados\/","url_meta":{"origin":118,"position":3},"title":"Politica de Prote\u00e7\u00e3o de dados pessoais","date":"Abril 24, 2018","format":false,"excerpt":"1. DADOS PESSOAIS 1.1. A entidade respons\u00e1vel pelo tratamento dos dados pessoais \u00e9 a MEDILOGICS Servi\u00e7os M\u00e9dicos SA. 1.2. A MEDILOGICS designou um encarregado da prote\u00e7\u00e3o de dados que poder\u00e1 ser diretamente contactado atrav\u00e9s de carta enviada para MEDILOGICS - DPO, Rua da Paz, 66, 4050-461 Porto ou do endere\u00e7o\u2026","rel":"","context":"Similar post","img":{"alt_text":"","src":"","width":0,"height":0},"classes":[]},{"id":96,"url":"https:\/\/medilogics.pt\/home\/politica-de-utilizacao\/","url_meta":{"origin":118,"position":4},"title":"Pol\u00edtica de Utiliza\u00e7\u00e3o do S\u00edtio e \u00c1rea de Cliente","date":"Agosto 24, 2017","format":false,"excerpt":"1. Objecto e \u00c2mbito de Aplica\u00e7\u00e3o 1.1. Este documento (\u201cPol\u00edtica de Utiliza\u00e7\u00e3o\u201d) define, em conjunto com a Pol\u00edtica de Privacidade e Cookies do Portal e a Pol\u00edtica de Prote\u00e7\u00e3o de Dados Pessoais, as regras gerais de utiliza\u00e7\u00e3o dos websites www.MEDILOGICS.pt, www.BIOCHECK.pt e www.NVIDAS.pt, dos seus canais e servi\u00e7os (no seu\u2026","rel":"","context":"Similar post","img":{"alt_text":"","src":"","width":0,"height":0},"classes":[]},{"id":7,"url":"https:\/\/medilogics.pt\/home\/","url_meta":{"origin":118,"position":5},"title":"Seguran\u00e7a e Sa\u00fade no Trabalho","date":"Agosto 23, 2017","format":false,"excerpt":"Bem vindo \u00e0 Medilogics. Somos uma empresa que presta servi\u00e7os na \u00e1rea da Seguran\u00e7a e Sa\u00fade no Trabalho. Desde 2003, com um servi\u00e7o diferenciado e de qualidade, sendo estes atributos reconhecidos pelos clientes. Estamos autorizados pela Autoridade para as Condi\u00e7\u00f5es do Trabalho (ACT) e Dire\u00e7\u00e3o Geral de Sa\u00fade (DGS) em\u2026","rel":"","context":"Similar post","img":{"alt_text":"ACT","src":"https:\/\/i0.wp.com\/medilogics.pt\/home\/wp-content\/uploads\/2018\/03\/act.png?resize=350%2C200&ssl=1","width":350,"height":200},"classes":[]}],"amp_enabled":true,"_links":{"self":[{"href":"https:\/\/medilogics.pt\/home\/wp-json\/wp\/v2\/pages\/118"}],"collection":[{"href":"https:\/\/medilogics.pt\/home\/wp-json\/wp\/v2\/pages"}],"about":[{"href":"https:\/\/medilogics.pt\/home\/wp-json\/wp\/v2\/types\/page"}],"author":[{"embeddable":true,"href":"https:\/\/medilogics.pt\/home\/wp-json\/wp\/v2\/users\/1"}],"replies":[{"embeddable":true,"href":"https:\/\/medilogics.pt\/home\/wp-json\/wp\/v2\/comments?post=118"}],"version-history":[{"count":7,"href":"https:\/\/medilogics.pt\/home\/wp-json\/wp\/v2\/pages\/118\/revisions"}],"predecessor-version":[{"id":795,"href":"https:\/\/medilogics.pt\/home\/wp-json\/wp\/v2\/pages\/118\/revisions\/795"}],"wp:attachment":[{"href":"https:\/\/medilogics.pt\/home\/wp-json\/wp\/v2\/media?parent=118"}],"curies":[{"name":"wp","href":"https:\/\/api.w.org\/{rel}","templated":true}]}}