{"id":1644,"date":"2018-06-01T12:06:55","date_gmt":"2018-06-01T11:06:55","guid":{"rendered":"https:\/\/medilogics.pt\/home\/?page_id=1644"},"modified":"2024-08-28T11:59:03","modified_gmt":"2024-08-28T10:59:03","slug":"privacidade","status":"publish","type":"page","link":"https:\/\/medilogics.pt\/home\/privacidade\/","title":{"rendered":"Politica de Privacidade"},"content":{"rendered":"<h3>DURANTE QUANTO TEMPO CONSERVAMOS A SUA INFORMA\u00c7\u00c3O?<\/h3>\n<p>A nossa pol\u00edtica consiste na conserva\u00e7\u00e3o de dados apenas durante o per\u00edodo necess\u00e1rio para a observ\u00e2ncia dos prop\u00f3sitos para os quais estes foram recolhidos. No entanto, em determinados casos\u00a0 poderemos conservar os dados durante per\u00edodos mais longos, nomeadamente quando a Lei assim o impuser.<\/p>\n<h3>QUAIS S\u00c3O OS MEUS DIREITOS?<\/h3>\n<p>A qualquer momento, poder\u00e1:<\/p>\n<ol>\n<li>Solicitar o acesso \u00e0 informa\u00e7\u00e3o que mantemos sobre si. Como titular dos dados pessoais, tem o direito a obter a confirma\u00e7\u00e3o de que os dados que lhe digam respeito s\u00e3o ou n\u00e3o objeto de tratamento e, se for o caso, de aceder aos seus dados pessoais e aceder \u00e0s\u00a0 informa\u00e7\u00f5es previstas na lei.<\/li>\n<li>Solicitar a retifica\u00e7\u00e3o da informa\u00e7\u00e3o caso esteja inexata ou incompleta. Como titular dos dados pessoais, tem o direito a que MEDILOGICS, sem demora injustificada, retifique os dados inexatos ou incompletos que lhe digam respeito.<\/li>\n<li>Solicitar o apagamento dos seus dados pessoais.<br \/>\nEnquanto titular dos dados pessoais, tem o direito de solicitar a MEDILOGICS\u00a0 o apagamento dos seus dados, sem demora injustificada, e esta tem a obriga\u00e7\u00e3o de apagar os dados pessoais, sem demora injustificada, quando se\u00a0 aplique, designadamente, um dos seguintes motivos:a) Os dados pessoais deixaram de ser necess\u00e1rios para a finalidade que motivou a sua recolha ou tratamento;<br \/>\nb) Retirou o seu consentimento para o tratamento de dados (nos casos em que o tratamento \u00e9 baseado no consentimento) e n\u00e3o existir outro fundamento para o referido tratamento;<br \/>\nc) Op\u00f5e-se ao tratamento e n\u00e3o existem interesses leg\u00edtimos prevalecentes\u00a0 que justifiquem o tratamento.<\/li>\n<li>Solicitar a limita\u00e7\u00e3o do tratamento dos seus dados pessoais. Enquanto titular dos dados tem o direito de obter de solicitar a MEDILOGICS a limita\u00e7\u00e3o do tratamento dos seus dados se se aplicar, designadamente, uma das seguintes situa\u00e7\u00f5es:<br \/>\na) Contestar a exatid\u00e3o dos dados pessoais, durante um per\u00edodo que permita a MEDILOGICS verificar a sua exatid\u00e3o;<br \/>\nb) O tratamento de dados for l\u00edcito e o titular dos dados se opuser ao apagamento dos dados pessoais e solicitar, em contrapartida,<br \/>\na limita\u00e7\u00e3o da sua utiliza\u00e7\u00e3o;<br \/>\nc) MEDILOGICS j\u00e1 n\u00e3o precisar dos dados pessoais para fins de tratamento, mas esses dados s\u00e3o requeridos pelo titular para efeitos de<br \/>\ndeclara\u00e7\u00e3o, exerc\u00edcio ou defesa de um direito num processo judicial;<br \/>\nd) Se tiver oposto ao tratamento, at\u00e9 se verificar que os motivos leg\u00edtimos do respons\u00e1vel pelo tratamento prevalecem sobre os do titular dos dados.<\/li>\n<li>Opor-se ao tratamento dos seus dados pessoais.<br \/>\nNos casos em que o tratamento de dados for efetuado para efeito dos interesses leg\u00edtimos prosseguidos por MEDILOGICS; ou 2) o tratamento de dados for efetuado para efeitos de marketing direto ou 3) defini\u00e7\u00e3o de perfis, pode ainda, a qualquer altura, opor-se ao tratamento dos seus dados pessoais.<\/li>\n<li>Se o tratamento depender do seu consentimento, tem direito a retir\u00e1-lo.<br \/>\nSe o consentimento for legalmente necess\u00e1rio para o tratamento de dados pessoais o titular dos dados tem o direito de retirar consentimento em qualquer altura, embora esse direito n\u00e3o comprometa a licitude do tratamento efetuado com base no consentimento previamente dado nem o tratamento posterior dos mesmos dados, baseado noutra base legal, como \u00e9 o caso do cumprimento do contrato ou da obriga\u00e7\u00e3o legal a que MEDILOGICS esteja sujeita.<\/li>\n<li>Utiliza\u00e7\u00e3o de Cookies<br \/>\nUsamos tecnologias como&#8221; cookies &#8221; para registar informa\u00e7\u00f5es de sess\u00e3o, recolher visitas e aceder a detalhes da nossa p\u00e1gina da web que nos permite continuar a melhorar os nossos servi\u00e7os e fornecer melhores e mais \u00fateis recursos aos usu\u00e1rios\/ visitantes do nosso site.<br \/>\nOs cookies s\u00e3o pe\u00e7as de informa\u00e7\u00e3o que s\u00e3o normalmente utilizadas por muitos sites para fins de manuten\u00e7\u00e3o de registos que podem ajudar a recordar, por exemplo, as suas prefer\u00eancias. Um cookie, por si s\u00f3, n\u00e3o identifica pessoalmente nenhum usu\u00e1rio\/visitante.<br \/>\nCaso pretenda, poder\u00e1 descativar todos os cookies. Tamb\u00e9m pode fazer com que o seu computador o avise da utiliza\u00e7\u00e3o de cookies. Em ambos os casos, tem de ajustar as defini\u00e7\u00f5es do seu navegador.<\/li>\n<li>Liga\u00e7\u00f5es de terceiros<br \/>\nNote, por favor, que apesar de se encontrar num website operado por n\u00f3s, poder\u00e1 tamb\u00e9m ser remetido para links para websites de terceiros. Estes sites de terceiros t\u00eam pol\u00edticas de privacidade separadas e independentes. Estas pol\u00edticas n\u00e3o s\u00e3o geridas nem controladas pela MEDILOGICS, pelo que n\u00e3o assumimos qualquer responsabilidade pelo conte\u00fado e atividades desses websites. No entanto, procuramos proteger a integridade do nosso site e das nossas plataformas e agradecemos que nos contacte caso queira dar-nos o seu feedback sobre os mesmos. Recomendamos, igualmente, que leia atentamente os termos e condi\u00e7\u00f5es e as pol\u00edticas de privacidade desses sites antes de submeter qualquer informa\u00e7\u00e3o ou dados pessoais.<\/li>\n<\/ol>\n<p>Caso pretenda exercer qualquer um dos seus direitos, dever\u00e1 contactar-nos, por escrito, atrav\u00e9s do e-mail <a href=\"mailto:dpo@medilogics.pt\">dpo@medilogics.pt\u00a0<\/a>ou de carta, enviado para a morada Rua da Paz n.\u00ba 66, Sala 7, 4040 &#8211; 461 Porto.<\/p>\n<p>Os seus pedidos ser\u00e3o tratados com especial cuidado de forma a que possamos assegurar a efic\u00e1cia dos seus direitos.<\/p>\n<p>Poder\u00e1 ser-lhe pedido que fa\u00e7a prova da sua identidade de modo a assegurar que a partilha dos dados pessoais \u00e9 apenas feita com o seu titular.<\/p>\n<p>Deve ter presente que em certos casos (por exemplo, devido a requisitos legais) o seu pedido n\u00e3o poder\u00e1 ser imediatamente satisfeito.<\/p>\n","protected":false},"excerpt":{"rendered":"<p>DURANTE QUANTO TEMPO CONSERVAMOS A SUA INFORMA\u00c7\u00c3O? A nossa pol\u00edtica consiste na conserva\u00e7\u00e3o de dados apenas durante o per\u00edodo necess\u00e1rio para a observ\u00e2ncia dos prop\u00f3sitos para os quais estes foram recolhidos. No entanto, em determinados casos\u00a0 poderemos conservar os dados durante per\u00edodos mais longos, nomeadamente quando a Lei assim o impuser. QUAIS S\u00c3O OS MEUS &hellip; <\/p>\n<p class=\"link-more\"><a href=\"https:\/\/medilogics.pt\/home\/privacidade\/\" class=\"more-link\">Continuar a ler <span class=\"screen-reader-text\">&#8220;Politica de Privacidade&#8221;<\/span><\/a><\/p>\n","protected":false},"author":1,"featured_media":0,"parent":0,"menu_order":0,"comment_status":"closed","ping_status":"closed","template":"","meta":{"_links_to":"","_links_to_target":""},"yoast_head":"<!-- This site is optimized with the Yoast SEO plugin v19.5.1 - https:\/\/yoast.com\/wordpress\/plugins\/seo\/ -->\n<title>Politica de Privacidade | MEDILOGICS Servi\u00e7os M\u00e9dicos SA<\/title>\n<meta name=\"robots\" content=\"index, follow, max-snippet:-1, max-image-preview:large, max-video-preview:-1\" \/>\n<link rel=\"canonical\" href=\"https:\/\/medilogics.pt\/home\/privacidade\/\" \/>\n<meta property=\"og:locale\" content=\"pt_PT\" \/>\n<meta property=\"og:type\" content=\"article\" \/>\n<meta property=\"og:title\" content=\"Politica de Privacidade | MEDILOGICS Servi\u00e7os M\u00e9dicos SA\" \/>\n<meta property=\"og:description\" content=\"DURANTE QUANTO TEMPO CONSERVAMOS A SUA INFORMA\u00c7\u00c3O? A nossa pol\u00edtica consiste na conserva\u00e7\u00e3o de dados apenas durante o per\u00edodo necess\u00e1rio para a observ\u00e2ncia dos prop\u00f3sitos para os quais estes foram recolhidos. No entanto, em determinados casos\u00a0 poderemos conservar os dados durante per\u00edodos mais longos, nomeadamente quando a Lei assim o impuser. QUAIS S\u00c3O OS MEUS &hellip; Continuar a ler &quot;Politica de Privacidade&quot;\" \/>\n<meta property=\"og:url\" content=\"https:\/\/medilogics.pt\/home\/privacidade\/\" \/>\n<meta property=\"og:site_name\" content=\"MEDILOGICS Servi\u00e7os M\u00e9dicos SA\" \/>\n<meta property=\"article:publisher\" content=\"https:\/\/www.facebook.com\/medilogicssa\/\" \/>\n<meta property=\"article:modified_time\" content=\"2024-08-28T10:59:03+00:00\" \/>\n<meta name=\"twitter:card\" content=\"summary\" \/>\n<meta name=\"twitter:site\" content=\"@medilogics\" \/>\n<meta name=\"twitter:label1\" content=\"Tempo estimado de leitura\" \/>\n\t<meta name=\"twitter:data1\" content=\"5 minutos\" \/>\n<script type=\"application\/ld+json\" class=\"yoast-schema-graph\">{\"@context\":\"https:\/\/schema.org\",\"@graph\":[{\"@type\":\"WebPage\",\"@id\":\"https:\/\/medilogics.pt\/home\/privacidade\/\",\"url\":\"https:\/\/medilogics.pt\/home\/privacidade\/\",\"name\":\"Politica de Privacidade | MEDILOGICS Servi\u00e7os M\u00e9dicos SA\",\"isPartOf\":{\"@id\":\"https:\/\/medilogics.pt\/home\/#website\"},\"datePublished\":\"2018-06-01T11:06:55+00:00\",\"dateModified\":\"2024-08-28T10:59:03+00:00\",\"breadcrumb\":{\"@id\":\"https:\/\/medilogics.pt\/home\/privacidade\/#breadcrumb\"},\"inLanguage\":\"pt-PT\",\"potentialAction\":[{\"@type\":\"ReadAction\",\"target\":[\"https:\/\/medilogics.pt\/home\/privacidade\/\"]}]},{\"@type\":\"BreadcrumbList\",\"@id\":\"https:\/\/medilogics.pt\/home\/privacidade\/#breadcrumb\",\"itemListElement\":[{\"@type\":\"ListItem\",\"position\":1,\"name\":\"In\u00edcio\",\"item\":\"https:\/\/medilogics.pt\/home\/\"},{\"@type\":\"ListItem\",\"position\":2,\"name\":\"Politica de Privacidade\"}]},{\"@type\":\"WebSite\",\"@id\":\"https:\/\/medilogics.pt\/home\/#website\",\"url\":\"https:\/\/medilogics.pt\/home\/\",\"name\":\"MEDILOGICS Servi\u00e7os M\u00e9dicos SA\",\"description\":\"Seguran\u00e7a e Sa\u00fade no Trabalho\",\"publisher\":{\"@id\":\"https:\/\/medilogics.pt\/home\/#organization\"},\"potentialAction\":[{\"@type\":\"SearchAction\",\"target\":{\"@type\":\"EntryPoint\",\"urlTemplate\":\"https:\/\/medilogics.pt\/home\/?s={search_term_string}\"},\"query-input\":\"required name=search_term_string\"}],\"inLanguage\":\"pt-PT\"},{\"@type\":\"Organization\",\"@id\":\"https:\/\/medilogics.pt\/home\/#organization\",\"name\":\"Medilogics Servicos Medicos SA\",\"url\":\"https:\/\/medilogics.pt\/home\/\",\"sameAs\":[\"https:\/\/www.instagram.com\/medilogics\/\",\"https:\/\/www.linkedin.com\/company\/medilogics\",\"https:\/\/www.youtube.com\/c\/MedilogicsPtsa\",\"https:\/\/www.facebook.com\/medilogicssa\/\",\"https:\/\/twitter.com\/medilogics\"],\"logo\":{\"@type\":\"ImageObject\",\"inLanguage\":\"pt-PT\",\"@id\":\"https:\/\/medilogics.pt\/home\/#\/schema\/logo\/image\/\",\"url\":\"https:\/\/i1.wp.com\/medilogics.pt\/home\/wp-content\/uploads\/2017\/10\/logotipo_empsaud_medilogics_medio.jpg?fit=500%2C175&ssl=1\",\"contentUrl\":\"https:\/\/i1.wp.com\/medilogics.pt\/home\/wp-content\/uploads\/2017\/10\/logotipo_empsaud_medilogics_medio.jpg?fit=500%2C175&ssl=1\",\"width\":500,\"height\":175,\"caption\":\"Medilogics Servicos Medicos SA\"},\"image\":{\"@id\":\"https:\/\/medilogics.pt\/home\/#\/schema\/logo\/image\/\"}}]}<\/script>\n<!-- \/ Yoast SEO plugin. -->","yoast_head_json":{"title":"Politica de Privacidade | MEDILOGICS Servi\u00e7os M\u00e9dicos SA","robots":{"index":"index","follow":"follow","max-snippet":"max-snippet:-1","max-image-preview":"max-image-preview:large","max-video-preview":"max-video-preview:-1"},"canonical":"https:\/\/medilogics.pt\/home\/privacidade\/","og_locale":"pt_PT","og_type":"article","og_title":"Politica de Privacidade | MEDILOGICS Servi\u00e7os M\u00e9dicos SA","og_description":"DURANTE QUANTO TEMPO CONSERVAMOS A SUA INFORMA\u00c7\u00c3O? A nossa pol\u00edtica consiste na conserva\u00e7\u00e3o de dados apenas durante o per\u00edodo necess\u00e1rio para a observ\u00e2ncia dos prop\u00f3sitos para os quais estes foram recolhidos. No entanto, em determinados casos\u00a0 poderemos conservar os dados durante per\u00edodos mais longos, nomeadamente quando a Lei assim o impuser. QUAIS S\u00c3O OS MEUS &hellip; Continuar a ler \"Politica de Privacidade\"","og_url":"https:\/\/medilogics.pt\/home\/privacidade\/","og_site_name":"MEDILOGICS Servi\u00e7os M\u00e9dicos SA","article_publisher":"https:\/\/www.facebook.com\/medilogicssa\/","article_modified_time":"2024-08-28T10:59:03+00:00","twitter_card":"summary","twitter_site":"@medilogics","twitter_misc":{"Tempo estimado de leitura":"5 minutos"},"schema":{"@context":"https:\/\/schema.org","@graph":[{"@type":"WebPage","@id":"https:\/\/medilogics.pt\/home\/privacidade\/","url":"https:\/\/medilogics.pt\/home\/privacidade\/","name":"Politica de Privacidade | MEDILOGICS Servi\u00e7os M\u00e9dicos SA","isPartOf":{"@id":"https:\/\/medilogics.pt\/home\/#website"},"datePublished":"2018-06-01T11:06:55+00:00","dateModified":"2024-08-28T10:59:03+00:00","breadcrumb":{"@id":"https:\/\/medilogics.pt\/home\/privacidade\/#breadcrumb"},"inLanguage":"pt-PT","potentialAction":[{"@type":"ReadAction","target":["https:\/\/medilogics.pt\/home\/privacidade\/"]}]},{"@type":"BreadcrumbList","@id":"https:\/\/medilogics.pt\/home\/privacidade\/#breadcrumb","itemListElement":[{"@type":"ListItem","position":1,"name":"In\u00edcio","item":"https:\/\/medilogics.pt\/home\/"},{"@type":"ListItem","position":2,"name":"Politica de Privacidade"}]},{"@type":"WebSite","@id":"https:\/\/medilogics.pt\/home\/#website","url":"https:\/\/medilogics.pt\/home\/","name":"MEDILOGICS Servi\u00e7os M\u00e9dicos SA","description":"Seguran\u00e7a e Sa\u00fade no Trabalho","publisher":{"@id":"https:\/\/medilogics.pt\/home\/#organization"},"potentialAction":[{"@type":"SearchAction","target":{"@type":"EntryPoint","urlTemplate":"https:\/\/medilogics.pt\/home\/?s={search_term_string}"},"query-input":"required name=search_term_string"}],"inLanguage":"pt-PT"},{"@type":"Organization","@id":"https:\/\/medilogics.pt\/home\/#organization","name":"Medilogics Servicos Medicos SA","url":"https:\/\/medilogics.pt\/home\/","sameAs":["https:\/\/www.instagram.com\/medilogics\/","https:\/\/www.linkedin.com\/company\/medilogics","https:\/\/www.youtube.com\/c\/MedilogicsPtsa","https:\/\/www.facebook.com\/medilogicssa\/","https:\/\/twitter.com\/medilogics"],"logo":{"@type":"ImageObject","inLanguage":"pt-PT","@id":"https:\/\/medilogics.pt\/home\/#\/schema\/logo\/image\/","url":"https:\/\/i1.wp.com\/medilogics.pt\/home\/wp-content\/uploads\/2017\/10\/logotipo_empsaud_medilogics_medio.jpg?fit=500%2C175&ssl=1","contentUrl":"https:\/\/i1.wp.com\/medilogics.pt\/home\/wp-content\/uploads\/2017\/10\/logotipo_empsaud_medilogics_medio.jpg?fit=500%2C175&ssl=1","width":500,"height":175,"caption":"Medilogics Servicos Medicos SA"},"image":{"@id":"https:\/\/medilogics.pt\/home\/#\/schema\/logo\/image\/"}}]}},"jetpack_sharing_enabled":true,"jetpack_shortlink":"https:\/\/wp.me\/P9hLDY-qw","jetpack_likes_enabled":true,"jetpack-related-posts":[{"id":940,"url":"https:\/\/medilogics.pt\/home\/politica-protecao-dados\/","url_meta":{"origin":1644,"position":0},"title":"Politica de Prote\u00e7\u00e3o de dados pessoais","date":"Abril 24, 2018","format":false,"excerpt":"1. DADOS PESSOAIS 1.1. A entidade respons\u00e1vel pelo tratamento dos dados pessoais \u00e9 a MEDILOGICS Servi\u00e7os M\u00e9dicos SA. 1.2. A MEDILOGICS designou um encarregado da prote\u00e7\u00e3o de dados que poder\u00e1 ser diretamente contactado atrav\u00e9s de carta enviada para MEDILOGICS - DPO, Rua da Paz, 66, 4050-461 Porto ou do endere\u00e7o\u2026","rel":"","context":"Similar post","img":{"alt_text":"","src":"","width":0,"height":0},"classes":[]},{"id":94,"url":"https:\/\/medilogics.pt\/home\/cookies\/","url_meta":{"origin":1644,"position":1},"title":"Politica de Privacidade e Cookies","date":"Agosto 24, 2017","format":false,"excerpt":"O grupo MEDILOGICS SGPS utiliza cookies nos portais da MEDILOGICS SA, BIOCHECK LDA. e NVIDAS LDA. A partir do dia 17-05-2018 os cookies est\u00e3o por defeito desactivados. Ajude-nos a melhorar os websites e ative-os em defini\u00e7\u00f5es. Caso os ative estar\u00e1 a aceitar a presente pol\u00edtica e a consequente utiliza\u00e7\u00e3o de\u2026","rel":"","context":"In &quot;Geral&quot;","img":{"alt_text":"","src":"","width":0,"height":0},"classes":[]},{"id":96,"url":"https:\/\/medilogics.pt\/home\/politica-de-utilizacao\/","url_meta":{"origin":1644,"position":2},"title":"Pol\u00edtica de Utiliza\u00e7\u00e3o do S\u00edtio e \u00c1rea de Cliente","date":"Agosto 24, 2017","format":false,"excerpt":"1. Objecto e \u00c2mbito de Aplica\u00e7\u00e3o 1.1. Este documento (\u201cPol\u00edtica de Utiliza\u00e7\u00e3o\u201d) define, em conjunto com a Pol\u00edtica de Privacidade e Cookies do Portal e a Pol\u00edtica de Prote\u00e7\u00e3o de Dados Pessoais, as regras gerais de utiliza\u00e7\u00e3o dos websites www.MEDILOGICS.pt, www.BIOCHECK.pt e www.NVIDAS.pt, dos seus canais e servi\u00e7os (no seu\u2026","rel":"","context":"Similar post","img":{"alt_text":"","src":"","width":0,"height":0},"classes":[]},{"id":135,"url":"https:\/\/medilogics.pt\/home\/contactos\/","url_meta":{"origin":1644,"position":3},"title":"Contactos","date":"Agosto 24, 2017","format":false,"excerpt":"Estamos \u00e0 sua disposi\u00e7\u00e3o para qualquer esclarecimento ou quest\u00e3o que possa querer colocar atrav\u00e9s dos nossos contactos em v\u00e1rios canais. Endere\u00e7o Rua da Paz, 66 4050-461 Porto Hor\u00e1rio Segunda \u2013 sexta: 09:00\u201313:00 e das 14:00-19:00 Telefone \/ Fax 225 433 700 \/ 226 099 065 (chamada da rede fixa nacional)\u2026","rel":"","context":"Similar post","img":{"alt_text":"","src":"","width":0,"height":0},"classes":[]},{"id":625,"url":"https:\/\/medilogics.pt\/home\/marcacao-consulta-online\/","url_meta":{"origin":1644,"position":4},"title":"Marca\u00e7\u00e3o de Consulta Online","date":"Outubro 26, 2017","format":false,"excerpt":"Solicite aqui a marca\u00e7\u00e3o da sua consulta na cl\u00ednica Medilogics no Porto. Antes de preencher o formul\u00e1rio leia a nossa Pol\u00edtica de Utiliza\u00e7\u00e3o do S\u00edtio e \u00c1rea de Cliente , Pol\u00edtica de Privacidade e Pol\u00edtica de Prote\u00e7\u00e3o de Dados Pessoais (RGPD). Os seus dados pessoais contidos neste formul\u00e1rio, tais como\u2026","rel":"","context":"Similar post","img":{"alt_text":"","src":"","width":0,"height":0},"classes":[]},{"id":1493,"url":"https:\/\/medilogics.pt\/home\/parceiro\/","url_meta":{"origin":1644,"position":5},"title":"Consentimento e atualiza\u00e7\u00e3o de dados de parceiro","date":"Maio 17, 2018","format":false,"excerpt":"Antes de preencher o formul\u00e1rio leia a nossa Pol\u00edtica de Utiliza\u00e7\u00e3o do S\u00edtio e \u00c1rea de Cliente , Pol\u00edtica de Privacidade e Utiliza\u00e7\u00e3o de Cookies e Pol\u00edtica de Prote\u00e7\u00e3o de Dados Pessoais (RGPD). Os seus dados pessoais contidos neste formul\u00e1rio, tais como o seu nome, telefone e email, ser\u00e3o armazenados\u2026","rel":"","context":"Similar post","img":{"alt_text":"","src":"","width":0,"height":0},"classes":[]}],"amp_enabled":true,"_links":{"self":[{"href":"https:\/\/medilogics.pt\/home\/wp-json\/wp\/v2\/pages\/1644"}],"collection":[{"href":"https:\/\/medilogics.pt\/home\/wp-json\/wp\/v2\/pages"}],"about":[{"href":"https:\/\/medilogics.pt\/home\/wp-json\/wp\/v2\/types\/page"}],"author":[{"embeddable":true,"href":"https:\/\/medilogics.pt\/home\/wp-json\/wp\/v2\/users\/1"}],"replies":[{"embeddable":true,"href":"https:\/\/medilogics.pt\/home\/wp-json\/wp\/v2\/comments?post=1644"}],"version-history":[{"count":5,"href":"https:\/\/medilogics.pt\/home\/wp-json\/wp\/v2\/pages\/1644\/revisions"}],"predecessor-version":[{"id":5736,"href":"https:\/\/medilogics.pt\/home\/wp-json\/wp\/v2\/pages\/1644\/revisions\/5736"}],"wp:attachment":[{"href":"https:\/\/medilogics.pt\/home\/wp-json\/wp\/v2\/media?parent=1644"}],"curies":[{"name":"wp","href":"https:\/\/api.w.org\/{rel}","templated":true}]}}