{"id":2583,"date":"2020-03-14T22:41:25","date_gmt":"2020-03-14T21:41:25","guid":{"rendered":"https:\/\/medilogics.pt\/home\/?page_id=2583"},"modified":"2020-03-15T17:07:46","modified_gmt":"2020-03-15T16:07:46","slug":"e-reuniao","status":"publish","type":"page","link":"https:\/\/medilogics.pt\/home\/e-reuniao\/","title":{"rendered":"e-reuni\u00e3o"},"content":{"rendered":"\n<a href=\"skype:live:.cid.bdb9a59f9dbff6b8?call\"><img data-attachment-id=\"2576\" data-permalink=\"https:\/\/medilogics.pt\/home\/e-consultorio\/kit_sq_150dpi_e-consulta\/\" data-orig-file=\"https:\/\/i0.wp.com\/medilogics.pt\/home\/wp-content\/uploads\/2020\/03\/KIT_SQ_150dpi_E-CONSULTA.png?fit=600%2C600&amp;ssl=1\" data-orig-size=\"600,600\" data-comments-opened=\"1\" data-image-meta=\"{&quot;aperture&quot;:&quot;0&quot;,&quot;credit&quot;:&quot;&quot;,&quot;camera&quot;:&quot;&quot;,&quot;caption&quot;:&quot;&quot;,&quot;created_timestamp&quot;:&quot;0&quot;,&quot;copyright&quot;:&quot;&quot;,&quot;focal_length&quot;:&quot;0&quot;,&quot;iso&quot;:&quot;0&quot;,&quot;shutter_speed&quot;:&quot;0&quot;,&quot;title&quot;:&quot;&quot;,&quot;orientation&quot;:&quot;0&quot;}\" data-image-title=\"KIT_SQ_150dpi_E-CONSULTA\" data-image-description=\"\" data-image-caption=\"\" data-medium-file=\"https:\/\/i0.wp.com\/medilogics.pt\/home\/wp-content\/uploads\/2020\/03\/KIT_SQ_150dpi_E-CONSULTA.png?fit=300%2C300&amp;ssl=1\" data-large-file=\"https:\/\/i0.wp.com\/medilogics.pt\/home\/wp-content\/uploads\/2020\/03\/KIT_SQ_150dpi_E-CONSULTA.png?fit=525%2C525&amp;ssl=1\" loading=\"lazy\" src=\"https:\/\/i0.wp.com\/medilogics.pt\/home\/wp-content\/uploads\/2020\/03\/KIT_SQ_150dpi_E-REUNIAO_skype2.png?resize=300%2C300&#038;ssl=1\" alt=\"\" class=\"wp-image-2576\" width=\"300\" height=\"300\" data-recalc-dims=\"1\" \/><\/a>\n","protected":false},"excerpt":{"rendered":"","protected":false},"author":1,"featured_media":0,"parent":0,"menu_order":0,"comment_status":"closed","ping_status":"closed","template":"","meta":{"_links_to":"","_links_to_target":""},"yoast_head":"<!-- This site is optimized with the Yoast SEO plugin v19.5.1 - https:\/\/yoast.com\/wordpress\/plugins\/seo\/ -->\n<title>e-reuni\u00e3o | MEDILOGICS Servi\u00e7os M\u00e9dicos SA<\/title>\n<meta name=\"robots\" content=\"index, follow, max-snippet:-1, max-image-preview:large, max-video-preview:-1\" \/>\n<link rel=\"canonical\" href=\"https:\/\/medilogics.pt\/home\/e-reuniao\/\" \/>\n<meta property=\"og:locale\" content=\"pt_PT\" \/>\n<meta property=\"og:type\" content=\"article\" \/>\n<meta property=\"og:title\" content=\"e-reuni\u00e3o | MEDILOGICS Servi\u00e7os M\u00e9dicos SA\" \/>\n<meta property=\"og:url\" content=\"https:\/\/medilogics.pt\/home\/e-reuniao\/\" \/>\n<meta property=\"og:site_name\" content=\"MEDILOGICS Servi\u00e7os M\u00e9dicos SA\" \/>\n<meta property=\"article:publisher\" content=\"https:\/\/www.facebook.com\/medilogicssa\/\" \/>\n<meta property=\"article:modified_time\" content=\"2020-03-15T16:07:46+00:00\" \/>\n<meta property=\"og:image\" content=\"https:\/\/medilogics.pt\/home\/wp-content\/uploads\/2020\/03\/KIT_SQ_150dpi_E-REUNIAO_skype2.png\" \/>\n<meta name=\"twitter:card\" content=\"summary\" \/>\n<meta name=\"twitter:site\" content=\"@medilogics\" \/>\n<script type=\"application\/ld+json\" class=\"yoast-schema-graph\">{\"@context\":\"https:\/\/schema.org\",\"@graph\":[{\"@type\":\"WebPage\",\"@id\":\"https:\/\/medilogics.pt\/home\/e-reuniao\/\",\"url\":\"https:\/\/medilogics.pt\/home\/e-reuniao\/\",\"name\":\"e-reuni\u00e3o | MEDILOGICS Servi\u00e7os M\u00e9dicos SA\",\"isPartOf\":{\"@id\":\"https:\/\/medilogics.pt\/home\/#website\"},\"datePublished\":\"2020-03-14T21:41:25+00:00\",\"dateModified\":\"2020-03-15T16:07:46+00:00\",\"breadcrumb\":{\"@id\":\"https:\/\/medilogics.pt\/home\/e-reuniao\/#breadcrumb\"},\"inLanguage\":\"pt-PT\",\"potentialAction\":[{\"@type\":\"ReadAction\",\"target\":[\"https:\/\/medilogics.pt\/home\/e-reuniao\/\"]}]},{\"@type\":\"BreadcrumbList\",\"@id\":\"https:\/\/medilogics.pt\/home\/e-reuniao\/#breadcrumb\",\"itemListElement\":[{\"@type\":\"ListItem\",\"position\":1,\"name\":\"In\u00edcio\",\"item\":\"https:\/\/medilogics.pt\/home\/\"},{\"@type\":\"ListItem\",\"position\":2,\"name\":\"e-reuni\u00e3o\"}]},{\"@type\":\"WebSite\",\"@id\":\"https:\/\/medilogics.pt\/home\/#website\",\"url\":\"https:\/\/medilogics.pt\/home\/\",\"name\":\"MEDILOGICS Servi\u00e7os M\u00e9dicos SA\",\"description\":\"Seguran\u00e7a e Sa\u00fade no Trabalho\",\"publisher\":{\"@id\":\"https:\/\/medilogics.pt\/home\/#organization\"},\"potentialAction\":[{\"@type\":\"SearchAction\",\"target\":{\"@type\":\"EntryPoint\",\"urlTemplate\":\"https:\/\/medilogics.pt\/home\/?s={search_term_string}\"},\"query-input\":\"required name=search_term_string\"}],\"inLanguage\":\"pt-PT\"},{\"@type\":\"Organization\",\"@id\":\"https:\/\/medilogics.pt\/home\/#organization\",\"name\":\"Medilogics Servicos Medicos SA\",\"url\":\"https:\/\/medilogics.pt\/home\/\",\"sameAs\":[\"https:\/\/www.instagram.com\/medilogics\/\",\"https:\/\/www.linkedin.com\/company\/medilogics\",\"https:\/\/www.youtube.com\/c\/MedilogicsPtsa\",\"https:\/\/www.facebook.com\/medilogicssa\/\",\"https:\/\/twitter.com\/medilogics\"],\"logo\":{\"@type\":\"ImageObject\",\"inLanguage\":\"pt-PT\",\"@id\":\"https:\/\/medilogics.pt\/home\/#\/schema\/logo\/image\/\",\"url\":\"https:\/\/i1.wp.com\/medilogics.pt\/home\/wp-content\/uploads\/2017\/10\/logotipo_empsaud_medilogics_medio.jpg?fit=500%2C175&ssl=1\",\"contentUrl\":\"https:\/\/i1.wp.com\/medilogics.pt\/home\/wp-content\/uploads\/2017\/10\/logotipo_empsaud_medilogics_medio.jpg?fit=500%2C175&ssl=1\",\"width\":500,\"height\":175,\"caption\":\"Medilogics Servicos Medicos SA\"},\"image\":{\"@id\":\"https:\/\/medilogics.pt\/home\/#\/schema\/logo\/image\/\"}}]}<\/script>\n<!-- \/ Yoast SEO plugin. -->","yoast_head_json":{"title":"e-reuni\u00e3o | MEDILOGICS Servi\u00e7os M\u00e9dicos SA","robots":{"index":"index","follow":"follow","max-snippet":"max-snippet:-1","max-image-preview":"max-image-preview:large","max-video-preview":"max-video-preview:-1"},"canonical":"https:\/\/medilogics.pt\/home\/e-reuniao\/","og_locale":"pt_PT","og_type":"article","og_title":"e-reuni\u00e3o | MEDILOGICS Servi\u00e7os M\u00e9dicos SA","og_url":"https:\/\/medilogics.pt\/home\/e-reuniao\/","og_site_name":"MEDILOGICS Servi\u00e7os M\u00e9dicos SA","article_publisher":"https:\/\/www.facebook.com\/medilogicssa\/","article_modified_time":"2020-03-15T16:07:46+00:00","og_image":[{"url":"https:\/\/medilogics.pt\/home\/wp-content\/uploads\/2020\/03\/KIT_SQ_150dpi_E-REUNIAO_skype2.png"}],"twitter_card":"summary","twitter_site":"@medilogics","schema":{"@context":"https:\/\/schema.org","@graph":[{"@type":"WebPage","@id":"https:\/\/medilogics.pt\/home\/e-reuniao\/","url":"https:\/\/medilogics.pt\/home\/e-reuniao\/","name":"e-reuni\u00e3o | MEDILOGICS Servi\u00e7os M\u00e9dicos SA","isPartOf":{"@id":"https:\/\/medilogics.pt\/home\/#website"},"datePublished":"2020-03-14T21:41:25+00:00","dateModified":"2020-03-15T16:07:46+00:00","breadcrumb":{"@id":"https:\/\/medilogics.pt\/home\/e-reuniao\/#breadcrumb"},"inLanguage":"pt-PT","potentialAction":[{"@type":"ReadAction","target":["https:\/\/medilogics.pt\/home\/e-reuniao\/"]}]},{"@type":"BreadcrumbList","@id":"https:\/\/medilogics.pt\/home\/e-reuniao\/#breadcrumb","itemListElement":[{"@type":"ListItem","position":1,"name":"In\u00edcio","item":"https:\/\/medilogics.pt\/home\/"},{"@type":"ListItem","position":2,"name":"e-reuni\u00e3o"}]},{"@type":"WebSite","@id":"https:\/\/medilogics.pt\/home\/#website","url":"https:\/\/medilogics.pt\/home\/","name":"MEDILOGICS Servi\u00e7os M\u00e9dicos SA","description":"Seguran\u00e7a e Sa\u00fade no Trabalho","publisher":{"@id":"https:\/\/medilogics.pt\/home\/#organization"},"potentialAction":[{"@type":"SearchAction","target":{"@type":"EntryPoint","urlTemplate":"https:\/\/medilogics.pt\/home\/?s={search_term_string}"},"query-input":"required name=search_term_string"}],"inLanguage":"pt-PT"},{"@type":"Organization","@id":"https:\/\/medilogics.pt\/home\/#organization","name":"Medilogics Servicos Medicos SA","url":"https:\/\/medilogics.pt\/home\/","sameAs":["https:\/\/www.instagram.com\/medilogics\/","https:\/\/www.linkedin.com\/company\/medilogics","https:\/\/www.youtube.com\/c\/MedilogicsPtsa","https:\/\/www.facebook.com\/medilogicssa\/","https:\/\/twitter.com\/medilogics"],"logo":{"@type":"ImageObject","inLanguage":"pt-PT","@id":"https:\/\/medilogics.pt\/home\/#\/schema\/logo\/image\/","url":"https:\/\/i1.wp.com\/medilogics.pt\/home\/wp-content\/uploads\/2017\/10\/logotipo_empsaud_medilogics_medio.jpg?fit=500%2C175&ssl=1","contentUrl":"https:\/\/i1.wp.com\/medilogics.pt\/home\/wp-content\/uploads\/2017\/10\/logotipo_empsaud_medilogics_medio.jpg?fit=500%2C175&ssl=1","width":500,"height":175,"caption":"Medilogics Servicos Medicos SA"},"image":{"@id":"https:\/\/medilogics.pt\/home\/#\/schema\/logo\/image\/"}}]}},"jetpack_sharing_enabled":true,"jetpack_shortlink":"https:\/\/wp.me\/P9hLDY-FF","jetpack_likes_enabled":true,"jetpack-related-posts":[{"id":1798,"url":"https:\/\/medilogics.pt\/home\/higiene-e-seguranca-no-trabalho\/","url_meta":{"origin":2583,"position":0},"title":"Higiene e Seguran\u00e7a no Trabalho","date":"Agosto 16, 2018","format":false,"excerpt":"A Higiene e Seguran\u00e7a no Trabalho proporciona um ambiente de trabalho mais seguro e saud\u00e1vel. Preencha este formul\u00e1rio e seja contactado sem qualquer compromisso para saber mais sobre estas vantagens. Antes de preencher o formul\u00e1rio leia a nossa Pol\u00edtica de Utiliza\u00e7\u00e3o do S\u00edtio e \u00c1rea de Cliente , Pol\u00edtica de\u2026","rel":"","context":"Similar post","img":{"alt_text":"","src":"","width":0,"height":0},"classes":[]},{"id":8,"url":"https:\/\/medilogics.pt\/home\/sobre\/","url_meta":{"origin":2583,"position":1},"title":"Sobre n\u00f3s","date":"Agosto 23, 2017","format":false,"excerpt":"Bem vindo \u00e0 Medilogics. Somos uma empresa que presta Servi\u00e7os na \u00e1rea da Seguran\u00e7a e Sa\u00fade no Trabalho. Desde 2003, com um servi\u00e7o de seguran\u00e7a e sa\u00fade no trabalho diferenciado e de qualidade. Sendo estes atributos reconhecidos pelos seus clientes. Autorizada pela Autoridade para as Condi\u00e7\u00f5es do Trabalho (ACT) e\u2026","rel":"","context":"Similar post","img":{"alt_text":"","src":"https:\/\/i0.wp.com\/medilogics.pt\/home\/wp-content\/uploads\/2017\/08\/sobre_nos_piramide.png?resize=350%2C200&ssl=1","width":350,"height":200},"classes":[]},{"id":112,"url":"https:\/\/medilogics.pt\/home\/medicina-curativa-e-familiar\/","url_meta":{"origin":2583,"position":2},"title":"Medicina Curativa e Familiar","date":"Agosto 24, 2017","format":false,"excerpt":"Medicina Curativa e Familiar. Plano extens\u00edvel ao agregado familiar. Nas instala\u00e7\u00f5es da nossa empresa, os associados da Medilogics t\u00eam ainda a possibilidade de usufruir de Consultas de Cl\u00ednica Geral gratuitas e consultas de Especialidade com descontos at\u00e9 50% em qualquer dia \u00fatil atrav\u00e9s do plano extens\u00edvel ao agregado familiar de\u2026","rel":"","context":"Similar post","img":{"alt_text":"","src":"https:\/\/i0.wp.com\/medilogics.pt\/home\/wp-content\/uploads\/2017\/08\/single_article_familiar.png?resize=350%2C200&ssl=1","width":350,"height":200},"classes":[]},{"id":82,"url":"https:\/\/medilogics.pt\/home\/medicina-curativa-e-familiar-fp\/","url_meta":{"origin":2583,"position":3},"title":"Medicina Curativa e Familiar","date":"Agosto 24, 2017","format":false,"excerpt":"Medicina Curativa e Familiar. Plano extens\u00edvel ao agregado familiar. Nas instala\u00e7\u00f5es da nossa empresa, os associados da Medilogics t\u00eam ainda a possibilidade de usufruir de Consultas de Cl\u00ednica Geral gratu\u00edtas e consultas de Especialidade com descontos at\u00e9 50% em qualquer dia \u00fatil atrav\u00e9s do plano extens\u00edvel ao agregado familiar de\u2026","rel":"","context":"Similar post","img":{"alt_text":"Medicina Curativa e Familiar","src":"https:\/\/i0.wp.com\/medilogics.pt\/home\/wp-content\/uploads\/2017\/08\/med_curativa_familiar.jpg?fit=1073%2C735&ssl=1&resize=350%2C200","width":350,"height":200},"classes":[]},{"id":73,"url":"https:\/\/medilogics.pt\/home\/formacao-profissional-fp\/","url_meta":{"origin":2583,"position":4},"title":"Forma\u00e7\u00e3o Profissional","date":"Agosto 24, 2017","format":false,"excerpt":"Forma\u00e7\u00e3o Profissional pr\u00e1tica e de aplica\u00e7\u00e3o imediata. A Medilogics oferece um programa de forma\u00e7\u00e3o profissional que assenta em hor\u00e1rios curtos, modulares e com conte\u00fados muito pr\u00e1ticos. Assim, \u00e9 poss\u00edvel desenhar uma forma\u00e7\u00e3o regular e multi conte\u00fados para os seus colaboradores, f\u00e1cil de concretizar. Al\u00e9m disso , a forma\u00e7\u00e3o Medilogics, est\u00e1\u2026","rel":"","context":"Similar post","img":{"alt_text":"","src":"https:\/\/i0.wp.com\/medilogics.pt\/home\/wp-content\/uploads\/2021\/04\/fundo_site_formacao-scaled.jpg?fit=1200%2C678&ssl=1&resize=350%2C200","width":350,"height":200},"classes":[]},{"id":116,"url":"https:\/\/medilogics.pt\/home\/seguranca-no-trabalho\/","url_meta":{"origin":2583,"position":5},"title":"Seguran\u00e7a no Trabalho","date":"Agosto 24, 2017","format":false,"excerpt":"A Seguran\u00e7a no Trabalho proporciona um ambiente de trabalho mais seguro e saud\u00e1vel . Um bom n\u00edvel de SST traz vantagens. Preencha este formul\u00e1rio e seja contactado sem qualquer compromisso para saber mais sobre estas vantagens. Antes de preencher o formul\u00e1rio leia a nossa Pol\u00edtica de Utiliza\u00e7\u00e3o do S\u00edtio e\u2026","rel":"","context":"Similar post","img":{"alt_text":"","src":"https:\/\/i0.wp.com\/medilogics.pt\/home\/wp-content\/uploads\/2017\/08\/single_article_seguran\u00c3\u00a7a.png?resize=350%2C200&ssl=1","width":350,"height":200},"classes":[]}],"amp_enabled":true,"_links":{"self":[{"href":"https:\/\/medilogics.pt\/home\/wp-json\/wp\/v2\/pages\/2583"}],"collection":[{"href":"https:\/\/medilogics.pt\/home\/wp-json\/wp\/v2\/pages"}],"about":[{"href":"https:\/\/medilogics.pt\/home\/wp-json\/wp\/v2\/types\/page"}],"author":[{"embeddable":true,"href":"https:\/\/medilogics.pt\/home\/wp-json\/wp\/v2\/users\/1"}],"replies":[{"embeddable":true,"href":"https:\/\/medilogics.pt\/home\/wp-json\/wp\/v2\/comments?post=2583"}],"version-history":[{"count":3,"href":"https:\/\/medilogics.pt\/home\/wp-json\/wp\/v2\/pages\/2583\/revisions"}],"predecessor-version":[{"id":2593,"href":"https:\/\/medilogics.pt\/home\/wp-json\/wp\/v2\/pages\/2583\/revisions\/2593"}],"wp:attachment":[{"href":"https:\/\/medilogics.pt\/home\/wp-json\/wp\/v2\/media?parent=2583"}],"curies":[{"name":"wp","href":"https:\/\/api.w.org\/{rel}","templated":true}]}}