{"id":3827,"date":"2022-01-28T13:02:14","date_gmt":"2022-01-28T12:02:14","guid":{"rendered":"https:\/\/medilogics.pt\/home\/newsletter\/"},"modified":"2022-03-15T12:42:36","modified_gmt":"2022-03-15T11:42:36","slug":"newsletter","status":"publish","type":"page","link":"https:\/\/medilogics.pt\/home\/newsletter\/","title":{"rendered":"Newsletter de seguran\u00e7a e sa\u00fade do trabalho"},"content":{"rendered":"\n<p>Obrigado pelo seu interesse na newsletter de seguran\u00e7a e sa\u00fade do trabalho da Medilogics.<\/p>\n\n\n\n<p>Para subscrever a newsletter basta indicar-nos o seu endere\u00e7o de email. Verifique o endere\u00e7o antes de submeter a inscri\u00e7\u00e3o.  Poder\u00e1 cancelar a sua subscri\u00e7\u00e3o a qualquer momento.<\/p>\n\n\n<p><div class=\"tnp tnp-subscription \">\n<form method=\"post\" action=\"https:\/\/medilogics.pt\/home\/?na=s\">\n<input type=\"hidden\" name=\"nlang\" value=\"\">\n<div class=\"tnp-field tnp-field-email\"><label for=\"tnp-1\">Endere\u00e7o de Email<\/label>\n<input class=\"tnp-email\" type=\"email\" name=\"ne\" id=\"tnp-1\" value=\"\" placeholder=\"\" required><\/div>\n<div class=\"tnp-field tnp-privacy-field\"><label><input type=\"checkbox\" name=\"ny\" required class=\"tnp-privacy\"> <a target=\"_blank\" href=\"https:\/\/medilogics.pt\/home\/politica-protecao-dados\/\">Ao subscrever est\u00e1 a aceitar a nossa pol\u00edtica de prote\u00e7\u00e3o de dados.<\/a><\/label><\/div><div class=\"tnp-field tnp-field-button\" style=\"text-align: left\"><input class=\"tnp-submit\" type=\"submit\" value=\"Subscrever\" style=\"\">\n<\/div>\n<\/form>\n<\/div>\n<\/p>\n\n\n<figure class=\"wp-block-image size-large\"><img data-attachment-id=\"3968\" data-permalink=\"https:\/\/medilogics.pt\/home\/newsletter\/kit_wide_150dpi\/\" data-orig-file=\"https:\/\/i0.wp.com\/medilogics.pt\/home\/wp-content\/uploads\/2022\/02\/KIT_WIDE_150dpi.jpg?fit=1200%2C630&amp;ssl=1\" data-orig-size=\"1200,630\" data-comments-opened=\"1\" data-image-meta=\"{&quot;aperture&quot;:&quot;0&quot;,&quot;credit&quot;:&quot;&quot;,&quot;camera&quot;:&quot;&quot;,&quot;caption&quot;:&quot;&quot;,&quot;created_timestamp&quot;:&quot;0&quot;,&quot;copyright&quot;:&quot;&quot;,&quot;focal_length&quot;:&quot;0&quot;,&quot;iso&quot;:&quot;0&quot;,&quot;shutter_speed&quot;:&quot;0&quot;,&quot;title&quot;:&quot;&quot;,&quot;orientation&quot;:&quot;0&quot;}\" data-image-title=\"KIT_WIDE_150dpi\" data-image-description=\"\" data-image-caption=\"\" data-medium-file=\"https:\/\/i0.wp.com\/medilogics.pt\/home\/wp-content\/uploads\/2022\/02\/KIT_WIDE_150dpi.jpg?fit=300%2C158&amp;ssl=1\" data-large-file=\"https:\/\/i0.wp.com\/medilogics.pt\/home\/wp-content\/uploads\/2022\/02\/KIT_WIDE_150dpi.jpg?fit=525%2C276&amp;ssl=1\" loading=\"lazy\" width=\"525\" height=\"276\" src=\"https:\/\/i0.wp.com\/medilogics.pt\/home\/wp-content\/uploads\/2022\/02\/KIT_WIDE_150dpi.jpg?resize=525%2C276&#038;ssl=1\" alt=\"\" class=\"wp-image-3968\" srcset=\"https:\/\/i0.wp.com\/medilogics.pt\/home\/wp-content\/uploads\/2022\/02\/KIT_WIDE_150dpi.jpg?resize=1024%2C538&amp;ssl=1 1024w, https:\/\/i0.wp.com\/medilogics.pt\/home\/wp-content\/uploads\/2022\/02\/KIT_WIDE_150dpi.jpg?resize=300%2C158&amp;ssl=1 300w, https:\/\/i0.wp.com\/medilogics.pt\/home\/wp-content\/uploads\/2022\/02\/KIT_WIDE_150dpi.jpg?resize=768%2C403&amp;ssl=1 768w, https:\/\/i0.wp.com\/medilogics.pt\/home\/wp-content\/uploads\/2022\/02\/KIT_WIDE_150dpi.jpg?w=1200&amp;ssl=1 1200w\" sizes=\"(max-width: 706px) 89vw, (max-width: 767px) 82vw, 740px\" data-recalc-dims=\"1\" \/><figcaption>Photo by fauxels on <a href=\"https:\/\/www.pexels.com\/photo\/person-using-macbook-pro-3183202\/\" rel=\"nofollow\">Pexels.com<\/a><\/figcaption><\/figure>\n","protected":false},"excerpt":{"rendered":"<p>Obrigado pelo seu interesse na newsletter de seguran\u00e7a e sa\u00fade do trabalho da Medilogics. Para subscrever a newsletter basta indicar-nos o seu endere\u00e7o de email. Verifique o endere\u00e7o antes de submeter a inscri\u00e7\u00e3o. Poder\u00e1 cancelar a sua subscri\u00e7\u00e3o a qualquer momento.<\/p>\n","protected":false},"author":1,"featured_media":0,"parent":0,"menu_order":0,"comment_status":"closed","ping_status":"closed","template":"","meta":{"_links_to":"","_links_to_target":""},"yoast_head":"<!-- This site is optimized with the Yoast SEO plugin v19.5.1 - https:\/\/yoast.com\/wordpress\/plugins\/seo\/ -->\n<title>Newsletter de seguran\u00e7a e sa\u00fade do trabalho | MEDILOGICS Servi\u00e7os M\u00e9dicos SA<\/title>\n<meta name=\"robots\" content=\"index, follow, max-snippet:-1, max-image-preview:large, max-video-preview:-1\" \/>\n<link rel=\"canonical\" href=\"https:\/\/medilogics.pt\/home\/newsletter\/\" \/>\n<meta property=\"og:locale\" content=\"pt_PT\" \/>\n<meta property=\"og:type\" content=\"article\" \/>\n<meta property=\"og:title\" content=\"Newsletter de seguran\u00e7a e sa\u00fade do trabalho | MEDILOGICS Servi\u00e7os M\u00e9dicos SA\" \/>\n<meta property=\"og:description\" content=\"Obrigado pelo seu interesse na newsletter de seguran\u00e7a e sa\u00fade do trabalho da Medilogics. Para subscrever a newsletter basta indicar-nos o seu endere\u00e7o de email. Verifique o endere\u00e7o antes de submeter a inscri\u00e7\u00e3o. Poder\u00e1 cancelar a sua subscri\u00e7\u00e3o a qualquer momento.\" \/>\n<meta property=\"og:url\" content=\"https:\/\/medilogics.pt\/home\/newsletter\/\" \/>\n<meta property=\"og:site_name\" content=\"MEDILOGICS Servi\u00e7os M\u00e9dicos SA\" \/>\n<meta property=\"article:publisher\" content=\"https:\/\/www.facebook.com\/medilogicssa\/\" \/>\n<meta property=\"article:modified_time\" content=\"2022-03-15T11:42:36+00:00\" \/>\n<meta property=\"og:image\" content=\"https:\/\/medilogics.pt\/home\/wp-content\/uploads\/2022\/02\/KIT_WIDE_150dpi-1024x538.jpg\" \/>\n<meta name=\"twitter:card\" content=\"summary\" \/>\n<meta name=\"twitter:site\" content=\"@medilogics\" \/>\n<meta name=\"twitter:label1\" content=\"Tempo estimado de leitura\" \/>\n\t<meta name=\"twitter:data1\" content=\"1 minuto\" \/>\n<script type=\"application\/ld+json\" class=\"yoast-schema-graph\">{\"@context\":\"https:\/\/schema.org\",\"@graph\":[{\"@type\":\"WebPage\",\"@id\":\"https:\/\/medilogics.pt\/home\/newsletter\/\",\"url\":\"https:\/\/medilogics.pt\/home\/newsletter\/\",\"name\":\"Newsletter de seguran\u00e7a e sa\u00fade do trabalho | MEDILOGICS Servi\u00e7os M\u00e9dicos SA\",\"isPartOf\":{\"@id\":\"https:\/\/medilogics.pt\/home\/#website\"},\"datePublished\":\"2022-01-28T12:02:14+00:00\",\"dateModified\":\"2022-03-15T11:42:36+00:00\",\"breadcrumb\":{\"@id\":\"https:\/\/medilogics.pt\/home\/newsletter\/#breadcrumb\"},\"inLanguage\":\"pt-PT\",\"potentialAction\":[{\"@type\":\"ReadAction\",\"target\":[\"https:\/\/medilogics.pt\/home\/newsletter\/\"]}]},{\"@type\":\"BreadcrumbList\",\"@id\":\"https:\/\/medilogics.pt\/home\/newsletter\/#breadcrumb\",\"itemListElement\":[{\"@type\":\"ListItem\",\"position\":1,\"name\":\"In\u00edcio\",\"item\":\"https:\/\/medilogics.pt\/home\/\"},{\"@type\":\"ListItem\",\"position\":2,\"name\":\"Newsletter de seguran\u00e7a e sa\u00fade do trabalho\"}]},{\"@type\":\"WebSite\",\"@id\":\"https:\/\/medilogics.pt\/home\/#website\",\"url\":\"https:\/\/medilogics.pt\/home\/\",\"name\":\"MEDILOGICS Servi\u00e7os M\u00e9dicos SA\",\"description\":\"Seguran\u00e7a e Sa\u00fade no Trabalho\",\"publisher\":{\"@id\":\"https:\/\/medilogics.pt\/home\/#organization\"},\"potentialAction\":[{\"@type\":\"SearchAction\",\"target\":{\"@type\":\"EntryPoint\",\"urlTemplate\":\"https:\/\/medilogics.pt\/home\/?s={search_term_string}\"},\"query-input\":\"required name=search_term_string\"}],\"inLanguage\":\"pt-PT\"},{\"@type\":\"Organization\",\"@id\":\"https:\/\/medilogics.pt\/home\/#organization\",\"name\":\"Medilogics Servicos Medicos SA\",\"url\":\"https:\/\/medilogics.pt\/home\/\",\"sameAs\":[\"https:\/\/www.instagram.com\/medilogics\/\",\"https:\/\/www.linkedin.com\/company\/medilogics\",\"https:\/\/www.youtube.com\/c\/MedilogicsPtsa\",\"https:\/\/www.facebook.com\/medilogicssa\/\",\"https:\/\/twitter.com\/medilogics\"],\"logo\":{\"@type\":\"ImageObject\",\"inLanguage\":\"pt-PT\",\"@id\":\"https:\/\/medilogics.pt\/home\/#\/schema\/logo\/image\/\",\"url\":\"https:\/\/i1.wp.com\/medilogics.pt\/home\/wp-content\/uploads\/2017\/10\/logotipo_empsaud_medilogics_medio.jpg?fit=500%2C175&ssl=1\",\"contentUrl\":\"https:\/\/i1.wp.com\/medilogics.pt\/home\/wp-content\/uploads\/2017\/10\/logotipo_empsaud_medilogics_medio.jpg?fit=500%2C175&ssl=1\",\"width\":500,\"height\":175,\"caption\":\"Medilogics Servicos Medicos SA\"},\"image\":{\"@id\":\"https:\/\/medilogics.pt\/home\/#\/schema\/logo\/image\/\"}}]}<\/script>\n<!-- \/ Yoast SEO plugin. -->","yoast_head_json":{"title":"Newsletter de seguran\u00e7a e sa\u00fade do trabalho | MEDILOGICS Servi\u00e7os M\u00e9dicos SA","robots":{"index":"index","follow":"follow","max-snippet":"max-snippet:-1","max-image-preview":"max-image-preview:large","max-video-preview":"max-video-preview:-1"},"canonical":"https:\/\/medilogics.pt\/home\/newsletter\/","og_locale":"pt_PT","og_type":"article","og_title":"Newsletter de seguran\u00e7a e sa\u00fade do trabalho | MEDILOGICS Servi\u00e7os M\u00e9dicos SA","og_description":"Obrigado pelo seu interesse na newsletter de seguran\u00e7a e sa\u00fade do trabalho da Medilogics. Para subscrever a newsletter basta indicar-nos o seu endere\u00e7o de email. Verifique o endere\u00e7o antes de submeter a inscri\u00e7\u00e3o. Poder\u00e1 cancelar a sua subscri\u00e7\u00e3o a qualquer momento.","og_url":"https:\/\/medilogics.pt\/home\/newsletter\/","og_site_name":"MEDILOGICS Servi\u00e7os M\u00e9dicos SA","article_publisher":"https:\/\/www.facebook.com\/medilogicssa\/","article_modified_time":"2022-03-15T11:42:36+00:00","og_image":[{"url":"https:\/\/medilogics.pt\/home\/wp-content\/uploads\/2022\/02\/KIT_WIDE_150dpi-1024x538.jpg"}],"twitter_card":"summary","twitter_site":"@medilogics","twitter_misc":{"Tempo estimado de leitura":"1 minuto"},"schema":{"@context":"https:\/\/schema.org","@graph":[{"@type":"WebPage","@id":"https:\/\/medilogics.pt\/home\/newsletter\/","url":"https:\/\/medilogics.pt\/home\/newsletter\/","name":"Newsletter de seguran\u00e7a e sa\u00fade do trabalho | MEDILOGICS Servi\u00e7os M\u00e9dicos SA","isPartOf":{"@id":"https:\/\/medilogics.pt\/home\/#website"},"datePublished":"2022-01-28T12:02:14+00:00","dateModified":"2022-03-15T11:42:36+00:00","breadcrumb":{"@id":"https:\/\/medilogics.pt\/home\/newsletter\/#breadcrumb"},"inLanguage":"pt-PT","potentialAction":[{"@type":"ReadAction","target":["https:\/\/medilogics.pt\/home\/newsletter\/"]}]},{"@type":"BreadcrumbList","@id":"https:\/\/medilogics.pt\/home\/newsletter\/#breadcrumb","itemListElement":[{"@type":"ListItem","position":1,"name":"In\u00edcio","item":"https:\/\/medilogics.pt\/home\/"},{"@type":"ListItem","position":2,"name":"Newsletter de seguran\u00e7a e sa\u00fade do trabalho"}]},{"@type":"WebSite","@id":"https:\/\/medilogics.pt\/home\/#website","url":"https:\/\/medilogics.pt\/home\/","name":"MEDILOGICS Servi\u00e7os M\u00e9dicos SA","description":"Seguran\u00e7a e Sa\u00fade no Trabalho","publisher":{"@id":"https:\/\/medilogics.pt\/home\/#organization"},"potentialAction":[{"@type":"SearchAction","target":{"@type":"EntryPoint","urlTemplate":"https:\/\/medilogics.pt\/home\/?s={search_term_string}"},"query-input":"required name=search_term_string"}],"inLanguage":"pt-PT"},{"@type":"Organization","@id":"https:\/\/medilogics.pt\/home\/#organization","name":"Medilogics Servicos Medicos SA","url":"https:\/\/medilogics.pt\/home\/","sameAs":["https:\/\/www.instagram.com\/medilogics\/","https:\/\/www.linkedin.com\/company\/medilogics","https:\/\/www.youtube.com\/c\/MedilogicsPtsa","https:\/\/www.facebook.com\/medilogicssa\/","https:\/\/twitter.com\/medilogics"],"logo":{"@type":"ImageObject","inLanguage":"pt-PT","@id":"https:\/\/medilogics.pt\/home\/#\/schema\/logo\/image\/","url":"https:\/\/i1.wp.com\/medilogics.pt\/home\/wp-content\/uploads\/2017\/10\/logotipo_empsaud_medilogics_medio.jpg?fit=500%2C175&ssl=1","contentUrl":"https:\/\/i1.wp.com\/medilogics.pt\/home\/wp-content\/uploads\/2017\/10\/logotipo_empsaud_medilogics_medio.jpg?fit=500%2C175&ssl=1","width":500,"height":175,"caption":"Medilogics Servicos Medicos SA"},"image":{"@id":"https:\/\/medilogics.pt\/home\/#\/schema\/logo\/image\/"}}]}},"jetpack_sharing_enabled":true,"jetpack_shortlink":"https:\/\/wp.me\/P9hLDY-ZJ","jetpack_likes_enabled":true,"jetpack-related-posts":[{"id":7,"url":"https:\/\/medilogics.pt\/home\/","url_meta":{"origin":3827,"position":0},"title":"Seguran\u00e7a e Sa\u00fade no Trabalho","date":"Agosto 23, 2017","format":false,"excerpt":"Bem vindo \u00e0 Medilogics. Somos uma empresa que presta servi\u00e7os na \u00e1rea da Seguran\u00e7a e Sa\u00fade no Trabalho. Desde 2003, com um servi\u00e7o diferenciado e de qualidade, sendo estes atributos reconhecidos pelos clientes. Estamos autorizados pela Autoridade para as Condi\u00e7\u00f5es do Trabalho (ACT) e Dire\u00e7\u00e3o Geral de Sa\u00fade (DGS) em\u2026","rel":"","context":"Similar post","img":{"alt_text":"ACT","src":"https:\/\/i0.wp.com\/medilogics.pt\/home\/wp-content\/uploads\/2018\/03\/act.png?resize=350%2C200&ssl=1","width":350,"height":200},"classes":[]},{"id":3910,"url":"https:\/\/medilogics.pt\/home\/proposta\/","url_meta":{"origin":3827,"position":1},"title":"Pedido de Proposta","date":"Fevereiro 8, 2022","format":false,"excerpt":"Um bom n\u00edvel de Seguran\u00e7a e Sa\u00fade no Trabalho traz vantagens. Pe\u00e7a hoje uma proposta e tenha acesso a uma equipa de m\u00e9dicos altamente qualificada em Sa\u00fade no Trabalho para a sua empresa. Antes de preencher o formul\u00e1rio leia a nossa Pol\u00edtica de Utiliza\u00e7\u00e3o do S\u00edtio e \u00c1rea de Cliente\u2026","rel":"","context":"Similar post","img":{"alt_text":"","src":"","width":0,"height":0},"classes":[]},{"id":116,"url":"https:\/\/medilogics.pt\/home\/seguranca-no-trabalho\/","url_meta":{"origin":3827,"position":2},"title":"Seguran\u00e7a no Trabalho","date":"Agosto 24, 2017","format":false,"excerpt":"A Seguran\u00e7a no Trabalho proporciona um ambiente de trabalho mais seguro e saud\u00e1vel . Um bom n\u00edvel de SST traz vantagens. Preencha este formul\u00e1rio e seja contactado sem qualquer compromisso para saber mais sobre estas vantagens. Antes de preencher o formul\u00e1rio leia a nossa Pol\u00edtica de Utiliza\u00e7\u00e3o do S\u00edtio e\u2026","rel":"","context":"Similar post","img":{"alt_text":"","src":"https:\/\/i0.wp.com\/medilogics.pt\/home\/wp-content\/uploads\/2017\/08\/single_article_seguran\u00c3\u00a7a.png?resize=350%2C200&ssl=1","width":350,"height":200},"classes":[]},{"id":8,"url":"https:\/\/medilogics.pt\/home\/sobre\/","url_meta":{"origin":3827,"position":3},"title":"Sobre n\u00f3s","date":"Agosto 23, 2017","format":false,"excerpt":"Bem vindo \u00e0 Medilogics. Somos uma empresa que presta Servi\u00e7os na \u00e1rea da Seguran\u00e7a e Sa\u00fade no Trabalho. Desde 2003, com um servi\u00e7o de seguran\u00e7a e sa\u00fade no trabalho diferenciado e de qualidade. Sendo estes atributos reconhecidos pelos seus clientes. Autorizada pela Autoridade para as Condi\u00e7\u00f5es do Trabalho (ACT) e\u2026","rel":"","context":"Similar post","img":{"alt_text":"","src":"https:\/\/i0.wp.com\/medilogics.pt\/home\/wp-content\/uploads\/2017\/08\/sobre_nos_piramide.png?resize=350%2C200&ssl=1","width":350,"height":200},"classes":[]},{"id":114,"url":"https:\/\/medilogics.pt\/home\/saude-no-trabalho\/","url_meta":{"origin":3827,"position":4},"title":"Sa\u00fade no Trabalho","date":"Agosto 24, 2017","format":false,"excerpt":"Acesso a uma equipa de m\u00e9dicos altamente qualificada em\u00a0Sa\u00fade no Trabalho. Um bom n\u00edvel de SST traz vantagens. Preencha este formul\u00e1rio e seja contactado sem qualquer compromisso para saber mais sobre estas vantagens. Antes de preencher o formul\u00e1rio leia a nossa Pol\u00edtica de Utiliza\u00e7\u00e3o do S\u00edtio e \u00c1rea de Cliente\u2026","rel":"","context":"Similar post","img":{"alt_text":"","src":"https:\/\/i0.wp.com\/medilogics.pt\/home\/wp-content\/uploads\/2017\/08\/single_article_saude_v2.0.png.png?resize=350%2C200&ssl=1","width":350,"height":200},"classes":[]},{"id":1798,"url":"https:\/\/medilogics.pt\/home\/higiene-e-seguranca-no-trabalho\/","url_meta":{"origin":3827,"position":5},"title":"Higiene e Seguran\u00e7a no Trabalho","date":"Agosto 16, 2018","format":false,"excerpt":"A Higiene e Seguran\u00e7a no Trabalho proporciona um ambiente de trabalho mais seguro e saud\u00e1vel. Preencha este formul\u00e1rio e seja contactado sem qualquer compromisso para saber mais sobre estas vantagens. Antes de preencher o formul\u00e1rio leia a nossa Pol\u00edtica de Utiliza\u00e7\u00e3o do S\u00edtio e \u00c1rea de Cliente , Pol\u00edtica de\u2026","rel":"","context":"Similar post","img":{"alt_text":"","src":"","width":0,"height":0},"classes":[]}],"amp_enabled":true,"_links":{"self":[{"href":"https:\/\/medilogics.pt\/home\/wp-json\/wp\/v2\/pages\/3827"}],"collection":[{"href":"https:\/\/medilogics.pt\/home\/wp-json\/wp\/v2\/pages"}],"about":[{"href":"https:\/\/medilogics.pt\/home\/wp-json\/wp\/v2\/types\/page"}],"author":[{"embeddable":true,"href":"https:\/\/medilogics.pt\/home\/wp-json\/wp\/v2\/users\/1"}],"replies":[{"embeddable":true,"href":"https:\/\/medilogics.pt\/home\/wp-json\/wp\/v2\/comments?post=3827"}],"version-history":[{"count":9,"href":"https:\/\/medilogics.pt\/home\/wp-json\/wp\/v2\/pages\/3827\/revisions"}],"predecessor-version":[{"id":5747,"href":"https:\/\/medilogics.pt\/home\/wp-json\/wp\/v2\/pages\/3827\/revisions\/5747"}],"wp:attachment":[{"href":"https:\/\/medilogics.pt\/home\/wp-json\/wp\/v2\/media?parent=3827"}],"curies":[{"name":"wp","href":"https:\/\/api.w.org\/{rel}","templated":true}]}}