{"id":783,"date":"2017-11-29T17:28:54","date_gmt":"2017-11-29T17:28:54","guid":{"rendered":"https:\/\/medilogics.pt\/home\/?page_id=783"},"modified":"2024-06-18T12:17:09","modified_gmt":"2024-06-18T11:17:09","slug":"calendario-formacao","status":"publish","type":"page","link":"https:\/\/medilogics.pt\/home\/calendario-formacao\/","title":{"rendered":"Calend\u00e1rio de forma\u00e7\u00e7\u00e3o profissional"},"content":{"rendered":"<h1 style=\"text-align: center;\">Calend\u00e1rio de forma\u00e7\u00e3o profissional.<\/h1>\n<p style=\"text-align: center;\"><a href=\"https:\/\/outlook.office365.com\/calendar\/published\/3963d8e8dc51482881f289101cd96509@medilogics.pt\/54e341c6b3a34150bd1acd15c0a8684622310951108795009\/calendar.html\" target=\"_blank\" rel=\"noopener\">Abrir calend\u00e1rio numa janela separada<\/a>.<\/p>\n<style type=\"text\/css\">\r\n       .errordiv { padding:10px; margin:10px; border: 1px solid #555555;color: #000000;background-color: #f8f8f8; width:500px; }#advanced_iframe {visibility:visible;opacity:1;vertical-align:top;}.ai-info-bottom-iframe { position: fixed; z-index: 10000; bottom:0; left: 0; margin: 0px; text-align: center; width: 100%; background-color: #ff9999; padding-left: 5px;padding-bottom: 5px; border-top: 1px solid #aaa } a.ai-bold {font-weight: bold;}#ai-layer-div-advanced_iframe p {height:100%;margin:0;padding:0}<\/style><script type=\"text\/javascript\">var ai_iframe_width_advanced_iframe = 0;var ai_iframe_height_advanced_iframe = 0;var aiIsIe8=false;var aiOnloadScrollTop=\"true\";var aiShowDebug=false;\r\n\t\tif (typeof aiReadyCallbacks === 'undefined') {\r\n\t\t\tvar aiReadyCallbacks = [];  \r\n\t\t} else if (!(aiReadyCallbacks instanceof Array)) {\r\n\t\t\tvar aiReadyCallbacks = [];\r\n\t\t}    function aiShowIframeId(id_iframe) { jQuery(\"#\"+id_iframe).css(\"visibility\", \"visible\");    }    function aiResizeIframeHeight(height) { aiResizeIframeHeight(height,advanced_iframe); }    function aiResizeIframeHeightId(height,width,id) {aiResizeIframeHeightById(id,height);}<\/script><iframe id=\"advanced_iframe\"  name=\"advanced_iframe\"  src=\"https:\/\/outlook.office365.com\/calendar\/published\/3963d8e8dc51482881f289101cd96509@medilogics.pt\/54e341c6b3a34150bd1acd15c0a8684622310951108795009\/calendar.html\"  width=\"100%\"  height=\"600\"  frameborder=\"0\"  allowtransparency=\"true\"  loading=\"lazy\"  style=\";width:100%;height:600px;\"  onload='aiResizeIframe(this, &quot;false&quot;,&quot;1&quot;)' ><\/iframe><script type=\"text\/javascript\">var ifrm_advanced_iframe = document.getElementById(\"advanced_iframe\");var hiddenTabsDoneadvanced_iframe = false;\r\nfunction resizeCallbackadvanced_iframe() {}<\/script><script type=\"text\/javascript\"><\/script>\n","protected":false},"excerpt":{"rendered":"<p>Calend\u00e1rio de forma\u00e7\u00e3o profissional. Abrir calend\u00e1rio numa janela separada.<\/p>\n","protected":false},"author":1,"featured_media":0,"parent":0,"menu_order":0,"comment_status":"closed","ping_status":"closed","template":"","meta":{"_links_to":"","_links_to_target":""},"yoast_head":"<!-- This site is optimized with the Yoast SEO plugin v19.5.1 - https:\/\/yoast.com\/wordpress\/plugins\/seo\/ -->\n<title>Calend\u00e1rio de forma\u00e7\u00e7\u00e3o profissional | MEDILOGICS Servi\u00e7os M\u00e9dicos SA<\/title>\n<meta name=\"description\" content=\"Veja aqui o calend\u00e1rio de forma\u00e7\u00f5es profissionais que v\u00e3o ser lecionadas.\" \/>\n<meta name=\"robots\" content=\"index, follow, max-snippet:-1, max-image-preview:large, max-video-preview:-1\" \/>\n<link rel=\"canonical\" href=\"https:\/\/medilogics.pt\/home\/calendario-formacao\/\" \/>\n<meta property=\"og:locale\" content=\"pt_PT\" \/>\n<meta property=\"og:type\" content=\"article\" \/>\n<meta property=\"og:title\" content=\"Calend\u00e1rio de forma\u00e7\u00e7\u00e3o profissional | MEDILOGICS Servi\u00e7os M\u00e9dicos SA\" \/>\n<meta property=\"og:description\" content=\"Veja aqui o calend\u00e1rio de forma\u00e7\u00f5es profissionais que v\u00e3o ser lecionadas.\" \/>\n<meta property=\"og:url\" content=\"https:\/\/medilogics.pt\/home\/calendario-formacao\/\" \/>\n<meta property=\"og:site_name\" content=\"MEDILOGICS Servi\u00e7os M\u00e9dicos SA\" \/>\n<meta property=\"article:publisher\" content=\"https:\/\/www.facebook.com\/medilogicssa\/\" \/>\n<meta property=\"article:modified_time\" content=\"2024-06-18T11:17:09+00:00\" \/>\n<meta name=\"twitter:card\" content=\"summary\" \/>\n<meta name=\"twitter:site\" content=\"@medilogics\" \/>\n<meta name=\"twitter:label1\" content=\"Tempo estimado de leitura\" \/>\n\t<meta name=\"twitter:data1\" content=\"1 minuto\" \/>\n<script type=\"application\/ld+json\" class=\"yoast-schema-graph\">{\"@context\":\"https:\/\/schema.org\",\"@graph\":[{\"@type\":\"WebPage\",\"@id\":\"https:\/\/medilogics.pt\/home\/calendario-formacao\/\",\"url\":\"https:\/\/medilogics.pt\/home\/calendario-formacao\/\",\"name\":\"Calend\u00e1rio de forma\u00e7\u00e7\u00e3o profissional | MEDILOGICS Servi\u00e7os M\u00e9dicos SA\",\"isPartOf\":{\"@id\":\"https:\/\/medilogics.pt\/home\/#website\"},\"datePublished\":\"2017-11-29T17:28:54+00:00\",\"dateModified\":\"2024-06-18T11:17:09+00:00\",\"description\":\"Veja aqui o calend\u00e1rio de forma\u00e7\u00f5es profissionais que v\u00e3o ser lecionadas.\",\"breadcrumb\":{\"@id\":\"https:\/\/medilogics.pt\/home\/calendario-formacao\/#breadcrumb\"},\"inLanguage\":\"pt-PT\",\"potentialAction\":[{\"@type\":\"ReadAction\",\"target\":[\"https:\/\/medilogics.pt\/home\/calendario-formacao\/\"]}]},{\"@type\":\"BreadcrumbList\",\"@id\":\"https:\/\/medilogics.pt\/home\/calendario-formacao\/#breadcrumb\",\"itemListElement\":[{\"@type\":\"ListItem\",\"position\":1,\"name\":\"In\u00edcio\",\"item\":\"https:\/\/medilogics.pt\/home\/\"},{\"@type\":\"ListItem\",\"position\":2,\"name\":\"Calend\u00e1rio de forma\u00e7\u00e7\u00e3o profissional\"}]},{\"@type\":\"WebSite\",\"@id\":\"https:\/\/medilogics.pt\/home\/#website\",\"url\":\"https:\/\/medilogics.pt\/home\/\",\"name\":\"MEDILOGICS Servi\u00e7os M\u00e9dicos SA\",\"description\":\"Seguran\u00e7a e Sa\u00fade no Trabalho\",\"publisher\":{\"@id\":\"https:\/\/medilogics.pt\/home\/#organization\"},\"potentialAction\":[{\"@type\":\"SearchAction\",\"target\":{\"@type\":\"EntryPoint\",\"urlTemplate\":\"https:\/\/medilogics.pt\/home\/?s={search_term_string}\"},\"query-input\":\"required name=search_term_string\"}],\"inLanguage\":\"pt-PT\"},{\"@type\":\"Organization\",\"@id\":\"https:\/\/medilogics.pt\/home\/#organization\",\"name\":\"Medilogics Servicos Medicos SA\",\"url\":\"https:\/\/medilogics.pt\/home\/\",\"sameAs\":[\"https:\/\/www.instagram.com\/medilogics\/\",\"https:\/\/www.linkedin.com\/company\/medilogics\",\"https:\/\/www.youtube.com\/c\/MedilogicsPtsa\",\"https:\/\/www.facebook.com\/medilogicssa\/\",\"https:\/\/twitter.com\/medilogics\"],\"logo\":{\"@type\":\"ImageObject\",\"inLanguage\":\"pt-PT\",\"@id\":\"https:\/\/medilogics.pt\/home\/#\/schema\/logo\/image\/\",\"url\":\"https:\/\/i1.wp.com\/medilogics.pt\/home\/wp-content\/uploads\/2017\/10\/logotipo_empsaud_medilogics_medio.jpg?fit=500%2C175&ssl=1\",\"contentUrl\":\"https:\/\/i1.wp.com\/medilogics.pt\/home\/wp-content\/uploads\/2017\/10\/logotipo_empsaud_medilogics_medio.jpg?fit=500%2C175&ssl=1\",\"width\":500,\"height\":175,\"caption\":\"Medilogics Servicos Medicos SA\"},\"image\":{\"@id\":\"https:\/\/medilogics.pt\/home\/#\/schema\/logo\/image\/\"}}]}<\/script>\n<!-- \/ Yoast SEO plugin. -->","yoast_head_json":{"title":"Calend\u00e1rio de forma\u00e7\u00e7\u00e3o profissional | MEDILOGICS Servi\u00e7os M\u00e9dicos SA","description":"Veja aqui o calend\u00e1rio de forma\u00e7\u00f5es profissionais que v\u00e3o ser lecionadas.","robots":{"index":"index","follow":"follow","max-snippet":"max-snippet:-1","max-image-preview":"max-image-preview:large","max-video-preview":"max-video-preview:-1"},"canonical":"https:\/\/medilogics.pt\/home\/calendario-formacao\/","og_locale":"pt_PT","og_type":"article","og_title":"Calend\u00e1rio de forma\u00e7\u00e7\u00e3o profissional | MEDILOGICS Servi\u00e7os M\u00e9dicos SA","og_description":"Veja aqui o calend\u00e1rio de forma\u00e7\u00f5es profissionais que v\u00e3o ser lecionadas.","og_url":"https:\/\/medilogics.pt\/home\/calendario-formacao\/","og_site_name":"MEDILOGICS Servi\u00e7os M\u00e9dicos SA","article_publisher":"https:\/\/www.facebook.com\/medilogicssa\/","article_modified_time":"2024-06-18T11:17:09+00:00","twitter_card":"summary","twitter_site":"@medilogics","twitter_misc":{"Tempo estimado de leitura":"1 minuto"},"schema":{"@context":"https:\/\/schema.org","@graph":[{"@type":"WebPage","@id":"https:\/\/medilogics.pt\/home\/calendario-formacao\/","url":"https:\/\/medilogics.pt\/home\/calendario-formacao\/","name":"Calend\u00e1rio de forma\u00e7\u00e7\u00e3o profissional | MEDILOGICS Servi\u00e7os M\u00e9dicos SA","isPartOf":{"@id":"https:\/\/medilogics.pt\/home\/#website"},"datePublished":"2017-11-29T17:28:54+00:00","dateModified":"2024-06-18T11:17:09+00:00","description":"Veja aqui o calend\u00e1rio de forma\u00e7\u00f5es profissionais que v\u00e3o ser lecionadas.","breadcrumb":{"@id":"https:\/\/medilogics.pt\/home\/calendario-formacao\/#breadcrumb"},"inLanguage":"pt-PT","potentialAction":[{"@type":"ReadAction","target":["https:\/\/medilogics.pt\/home\/calendario-formacao\/"]}]},{"@type":"BreadcrumbList","@id":"https:\/\/medilogics.pt\/home\/calendario-formacao\/#breadcrumb","itemListElement":[{"@type":"ListItem","position":1,"name":"In\u00edcio","item":"https:\/\/medilogics.pt\/home\/"},{"@type":"ListItem","position":2,"name":"Calend\u00e1rio de forma\u00e7\u00e7\u00e3o profissional"}]},{"@type":"WebSite","@id":"https:\/\/medilogics.pt\/home\/#website","url":"https:\/\/medilogics.pt\/home\/","name":"MEDILOGICS Servi\u00e7os M\u00e9dicos SA","description":"Seguran\u00e7a e Sa\u00fade no Trabalho","publisher":{"@id":"https:\/\/medilogics.pt\/home\/#organization"},"potentialAction":[{"@type":"SearchAction","target":{"@type":"EntryPoint","urlTemplate":"https:\/\/medilogics.pt\/home\/?s={search_term_string}"},"query-input":"required name=search_term_string"}],"inLanguage":"pt-PT"},{"@type":"Organization","@id":"https:\/\/medilogics.pt\/home\/#organization","name":"Medilogics Servicos Medicos SA","url":"https:\/\/medilogics.pt\/home\/","sameAs":["https:\/\/www.instagram.com\/medilogics\/","https:\/\/www.linkedin.com\/company\/medilogics","https:\/\/www.youtube.com\/c\/MedilogicsPtsa","https:\/\/www.facebook.com\/medilogicssa\/","https:\/\/twitter.com\/medilogics"],"logo":{"@type":"ImageObject","inLanguage":"pt-PT","@id":"https:\/\/medilogics.pt\/home\/#\/schema\/logo\/image\/","url":"https:\/\/i1.wp.com\/medilogics.pt\/home\/wp-content\/uploads\/2017\/10\/logotipo_empsaud_medilogics_medio.jpg?fit=500%2C175&ssl=1","contentUrl":"https:\/\/i1.wp.com\/medilogics.pt\/home\/wp-content\/uploads\/2017\/10\/logotipo_empsaud_medilogics_medio.jpg?fit=500%2C175&ssl=1","width":500,"height":175,"caption":"Medilogics Servicos Medicos SA"},"image":{"@id":"https:\/\/medilogics.pt\/home\/#\/schema\/logo\/image\/"}}]}},"jetpack_sharing_enabled":true,"jetpack_shortlink":"https:\/\/wp.me\/P9hLDY-cD","jetpack_likes_enabled":true,"jetpack-related-posts":[{"id":73,"url":"https:\/\/medilogics.pt\/home\/formacao-profissional-fp\/","url_meta":{"origin":783,"position":0},"title":"Forma\u00e7\u00e3o Profissional","date":"Agosto 24, 2017","format":false,"excerpt":"Forma\u00e7\u00e3o Profissional pr\u00e1tica e de aplica\u00e7\u00e3o imediata. A Medilogics oferece um programa de forma\u00e7\u00e3o profissional que assenta em hor\u00e1rios curtos, modulares e com conte\u00fados muito pr\u00e1ticos. Assim, \u00e9 poss\u00edvel desenhar uma forma\u00e7\u00e3o regular e multi conte\u00fados para os seus colaboradores, f\u00e1cil de concretizar. Al\u00e9m disso , a forma\u00e7\u00e3o Medilogics, est\u00e1\u2026","rel":"","context":"Similar post","img":{"alt_text":"","src":"https:\/\/i0.wp.com\/medilogics.pt\/home\/wp-content\/uploads\/2021\/04\/fundo_site_formacao-scaled.jpg?fit=1200%2C678&ssl=1&resize=350%2C200","width":350,"height":200},"classes":[]},{"id":2974,"url":"https:\/\/medilogics.pt\/home\/formacao-profissional-inclui-formacao-e-learning-a-distancia\/","url_meta":{"origin":783,"position":1},"title":"Forma\u00e7\u00e3o Profissional \u2013 inclu\u00ed Forma\u00e7\u00e3o E-LEARNING (\u00e0 dist\u00e2ncia)","date":"Setembro 11, 2020","format":false,"excerpt":"Antes de preencher o formul\u00e1rio leia a nossa\u00a0Pol\u00edtica de Utiliza\u00e7\u00e3o do S\u00edtio e \u00c1rea de Cliente\u00a0,\u00a0Pol\u00edtica de Privacidade\u00a0e\u00a0Pol\u00edtica de Prote\u00e7\u00e3o de Dados Pessoais (RGPD).\u00a0Os seus dados pessoais contidos neste formul\u00e1rio, tais como o seu nome, telefone e endere\u00e7o de correio eletr\u00f3nico, ser\u00e3o armazenados pelo per\u00edodo de 30 dias.\u00a0Caso n\u00e3o concorde\u2026","rel":"","context":"Similar post","img":{"alt_text":"","src":"","width":0,"height":0},"classes":[]},{"id":3364,"url":"https:\/\/medilogics.pt\/home\/desconto-de-30-formacao-profissional-obrigatoria\/","url_meta":{"origin":783,"position":2},"title":"Desconto de 30% Forma\u00e7\u00e3o Profissional Obrigat\u00f3ria","date":"Janeiro 18, 2021","format":false,"excerpt":"Antes de preencher o formul\u00e1rio leia a nossa\u00a0Pol\u00edtica de Utiliza\u00e7\u00e3o do S\u00edtio e \u00c1rea de Cliente\u00a0,\u00a0Pol\u00edtica de Privacidade\u00a0e\u00a0Pol\u00edtica de Prote\u00e7\u00e3o de Dados Pessoais (RGPD).\u00a0Os seus dados pessoais contidos neste formul\u00e1rio, tais como o seu nome, telefone e endere\u00e7o de correio eletr\u00f3nico, ser\u00e3o armazenados pelo per\u00edodo de 30 dias.\u00a0Caso n\u00e3o concorde\u2026","rel":"","context":"Similar post","img":{"alt_text":"","src":"","width":0,"height":0},"classes":[]},{"id":840,"url":"https:\/\/medilogics.pt\/home\/calendario-formacao-sst\/","url_meta":{"origin":783,"position":3},"title":"Calend\u00e1rio de Forma\u00e7\u00e3o &#8211; Seguran\u00e7a e Sa\u00fade no Trabalho (No\u00e7\u00f5es Gerais)","date":"Janeiro 11, 2018","format":false,"excerpt":"Veja aqui o calend\u00e1rio de forma\u00e7\u00e3o \"Seguran\u00e7a e Sa\u00fade no Trabalho (No\u00e7\u00f5es Gerais)\" Abrir calend\u00e1rio numa janela separada.","rel":"","context":"Similar post","img":{"alt_text":"","src":"","width":0,"height":0},"classes":[]},{"id":65,"url":"https:\/\/medilogics.pt\/home\/seguranca-no-trabalho-fp\/","url_meta":{"origin":783,"position":4},"title":"Seguran\u00e7a no Trabalho","date":"Agosto 24, 2017","format":false,"excerpt":"A Seguran\u00e7a no Trabalho proporciona um ambiente de trabalho mais seguro e saud\u00e1vel . Com vista a cumprir o objectivo de melhorar as condi\u00e7\u00f5es de trabalho dos seus clientes, tendo em conta que cerca de 50% da nossa vida \u00e9 passada no exerc\u00edcio de uma atividade profissional, a Medilogics disp\u00f5e\u2026","rel":"","context":"Similar post","img":{"alt_text":"Seguran\u00e7a no Trabalho","src":"https:\/\/i0.wp.com\/medilogics.pt\/home\/wp-content\/uploads\/2017\/08\/seguranca.jpg?fit=1200%2C617&ssl=1&resize=350%2C200","width":350,"height":200},"classes":[]},{"id":116,"url":"https:\/\/medilogics.pt\/home\/seguranca-no-trabalho\/","url_meta":{"origin":783,"position":5},"title":"Seguran\u00e7a no Trabalho","date":"Agosto 24, 2017","format":false,"excerpt":"A Seguran\u00e7a no Trabalho proporciona um ambiente de trabalho mais seguro e saud\u00e1vel . Um bom n\u00edvel de SST traz vantagens. Preencha este formul\u00e1rio e seja contactado sem qualquer compromisso para saber mais sobre estas vantagens. Antes de preencher o formul\u00e1rio leia a nossa Pol\u00edtica de Utiliza\u00e7\u00e3o do S\u00edtio e\u2026","rel":"","context":"Similar post","img":{"alt_text":"","src":"https:\/\/i0.wp.com\/medilogics.pt\/home\/wp-content\/uploads\/2017\/08\/single_article_seguran\u00c3\u00a7a.png?resize=350%2C200&ssl=1","width":350,"height":200},"classes":[]}],"amp_enabled":true,"_links":{"self":[{"href":"https:\/\/medilogics.pt\/home\/wp-json\/wp\/v2\/pages\/783"}],"collection":[{"href":"https:\/\/medilogics.pt\/home\/wp-json\/wp\/v2\/pages"}],"about":[{"href":"https:\/\/medilogics.pt\/home\/wp-json\/wp\/v2\/types\/page"}],"author":[{"embeddable":true,"href":"https:\/\/medilogics.pt\/home\/wp-json\/wp\/v2\/users\/1"}],"replies":[{"embeddable":true,"href":"https:\/\/medilogics.pt\/home\/wp-json\/wp\/v2\/comments?post=783"}],"version-history":[{"count":11,"href":"https:\/\/medilogics.pt\/home\/wp-json\/wp\/v2\/pages\/783\/revisions"}],"predecessor-version":[{"id":5658,"href":"https:\/\/medilogics.pt\/home\/wp-json\/wp\/v2\/pages\/783\/revisions\/5658"}],"wp:attachment":[{"href":"https:\/\/medilogics.pt\/home\/wp-json\/wp\/v2\/media?parent=783"}],"curies":[{"name":"wp","href":"https:\/\/api.w.org\/{rel}","templated":true}]}}