{"id":840,"date":"2018-01-11T15:12:41","date_gmt":"2018-01-11T15:12:41","guid":{"rendered":"https:\/\/medilogics.pt\/home\/?page_id=840"},"modified":"2019-01-17T16:13:03","modified_gmt":"2019-01-17T15:13:03","slug":"calendario-formacao-sst","status":"publish","type":"page","link":"https:\/\/medilogics.pt\/home\/calendario-formacao-sst\/","title":{"rendered":"Calend\u00e1rio de Forma\u00e7\u00e3o &#8211; Seguran\u00e7a e Sa\u00fade no Trabalho (No\u00e7\u00f5es Gerais)"},"content":{"rendered":"<h1>Veja aqui o calend\u00e1rio de forma\u00e7\u00e3o &#8220;Seguran\u00e7a e Sa\u00fade no Trabalho (No\u00e7\u00f5es Gerais)&#8221;<\/h1>\n<p style=\"text-align: center;\"><a href=\"https:\/\/calendar.google.com\/calendar\/embed?src=medilogics.pt_ato5grvga7f7kjrgpuc2qbj2bk%40group.calendar.google.com&amp;ctz=Europe%2FLisbon\" target=\"_blank\" rel=\"noopener\">Abrir calend\u00e1rio numa janela separada<\/a>.<\/p>\n<style type=\"text\/css\">\r\n       .errordiv { padding:10px; margin:10px; border: 1px solid #555555;color: #000000;background-color: #f8f8f8; width:500px; }#advanced_iframe {visibility:visible;opacity:1;vertical-align:top;}.ai-info-bottom-iframe { position: fixed; z-index: 10000; bottom:0; left: 0; margin: 0px; text-align: center; width: 100%; background-color: #ff9999; padding-left: 5px;padding-bottom: 5px; border-top: 1px solid #aaa } a.ai-bold {font-weight: bold;}#ai-layer-div-advanced_iframe p {height:100%;margin:0;padding:0}<\/style><script type=\"text\/javascript\">var ai_iframe_width_advanced_iframe = 0;var ai_iframe_height_advanced_iframe = 0;var aiIsIe8=false;var aiOnloadScrollTop=\"true\";var aiShowDebug=false;\r\n\t\tif (typeof aiReadyCallbacks === 'undefined') {\r\n\t\t\tvar aiReadyCallbacks = [];  \r\n\t\t} else if (!(aiReadyCallbacks instanceof Array)) {\r\n\t\t\tvar aiReadyCallbacks = [];\r\n\t\t}    function aiShowIframeId(id_iframe) { jQuery(\"#\"+id_iframe).css(\"visibility\", \"visible\");    }    function aiResizeIframeHeight(height) { aiResizeIframeHeight(height,advanced_iframe); }    function aiResizeIframeHeightId(height,width,id) {aiResizeIframeHeightById(id,height);}<\/script><iframe id=\"advanced_iframe\"  name=\"advanced_iframe\"  src=\"https:\/\/calendar.google.com\/calendar\/embed?src=medilogics.pt_ato5grvga7f7kjrgpuc2qbj2bk%40group.calendar.google.com&#038;ctz=Europe%2FLisbon\"  width=\"100%\"  height=\"600\"  frameborder=\"0\"  allowtransparency=\"true\"  loading=\"lazy\"  style=\";width:100%;height:600px;\"  onload='aiResizeIframe(this, &quot;false&quot;,&quot;1&quot;)' ><\/iframe><script type=\"text\/javascript\">var ifrm_advanced_iframe = document.getElementById(\"advanced_iframe\");var hiddenTabsDoneadvanced_iframe = false;\r\nfunction resizeCallbackadvanced_iframe() {}<\/script><script type=\"text\/javascript\"><\/script>\n","protected":false},"excerpt":{"rendered":"<p>Veja aqui o calend\u00e1rio de forma\u00e7\u00e3o &#8220;Seguran\u00e7a e Sa\u00fade no Trabalho (No\u00e7\u00f5es Gerais)&#8221; Abrir calend\u00e1rio numa janela separada.<\/p>\n","protected":false},"author":1,"featured_media":0,"parent":0,"menu_order":0,"comment_status":"closed","ping_status":"closed","template":"","meta":{"_links_to":"","_links_to_target":""},"yoast_head":"<!-- This site is optimized with the Yoast SEO plugin v19.5.1 - https:\/\/yoast.com\/wordpress\/plugins\/seo\/ -->\n<title>Calend\u00e1rio de Forma\u00e7\u00e3o - Seguran\u00e7a e Sa\u00fade no Trabalho (No\u00e7\u00f5es Gerais) | MEDILOGICS Servi\u00e7os M\u00e9dicos SA<\/title>\n<meta name=\"description\" content=\"Veja aqui o calend\u00e1rio de forma\u00e7\u00f5es profissionais que v\u00e3o ser lecionadas.\" \/>\n<meta name=\"robots\" content=\"index, follow, max-snippet:-1, max-image-preview:large, max-video-preview:-1\" \/>\n<link rel=\"canonical\" href=\"https:\/\/medilogics.pt\/home\/calendario-formacao-sst\/\" \/>\n<meta property=\"og:locale\" content=\"pt_PT\" \/>\n<meta property=\"og:type\" content=\"article\" \/>\n<meta property=\"og:title\" content=\"Calend\u00e1rio de Forma\u00e7\u00e3o - Seguran\u00e7a e Sa\u00fade no Trabalho (No\u00e7\u00f5es Gerais) | MEDILOGICS Servi\u00e7os M\u00e9dicos SA\" \/>\n<meta property=\"og:description\" content=\"Veja aqui o calend\u00e1rio de forma\u00e7\u00f5es profissionais que v\u00e3o ser lecionadas.\" \/>\n<meta property=\"og:url\" content=\"https:\/\/medilogics.pt\/home\/calendario-formacao-sst\/\" \/>\n<meta property=\"og:site_name\" content=\"MEDILOGICS Servi\u00e7os M\u00e9dicos SA\" \/>\n<meta property=\"article:publisher\" content=\"https:\/\/www.facebook.com\/medilogicssa\/\" \/>\n<meta property=\"article:modified_time\" content=\"2019-01-17T15:13:03+00:00\" \/>\n<meta name=\"twitter:card\" content=\"summary\" \/>\n<meta name=\"twitter:site\" content=\"@medilogics\" \/>\n<script type=\"application\/ld+json\" class=\"yoast-schema-graph\">{\"@context\":\"https:\/\/schema.org\",\"@graph\":[{\"@type\":\"WebPage\",\"@id\":\"https:\/\/medilogics.pt\/home\/calendario-formacao-sst\/\",\"url\":\"https:\/\/medilogics.pt\/home\/calendario-formacao-sst\/\",\"name\":\"Calend\u00e1rio de Forma\u00e7\u00e3o - Seguran\u00e7a e Sa\u00fade no Trabalho (No\u00e7\u00f5es Gerais) | MEDILOGICS Servi\u00e7os M\u00e9dicos SA\",\"isPartOf\":{\"@id\":\"https:\/\/medilogics.pt\/home\/#website\"},\"datePublished\":\"2018-01-11T15:12:41+00:00\",\"dateModified\":\"2019-01-17T15:13:03+00:00\",\"description\":\"Veja aqui o calend\u00e1rio de forma\u00e7\u00f5es profissionais que v\u00e3o ser lecionadas.\",\"breadcrumb\":{\"@id\":\"https:\/\/medilogics.pt\/home\/calendario-formacao-sst\/#breadcrumb\"},\"inLanguage\":\"pt-PT\",\"potentialAction\":[{\"@type\":\"ReadAction\",\"target\":[\"https:\/\/medilogics.pt\/home\/calendario-formacao-sst\/\"]}]},{\"@type\":\"BreadcrumbList\",\"@id\":\"https:\/\/medilogics.pt\/home\/calendario-formacao-sst\/#breadcrumb\",\"itemListElement\":[{\"@type\":\"ListItem\",\"position\":1,\"name\":\"In\u00edcio\",\"item\":\"https:\/\/medilogics.pt\/home\/\"},{\"@type\":\"ListItem\",\"position\":2,\"name\":\"Calend\u00e1rio de Forma\u00e7\u00e3o &#8211; Seguran\u00e7a e Sa\u00fade no Trabalho (No\u00e7\u00f5es Gerais)\"}]},{\"@type\":\"WebSite\",\"@id\":\"https:\/\/medilogics.pt\/home\/#website\",\"url\":\"https:\/\/medilogics.pt\/home\/\",\"name\":\"MEDILOGICS Servi\u00e7os M\u00e9dicos SA\",\"description\":\"Seguran\u00e7a e Sa\u00fade no Trabalho\",\"publisher\":{\"@id\":\"https:\/\/medilogics.pt\/home\/#organization\"},\"potentialAction\":[{\"@type\":\"SearchAction\",\"target\":{\"@type\":\"EntryPoint\",\"urlTemplate\":\"https:\/\/medilogics.pt\/home\/?s={search_term_string}\"},\"query-input\":\"required name=search_term_string\"}],\"inLanguage\":\"pt-PT\"},{\"@type\":\"Organization\",\"@id\":\"https:\/\/medilogics.pt\/home\/#organization\",\"name\":\"Medilogics Servicos Medicos SA\",\"url\":\"https:\/\/medilogics.pt\/home\/\",\"sameAs\":[\"https:\/\/www.instagram.com\/medilogics\/\",\"https:\/\/www.linkedin.com\/company\/medilogics\",\"https:\/\/www.youtube.com\/c\/MedilogicsPtsa\",\"https:\/\/www.facebook.com\/medilogicssa\/\",\"https:\/\/twitter.com\/medilogics\"],\"logo\":{\"@type\":\"ImageObject\",\"inLanguage\":\"pt-PT\",\"@id\":\"https:\/\/medilogics.pt\/home\/#\/schema\/logo\/image\/\",\"url\":\"https:\/\/i1.wp.com\/medilogics.pt\/home\/wp-content\/uploads\/2017\/10\/logotipo_empsaud_medilogics_medio.jpg?fit=500%2C175&ssl=1\",\"contentUrl\":\"https:\/\/i1.wp.com\/medilogics.pt\/home\/wp-content\/uploads\/2017\/10\/logotipo_empsaud_medilogics_medio.jpg?fit=500%2C175&ssl=1\",\"width\":500,\"height\":175,\"caption\":\"Medilogics Servicos Medicos SA\"},\"image\":{\"@id\":\"https:\/\/medilogics.pt\/home\/#\/schema\/logo\/image\/\"}}]}<\/script>\n<!-- \/ Yoast SEO plugin. -->","yoast_head_json":{"title":"Calend\u00e1rio de Forma\u00e7\u00e3o - Seguran\u00e7a e Sa\u00fade no Trabalho (No\u00e7\u00f5es Gerais) | MEDILOGICS Servi\u00e7os M\u00e9dicos SA","description":"Veja aqui o calend\u00e1rio de forma\u00e7\u00f5es profissionais que v\u00e3o ser lecionadas.","robots":{"index":"index","follow":"follow","max-snippet":"max-snippet:-1","max-image-preview":"max-image-preview:large","max-video-preview":"max-video-preview:-1"},"canonical":"https:\/\/medilogics.pt\/home\/calendario-formacao-sst\/","og_locale":"pt_PT","og_type":"article","og_title":"Calend\u00e1rio de Forma\u00e7\u00e3o - Seguran\u00e7a e Sa\u00fade no Trabalho (No\u00e7\u00f5es Gerais) | MEDILOGICS Servi\u00e7os M\u00e9dicos SA","og_description":"Veja aqui o calend\u00e1rio de forma\u00e7\u00f5es profissionais que v\u00e3o ser lecionadas.","og_url":"https:\/\/medilogics.pt\/home\/calendario-formacao-sst\/","og_site_name":"MEDILOGICS Servi\u00e7os M\u00e9dicos SA","article_publisher":"https:\/\/www.facebook.com\/medilogicssa\/","article_modified_time":"2019-01-17T15:13:03+00:00","twitter_card":"summary","twitter_site":"@medilogics","schema":{"@context":"https:\/\/schema.org","@graph":[{"@type":"WebPage","@id":"https:\/\/medilogics.pt\/home\/calendario-formacao-sst\/","url":"https:\/\/medilogics.pt\/home\/calendario-formacao-sst\/","name":"Calend\u00e1rio de Forma\u00e7\u00e3o - Seguran\u00e7a e Sa\u00fade no Trabalho (No\u00e7\u00f5es Gerais) | MEDILOGICS Servi\u00e7os M\u00e9dicos SA","isPartOf":{"@id":"https:\/\/medilogics.pt\/home\/#website"},"datePublished":"2018-01-11T15:12:41+00:00","dateModified":"2019-01-17T15:13:03+00:00","description":"Veja aqui o calend\u00e1rio de forma\u00e7\u00f5es profissionais que v\u00e3o ser lecionadas.","breadcrumb":{"@id":"https:\/\/medilogics.pt\/home\/calendario-formacao-sst\/#breadcrumb"},"inLanguage":"pt-PT","potentialAction":[{"@type":"ReadAction","target":["https:\/\/medilogics.pt\/home\/calendario-formacao-sst\/"]}]},{"@type":"BreadcrumbList","@id":"https:\/\/medilogics.pt\/home\/calendario-formacao-sst\/#breadcrumb","itemListElement":[{"@type":"ListItem","position":1,"name":"In\u00edcio","item":"https:\/\/medilogics.pt\/home\/"},{"@type":"ListItem","position":2,"name":"Calend\u00e1rio de Forma\u00e7\u00e3o &#8211; Seguran\u00e7a e Sa\u00fade no Trabalho (No\u00e7\u00f5es Gerais)"}]},{"@type":"WebSite","@id":"https:\/\/medilogics.pt\/home\/#website","url":"https:\/\/medilogics.pt\/home\/","name":"MEDILOGICS Servi\u00e7os M\u00e9dicos SA","description":"Seguran\u00e7a e Sa\u00fade no Trabalho","publisher":{"@id":"https:\/\/medilogics.pt\/home\/#organization"},"potentialAction":[{"@type":"SearchAction","target":{"@type":"EntryPoint","urlTemplate":"https:\/\/medilogics.pt\/home\/?s={search_term_string}"},"query-input":"required name=search_term_string"}],"inLanguage":"pt-PT"},{"@type":"Organization","@id":"https:\/\/medilogics.pt\/home\/#organization","name":"Medilogics Servicos Medicos SA","url":"https:\/\/medilogics.pt\/home\/","sameAs":["https:\/\/www.instagram.com\/medilogics\/","https:\/\/www.linkedin.com\/company\/medilogics","https:\/\/www.youtube.com\/c\/MedilogicsPtsa","https:\/\/www.facebook.com\/medilogicssa\/","https:\/\/twitter.com\/medilogics"],"logo":{"@type":"ImageObject","inLanguage":"pt-PT","@id":"https:\/\/medilogics.pt\/home\/#\/schema\/logo\/image\/","url":"https:\/\/i1.wp.com\/medilogics.pt\/home\/wp-content\/uploads\/2017\/10\/logotipo_empsaud_medilogics_medio.jpg?fit=500%2C175&ssl=1","contentUrl":"https:\/\/i1.wp.com\/medilogics.pt\/home\/wp-content\/uploads\/2017\/10\/logotipo_empsaud_medilogics_medio.jpg?fit=500%2C175&ssl=1","width":500,"height":175,"caption":"Medilogics Servicos Medicos SA"},"image":{"@id":"https:\/\/medilogics.pt\/home\/#\/schema\/logo\/image\/"}}]}},"jetpack_sharing_enabled":true,"jetpack_shortlink":"https:\/\/wp.me\/P9hLDY-dy","jetpack_likes_enabled":true,"jetpack-related-posts":[{"id":73,"url":"https:\/\/medilogics.pt\/home\/formacao-profissional-fp\/","url_meta":{"origin":840,"position":0},"title":"Forma\u00e7\u00e3o Profissional","date":"Agosto 24, 2017","format":false,"excerpt":"Forma\u00e7\u00e3o Profissional pr\u00e1tica e de aplica\u00e7\u00e3o imediata. A Medilogics oferece um programa de forma\u00e7\u00e3o profissional que assenta em hor\u00e1rios curtos, modulares e com conte\u00fados muito pr\u00e1ticos. Assim, \u00e9 poss\u00edvel desenhar uma forma\u00e7\u00e3o regular e multi conte\u00fados para os seus colaboradores, f\u00e1cil de concretizar. Al\u00e9m disso , a forma\u00e7\u00e3o Medilogics, est\u00e1\u2026","rel":"","context":"Similar post","img":{"alt_text":"","src":"https:\/\/i0.wp.com\/medilogics.pt\/home\/wp-content\/uploads\/2021\/04\/fundo_site_formacao-scaled.jpg?fit=1200%2C678&ssl=1&resize=350%2C200","width":350,"height":200},"classes":[]},{"id":65,"url":"https:\/\/medilogics.pt\/home\/seguranca-no-trabalho-fp\/","url_meta":{"origin":840,"position":1},"title":"Seguran\u00e7a no Trabalho","date":"Agosto 24, 2017","format":false,"excerpt":"A Seguran\u00e7a no Trabalho proporciona um ambiente de trabalho mais seguro e saud\u00e1vel . Com vista a cumprir o objectivo de melhorar as condi\u00e7\u00f5es de trabalho dos seus clientes, tendo em conta que cerca de 50% da nossa vida \u00e9 passada no exerc\u00edcio de uma atividade profissional, a Medilogics disp\u00f5e\u2026","rel":"","context":"Similar post","img":{"alt_text":"Seguran\u00e7a no Trabalho","src":"https:\/\/i0.wp.com\/medilogics.pt\/home\/wp-content\/uploads\/2017\/08\/seguranca.jpg?fit=1200%2C617&ssl=1&resize=350%2C200","width":350,"height":200},"classes":[]},{"id":1798,"url":"https:\/\/medilogics.pt\/home\/higiene-e-seguranca-no-trabalho\/","url_meta":{"origin":840,"position":2},"title":"Higiene e Seguran\u00e7a no Trabalho","date":"Agosto 16, 2018","format":false,"excerpt":"A Higiene e Seguran\u00e7a no Trabalho proporciona um ambiente de trabalho mais seguro e saud\u00e1vel. Preencha este formul\u00e1rio e seja contactado sem qualquer compromisso para saber mais sobre estas vantagens. Antes de preencher o formul\u00e1rio leia a nossa Pol\u00edtica de Utiliza\u00e7\u00e3o do S\u00edtio e \u00c1rea de Cliente , Pol\u00edtica de\u2026","rel":"","context":"Similar post","img":{"alt_text":"","src":"","width":0,"height":0},"classes":[]},{"id":116,"url":"https:\/\/medilogics.pt\/home\/seguranca-no-trabalho\/","url_meta":{"origin":840,"position":3},"title":"Seguran\u00e7a no Trabalho","date":"Agosto 24, 2017","format":false,"excerpt":"A Seguran\u00e7a no Trabalho proporciona um ambiente de trabalho mais seguro e saud\u00e1vel . Um bom n\u00edvel de SST traz vantagens. Preencha este formul\u00e1rio e seja contactado sem qualquer compromisso para saber mais sobre estas vantagens. Antes de preencher o formul\u00e1rio leia a nossa Pol\u00edtica de Utiliza\u00e7\u00e3o do S\u00edtio e\u2026","rel":"","context":"Similar post","img":{"alt_text":"","src":"https:\/\/i0.wp.com\/medilogics.pt\/home\/wp-content\/uploads\/2017\/08\/single_article_seguran\u00c3\u00a7a.png?resize=350%2C200&ssl=1","width":350,"height":200},"classes":[]},{"id":7,"url":"https:\/\/medilogics.pt\/home\/","url_meta":{"origin":840,"position":4},"title":"Seguran\u00e7a e Sa\u00fade no Trabalho","date":"Agosto 23, 2017","format":false,"excerpt":"Bem vindo \u00e0 Medilogics. Somos uma empresa que presta servi\u00e7os na \u00e1rea da Seguran\u00e7a e Sa\u00fade no Trabalho. Desde 2003, com um servi\u00e7o diferenciado e de qualidade, sendo estes atributos reconhecidos pelos clientes. Estamos autorizados pela Autoridade para as Condi\u00e7\u00f5es do Trabalho (ACT) e Dire\u00e7\u00e3o Geral de Sa\u00fade (DGS) em\u2026","rel":"","context":"Similar post","img":{"alt_text":"ACT","src":"https:\/\/i0.wp.com\/medilogics.pt\/home\/wp-content\/uploads\/2018\/03\/act.png?resize=350%2C200&ssl=1","width":350,"height":200},"classes":[]},{"id":8,"url":"https:\/\/medilogics.pt\/home\/sobre\/","url_meta":{"origin":840,"position":5},"title":"Sobre n\u00f3s","date":"Agosto 23, 2017","format":false,"excerpt":"Bem vindo \u00e0 Medilogics. Somos uma empresa que presta Servi\u00e7os na \u00e1rea da Seguran\u00e7a e Sa\u00fade no Trabalho. Desde 2003, com um servi\u00e7o de seguran\u00e7a e sa\u00fade no trabalho diferenciado e de qualidade. Sendo estes atributos reconhecidos pelos seus clientes. Autorizada pela Autoridade para as Condi\u00e7\u00f5es do Trabalho (ACT) e\u2026","rel":"","context":"Similar post","img":{"alt_text":"","src":"https:\/\/i0.wp.com\/medilogics.pt\/home\/wp-content\/uploads\/2017\/08\/sobre_nos_piramide.png?resize=350%2C200&ssl=1","width":350,"height":200},"classes":[]}],"amp_enabled":true,"_links":{"self":[{"href":"https:\/\/medilogics.pt\/home\/wp-json\/wp\/v2\/pages\/840"}],"collection":[{"href":"https:\/\/medilogics.pt\/home\/wp-json\/wp\/v2\/pages"}],"about":[{"href":"https:\/\/medilogics.pt\/home\/wp-json\/wp\/v2\/types\/page"}],"author":[{"embeddable":true,"href":"https:\/\/medilogics.pt\/home\/wp-json\/wp\/v2\/users\/1"}],"replies":[{"embeddable":true,"href":"https:\/\/medilogics.pt\/home\/wp-json\/wp\/v2\/comments?post=840"}],"version-history":[{"count":2,"href":"https:\/\/medilogics.pt\/home\/wp-json\/wp\/v2\/pages\/840\/revisions"}],"predecessor-version":[{"id":2022,"href":"https:\/\/medilogics.pt\/home\/wp-json\/wp\/v2\/pages\/840\/revisions\/2022"}],"wp:attachment":[{"href":"https:\/\/medilogics.pt\/home\/wp-json\/wp\/v2\/media?parent=840"}],"curies":[{"name":"wp","href":"https:\/\/api.w.org\/{rel}","templated":true}]}}