{"id":87,"date":"2017-08-24T11:33:26","date_gmt":"2017-08-24T11:33:26","guid":{"rendered":"https:\/\/medilogics.pt\/home\/?page_id=87"},"modified":"2018-02-09T15:58:07","modified_gmt":"2018-02-09T15:58:07","slug":"check-up","status":"publish","type":"page","link":"https:\/\/medilogics.pt\/home\/check-up\/","title":{"rendered":"Estado de Sa\u00fade (Check up)"},"content":{"rendered":"<p><img data-attachment-id=\"262\" data-permalink=\"https:\/\/medilogics.pt\/home\/check-up\/single_article_checkup\/\" data-orig-file=\"https:\/\/i0.wp.com\/medilogics.pt\/home\/wp-content\/uploads\/2017\/08\/single_article_checkup.png?fit=520%2C200&amp;ssl=1\" data-orig-size=\"520,200\" data-comments-opened=\"1\" data-image-meta=\"{&quot;aperture&quot;:&quot;0&quot;,&quot;credit&quot;:&quot;&quot;,&quot;camera&quot;:&quot;&quot;,&quot;caption&quot;:&quot;&quot;,&quot;created_timestamp&quot;:&quot;0&quot;,&quot;copyright&quot;:&quot;&quot;,&quot;focal_length&quot;:&quot;0&quot;,&quot;iso&quot;:&quot;0&quot;,&quot;shutter_speed&quot;:&quot;0&quot;,&quot;title&quot;:&quot;&quot;,&quot;orientation&quot;:&quot;0&quot;}\" data-image-title=\"single_article_checkup\" data-image-description=\"\" data-image-caption=\"\" data-medium-file=\"https:\/\/i0.wp.com\/medilogics.pt\/home\/wp-content\/uploads\/2017\/08\/single_article_checkup.png?fit=300%2C115&amp;ssl=1\" data-large-file=\"https:\/\/i0.wp.com\/medilogics.pt\/home\/wp-content\/uploads\/2017\/08\/single_article_checkup.png?fit=520%2C200&amp;ssl=1\" loading=\"lazy\" class=\"aligncenter wp-image-262 size-full\" title=\"Estado de Sa\u00fade (Check Up)\" src=\"https:\/\/i0.wp.com\/medilogics.pt\/home\/wp-content\/uploads\/2017\/08\/single_article_checkup.png?resize=520%2C200&#038;ssl=1\" alt=\"Estado de Sa\u00fade (Check Up)\" width=\"520\" height=\"200\" srcset=\"https:\/\/i0.wp.com\/medilogics.pt\/home\/wp-content\/uploads\/2017\/08\/single_article_checkup.png?w=520&amp;ssl=1 520w, https:\/\/i0.wp.com\/medilogics.pt\/home\/wp-content\/uploads\/2017\/08\/single_article_checkup.png?resize=300%2C115&amp;ssl=1 300w\" sizes=\"(max-width: 520px) 100vw, 520px\" data-recalc-dims=\"1\" \/><\/p>\n<h2>Avalia\u00e7\u00e3o global do estado de sa\u00fade<\/h2>\n<p>Para uma avalia\u00e7\u00e3o global do estado de sa\u00fade (Check up) em qualquer idade e para actuar como preven\u00e7\u00e3o futura, a Medilogics possui um servi\u00e7o de Check-up baseado nas recomenda\u00e7\u00f5es da <a href=\"https:\/\/www.uspreventiveservicestaskforce.org\/\" target=\"_blank\" rel=\"noopener\">U.S. Preventive Services Task Force<\/a> e da <a href=\"https:\/\/www.escardio.org\/\" target=\"_blank\" rel=\"noopener\">Sociedade Europeia de Cardiologia<\/a>, que se divide em duas fases:<\/p>\n<ul>\n<li>1\u00aa Fase: exames e an\u00e1lises espec\u00edficas (incluindo radiografias e ecografias), adaptados em fun\u00e7\u00e3o da idade e da actividade desenvolvida, e respectiva consulta m\u00e9dica.<\/li>\n<li>2\u00aa Fase &#8211; relat\u00f3rio com:\n<ul>\n<li>Factores de risco encontrados e propostas para a sua correc\u00e7\u00e3o;<\/li>\n<li>Medidas preventivas adequadas ao sexo e ao escal\u00e3o et\u00e1rio;<\/li>\n<li>Indica\u00e7\u00e3o da data adequada para realiza\u00e7\u00e3o de novo Check-Up<\/li>\n<\/ul>\n<\/li>\n<\/ul>\n","protected":false},"excerpt":{"rendered":"<p>Avalia\u00e7\u00e3o global do estado de sa\u00fade Para uma avalia\u00e7\u00e3o global do estado de sa\u00fade (Check up) em qualquer idade e para actuar como preven\u00e7\u00e3o futura, a Medilogics possui um servi\u00e7o de Check-up baseado nas recomenda\u00e7\u00f5es da U.S. Preventive Services Task Force e da Sociedade Europeia de Cardiologia, que se divide em duas fases: 1\u00aa Fase: &hellip; <\/p>\n<p class=\"link-more\"><a href=\"https:\/\/medilogics.pt\/home\/check-up\/\" class=\"more-link\">Continuar a ler <span class=\"screen-reader-text\">&#8220;Estado de Sa\u00fade (Check up)&#8221;<\/span><\/a><\/p>\n","protected":false},"author":1,"featured_media":0,"parent":0,"menu_order":0,"comment_status":"closed","ping_status":"closed","template":"","meta":{"_links_to":"","_links_to_target":""},"yoast_head":"<!-- This site is optimized with the Yoast SEO plugin v19.5.1 - https:\/\/yoast.com\/wordpress\/plugins\/seo\/ -->\n<title>Estado de Sa\u00fade (Check up) | MEDILOGICS Servi\u00e7os M\u00e9dicos SA<\/title>\n<meta name=\"description\" content=\"Para uma avalia\u00e7\u00e3o global do estado de sa\u00fade em qualquer idade e para actuar como preven\u00e7\u00e3o futura, a Medilogics possui um servi\u00e7o de Check-up.\" \/>\n<meta name=\"robots\" content=\"index, follow, max-snippet:-1, max-image-preview:large, max-video-preview:-1\" \/>\n<link rel=\"canonical\" href=\"https:\/\/medilogics.pt\/home\/check-up\/\" \/>\n<meta property=\"og:locale\" content=\"pt_PT\" \/>\n<meta property=\"og:type\" content=\"article\" \/>\n<meta property=\"og:title\" content=\"Estado de Sa\u00fade (Check up) | MEDILOGICS Servi\u00e7os M\u00e9dicos SA\" \/>\n<meta property=\"og:description\" content=\"Para uma avalia\u00e7\u00e3o global do estado de sa\u00fade em qualquer idade e para actuar como preven\u00e7\u00e3o futura, a Medilogics possui um servi\u00e7o de Check-up.\" \/>\n<meta property=\"og:url\" content=\"https:\/\/medilogics.pt\/home\/check-up\/\" \/>\n<meta property=\"og:site_name\" content=\"MEDILOGICS Servi\u00e7os M\u00e9dicos SA\" \/>\n<meta property=\"article:publisher\" content=\"https:\/\/www.facebook.com\/medilogicssa\/\" \/>\n<meta property=\"article:modified_time\" content=\"2018-02-09T15:58:07+00:00\" \/>\n<meta property=\"og:image\" content=\"https:\/\/medilogics.pt\/home\/wp-content\/uploads\/2017\/08\/single_article_checkup.png\" \/>\n<meta name=\"twitter:card\" content=\"summary\" \/>\n<meta name=\"twitter:site\" content=\"@medilogics\" \/>\n<meta name=\"twitter:label1\" content=\"Tempo estimado de leitura\" \/>\n\t<meta name=\"twitter:data1\" content=\"1 minuto\" \/>\n<script type=\"application\/ld+json\" class=\"yoast-schema-graph\">{\"@context\":\"https:\/\/schema.org\",\"@graph\":[{\"@type\":\"WebPage\",\"@id\":\"https:\/\/medilogics.pt\/home\/check-up\/\",\"url\":\"https:\/\/medilogics.pt\/home\/check-up\/\",\"name\":\"Estado de Sa\u00fade (Check up) | MEDILOGICS Servi\u00e7os M\u00e9dicos SA\",\"isPartOf\":{\"@id\":\"https:\/\/medilogics.pt\/home\/#website\"},\"datePublished\":\"2017-08-24T11:33:26+00:00\",\"dateModified\":\"2018-02-09T15:58:07+00:00\",\"description\":\"Para uma avalia\u00e7\u00e3o global do estado de sa\u00fade em qualquer idade e para actuar como preven\u00e7\u00e3o futura, a Medilogics possui um servi\u00e7o de Check-up.\",\"breadcrumb\":{\"@id\":\"https:\/\/medilogics.pt\/home\/check-up\/#breadcrumb\"},\"inLanguage\":\"pt-PT\",\"potentialAction\":[{\"@type\":\"ReadAction\",\"target\":[\"https:\/\/medilogics.pt\/home\/check-up\/\"]}]},{\"@type\":\"BreadcrumbList\",\"@id\":\"https:\/\/medilogics.pt\/home\/check-up\/#breadcrumb\",\"itemListElement\":[{\"@type\":\"ListItem\",\"position\":1,\"name\":\"In\u00edcio\",\"item\":\"https:\/\/medilogics.pt\/home\/\"},{\"@type\":\"ListItem\",\"position\":2,\"name\":\"Estado de Sa\u00fade (Check up)\"}]},{\"@type\":\"WebSite\",\"@id\":\"https:\/\/medilogics.pt\/home\/#website\",\"url\":\"https:\/\/medilogics.pt\/home\/\",\"name\":\"MEDILOGICS Servi\u00e7os M\u00e9dicos SA\",\"description\":\"Seguran\u00e7a e Sa\u00fade no Trabalho\",\"publisher\":{\"@id\":\"https:\/\/medilogics.pt\/home\/#organization\"},\"potentialAction\":[{\"@type\":\"SearchAction\",\"target\":{\"@type\":\"EntryPoint\",\"urlTemplate\":\"https:\/\/medilogics.pt\/home\/?s={search_term_string}\"},\"query-input\":\"required name=search_term_string\"}],\"inLanguage\":\"pt-PT\"},{\"@type\":\"Organization\",\"@id\":\"https:\/\/medilogics.pt\/home\/#organization\",\"name\":\"Medilogics Servicos Medicos SA\",\"url\":\"https:\/\/medilogics.pt\/home\/\",\"sameAs\":[\"https:\/\/www.instagram.com\/medilogics\/\",\"https:\/\/www.linkedin.com\/company\/medilogics\",\"https:\/\/www.youtube.com\/c\/MedilogicsPtsa\",\"https:\/\/www.facebook.com\/medilogicssa\/\",\"https:\/\/twitter.com\/medilogics\"],\"logo\":{\"@type\":\"ImageObject\",\"inLanguage\":\"pt-PT\",\"@id\":\"https:\/\/medilogics.pt\/home\/#\/schema\/logo\/image\/\",\"url\":\"https:\/\/i1.wp.com\/medilogics.pt\/home\/wp-content\/uploads\/2017\/10\/logotipo_empsaud_medilogics_medio.jpg?fit=500%2C175&ssl=1\",\"contentUrl\":\"https:\/\/i1.wp.com\/medilogics.pt\/home\/wp-content\/uploads\/2017\/10\/logotipo_empsaud_medilogics_medio.jpg?fit=500%2C175&ssl=1\",\"width\":500,\"height\":175,\"caption\":\"Medilogics Servicos Medicos SA\"},\"image\":{\"@id\":\"https:\/\/medilogics.pt\/home\/#\/schema\/logo\/image\/\"}}]}<\/script>\n<!-- \/ Yoast SEO plugin. -->","yoast_head_json":{"title":"Estado de Sa\u00fade (Check up) | MEDILOGICS Servi\u00e7os M\u00e9dicos SA","description":"Para uma avalia\u00e7\u00e3o global do estado de sa\u00fade em qualquer idade e para actuar como preven\u00e7\u00e3o futura, a Medilogics possui um servi\u00e7o de Check-up.","robots":{"index":"index","follow":"follow","max-snippet":"max-snippet:-1","max-image-preview":"max-image-preview:large","max-video-preview":"max-video-preview:-1"},"canonical":"https:\/\/medilogics.pt\/home\/check-up\/","og_locale":"pt_PT","og_type":"article","og_title":"Estado de Sa\u00fade (Check up) | MEDILOGICS Servi\u00e7os M\u00e9dicos SA","og_description":"Para uma avalia\u00e7\u00e3o global do estado de sa\u00fade em qualquer idade e para actuar como preven\u00e7\u00e3o futura, a Medilogics possui um servi\u00e7o de Check-up.","og_url":"https:\/\/medilogics.pt\/home\/check-up\/","og_site_name":"MEDILOGICS Servi\u00e7os M\u00e9dicos SA","article_publisher":"https:\/\/www.facebook.com\/medilogicssa\/","article_modified_time":"2018-02-09T15:58:07+00:00","og_image":[{"url":"https:\/\/medilogics.pt\/home\/wp-content\/uploads\/2017\/08\/single_article_checkup.png"}],"twitter_card":"summary","twitter_site":"@medilogics","twitter_misc":{"Tempo estimado de leitura":"1 minuto"},"schema":{"@context":"https:\/\/schema.org","@graph":[{"@type":"WebPage","@id":"https:\/\/medilogics.pt\/home\/check-up\/","url":"https:\/\/medilogics.pt\/home\/check-up\/","name":"Estado de Sa\u00fade (Check up) | MEDILOGICS Servi\u00e7os M\u00e9dicos SA","isPartOf":{"@id":"https:\/\/medilogics.pt\/home\/#website"},"datePublished":"2017-08-24T11:33:26+00:00","dateModified":"2018-02-09T15:58:07+00:00","description":"Para uma avalia\u00e7\u00e3o global do estado de sa\u00fade em qualquer idade e para actuar como preven\u00e7\u00e3o futura, a Medilogics possui um servi\u00e7o de Check-up.","breadcrumb":{"@id":"https:\/\/medilogics.pt\/home\/check-up\/#breadcrumb"},"inLanguage":"pt-PT","potentialAction":[{"@type":"ReadAction","target":["https:\/\/medilogics.pt\/home\/check-up\/"]}]},{"@type":"BreadcrumbList","@id":"https:\/\/medilogics.pt\/home\/check-up\/#breadcrumb","itemListElement":[{"@type":"ListItem","position":1,"name":"In\u00edcio","item":"https:\/\/medilogics.pt\/home\/"},{"@type":"ListItem","position":2,"name":"Estado de Sa\u00fade (Check up)"}]},{"@type":"WebSite","@id":"https:\/\/medilogics.pt\/home\/#website","url":"https:\/\/medilogics.pt\/home\/","name":"MEDILOGICS Servi\u00e7os M\u00e9dicos SA","description":"Seguran\u00e7a e Sa\u00fade no Trabalho","publisher":{"@id":"https:\/\/medilogics.pt\/home\/#organization"},"potentialAction":[{"@type":"SearchAction","target":{"@type":"EntryPoint","urlTemplate":"https:\/\/medilogics.pt\/home\/?s={search_term_string}"},"query-input":"required name=search_term_string"}],"inLanguage":"pt-PT"},{"@type":"Organization","@id":"https:\/\/medilogics.pt\/home\/#organization","name":"Medilogics Servicos Medicos SA","url":"https:\/\/medilogics.pt\/home\/","sameAs":["https:\/\/www.instagram.com\/medilogics\/","https:\/\/www.linkedin.com\/company\/medilogics","https:\/\/www.youtube.com\/c\/MedilogicsPtsa","https:\/\/www.facebook.com\/medilogicssa\/","https:\/\/twitter.com\/medilogics"],"logo":{"@type":"ImageObject","inLanguage":"pt-PT","@id":"https:\/\/medilogics.pt\/home\/#\/schema\/logo\/image\/","url":"https:\/\/i1.wp.com\/medilogics.pt\/home\/wp-content\/uploads\/2017\/10\/logotipo_empsaud_medilogics_medio.jpg?fit=500%2C175&ssl=1","contentUrl":"https:\/\/i1.wp.com\/medilogics.pt\/home\/wp-content\/uploads\/2017\/10\/logotipo_empsaud_medilogics_medio.jpg?fit=500%2C175&ssl=1","width":500,"height":175,"caption":"Medilogics Servicos Medicos SA"},"image":{"@id":"https:\/\/medilogics.pt\/home\/#\/schema\/logo\/image\/"}}]}},"jetpack_sharing_enabled":true,"jetpack_shortlink":"https:\/\/wp.me\/P9hLDY-1p","jetpack_likes_enabled":true,"jetpack-related-posts":[{"id":108,"url":"https:\/\/medilogics.pt\/home\/check-up-fp\/","url_meta":{"origin":87,"position":0},"title":"Estado de Sa\u00fade (Check up)","date":"Agosto 24, 2017","format":false,"excerpt":"Avalia\u00e7\u00e3o global do estado de sa\u00fade Para uma avalia\u00e7\u00e3o global do estado de sa\u00fade em qualquer idade e para actuar como preven\u00e7\u00e3o futura, a Medilogics possui um servi\u00e7o de Check-up baseado nas recomenda\u00e7\u00f5es da U.S. Preventive Services Task Force e da Sociedade Europeia de Cardiologia, que se divide em duas\u2026","rel":"","context":"Similar post","img":{"alt_text":"Check-up","src":"https:\/\/i0.wp.com\/medilogics.pt\/home\/wp-content\/uploads\/2017\/08\/checkup2.png?fit=1200%2C800&ssl=1&resize=350%2C200","width":350,"height":200},"classes":[]},{"id":51,"url":"https:\/\/medilogics.pt\/home\/saude-no-trabalho_fp\/","url_meta":{"origin":87,"position":1},"title":"Sa\u00fade no Trabalho","date":"Agosto 24, 2017","format":false,"excerpt":"Acesso a uma equipa de m\u00e9dicos altamente qualificada em\u00a0Sa\u00fade no Trabalho. A Medilogics garante aos seus clientes acesso a uma equipa de m\u00e9dicos altamente qualificada e especializada em Sa\u00fade do Trabalho, capaz de a promover no local de trabalho e cumprir as obriga\u00e7\u00f5es legais em vigor, a partir de exames\u2026","rel":"","context":"Similar post","img":{"alt_text":"","src":"https:\/\/i0.wp.com\/medilogics.pt\/home\/wp-content\/uploads\/2017\/08\/equipa_especializada.jpg?fit=1123%2C753&ssl=1&resize=350%2C200","width":350,"height":200},"classes":[]},{"id":65,"url":"https:\/\/medilogics.pt\/home\/seguranca-no-trabalho-fp\/","url_meta":{"origin":87,"position":2},"title":"Seguran\u00e7a no Trabalho","date":"Agosto 24, 2017","format":false,"excerpt":"A Seguran\u00e7a no Trabalho proporciona um ambiente de trabalho mais seguro e saud\u00e1vel . Com vista a cumprir o objectivo de melhorar as condi\u00e7\u00f5es de trabalho dos seus clientes, tendo em conta que cerca de 50% da nossa vida \u00e9 passada no exerc\u00edcio de uma atividade profissional, a Medilogics disp\u00f5e\u2026","rel":"","context":"Similar post","img":{"alt_text":"Seguran\u00e7a no Trabalho","src":"https:\/\/i0.wp.com\/medilogics.pt\/home\/wp-content\/uploads\/2017\/08\/seguranca.jpg?fit=1200%2C617&ssl=1&resize=350%2C200","width":350,"height":200},"classes":[]},{"id":114,"url":"https:\/\/medilogics.pt\/home\/saude-no-trabalho\/","url_meta":{"origin":87,"position":3},"title":"Sa\u00fade no Trabalho","date":"Agosto 24, 2017","format":false,"excerpt":"Acesso a uma equipa de m\u00e9dicos altamente qualificada em\u00a0Sa\u00fade no Trabalho. Um bom n\u00edvel de SST traz vantagens. Preencha este formul\u00e1rio e seja contactado sem qualquer compromisso para saber mais sobre estas vantagens. Antes de preencher o formul\u00e1rio leia a nossa Pol\u00edtica de Utiliza\u00e7\u00e3o do S\u00edtio e \u00c1rea de Cliente\u2026","rel":"","context":"Similar post","img":{"alt_text":"","src":"https:\/\/i0.wp.com\/medilogics.pt\/home\/wp-content\/uploads\/2017\/08\/single_article_saude_v2.0.png.png?resize=350%2C200&ssl=1","width":350,"height":200},"classes":[]},{"id":1798,"url":"https:\/\/medilogics.pt\/home\/higiene-e-seguranca-no-trabalho\/","url_meta":{"origin":87,"position":4},"title":"Higiene e Seguran\u00e7a no Trabalho","date":"Agosto 16, 2018","format":false,"excerpt":"A Higiene e Seguran\u00e7a no Trabalho proporciona um ambiente de trabalho mais seguro e saud\u00e1vel. Preencha este formul\u00e1rio e seja contactado sem qualquer compromisso para saber mais sobre estas vantagens. Antes de preencher o formul\u00e1rio leia a nossa Pol\u00edtica de Utiliza\u00e7\u00e3o do S\u00edtio e \u00c1rea de Cliente , Pol\u00edtica de\u2026","rel":"","context":"Similar post","img":{"alt_text":"","src":"","width":0,"height":0},"classes":[]},{"id":116,"url":"https:\/\/medilogics.pt\/home\/seguranca-no-trabalho\/","url_meta":{"origin":87,"position":5},"title":"Seguran\u00e7a no Trabalho","date":"Agosto 24, 2017","format":false,"excerpt":"A Seguran\u00e7a no Trabalho proporciona um ambiente de trabalho mais seguro e saud\u00e1vel . Um bom n\u00edvel de SST traz vantagens. Preencha este formul\u00e1rio e seja contactado sem qualquer compromisso para saber mais sobre estas vantagens. Antes de preencher o formul\u00e1rio leia a nossa Pol\u00edtica de Utiliza\u00e7\u00e3o do S\u00edtio e\u2026","rel":"","context":"Similar post","img":{"alt_text":"","src":"https:\/\/i0.wp.com\/medilogics.pt\/home\/wp-content\/uploads\/2017\/08\/single_article_seguran\u00c3\u00a7a.png?resize=350%2C200&ssl=1","width":350,"height":200},"classes":[]}],"amp_enabled":true,"_links":{"self":[{"href":"https:\/\/medilogics.pt\/home\/wp-json\/wp\/v2\/pages\/87"}],"collection":[{"href":"https:\/\/medilogics.pt\/home\/wp-json\/wp\/v2\/pages"}],"about":[{"href":"https:\/\/medilogics.pt\/home\/wp-json\/wp\/v2\/types\/page"}],"author":[{"embeddable":true,"href":"https:\/\/medilogics.pt\/home\/wp-json\/wp\/v2\/users\/1"}],"replies":[{"embeddable":true,"href":"https:\/\/medilogics.pt\/home\/wp-json\/wp\/v2\/comments?post=87"}],"version-history":[{"count":12,"href":"https:\/\/medilogics.pt\/home\/wp-json\/wp\/v2\/pages\/87\/revisions"}],"predecessor-version":[{"id":879,"href":"https:\/\/medilogics.pt\/home\/wp-json\/wp\/v2\/pages\/87\/revisions\/879"}],"wp:attachment":[{"href":"https:\/\/medilogics.pt\/home\/wp-json\/wp\/v2\/media?parent=87"}],"curies":[{"name":"wp","href":"https:\/\/api.w.org\/{rel}","templated":true}]}}