{"id":94,"date":"2017-08-24T12:57:21","date_gmt":"2017-08-24T12:57:21","guid":{"rendered":"https:\/\/medilogics.pt\/home\/?page_id=94"},"modified":"2018-09-27T16:21:43","modified_gmt":"2018-09-27T15:21:43","slug":"cookies","status":"publish","type":"page","link":"https:\/\/medilogics.pt\/home\/cookies\/","title":{"rendered":"Politica de Privacidade e Cookies"},"content":{"rendered":"<p>O grupo MEDILOGICS SGPS utiliza <i>cookies <\/i>nos portais da MEDILOGICS SA, BIOCHECK LDA. e NVIDAS LDA. A partir do dia 17-05-2018 os cookies est\u00e3o por defeito desactivados. Ajude-nos a melhorar os websites e ative-os em defini\u00e7\u00f5es. Caso os ative estar\u00e1 a aceitar a presente pol\u00edtica e a consequente utiliza\u00e7\u00e3o de <i>cookies <\/i>de acordo com as condi\u00e7\u00f5es descritas bem como o disposto no documento &#8220;<a href=\"https:\/\/medilogics.pt\/home\/politica-de-utilizacao\/\">Pol\u00edtica de Utiliza\u00e7\u00e3o do S\u00edtio e \u00c1rea de Cliente<\/a>&#8221; e tamb\u00e9m no documento &#8220;<a href=\"https:\/\/medilogics.pt\/home\/politica-protecao-dados\/\">Pol\u00edtica de Prote\u00e7\u00e3o de Dados Pessoais<\/a>&#8220;.<\/p>\n<h3>POL\u00cdTICA DE PRIVACIDADE<\/h3>\n<p>Todas as suas informa\u00e7\u00f5es pessoais recolhidas, ser\u00e3o usadas para o ajudar a tornar a sua visita no nosso site o mais produtiva e agrad\u00e1vel poss\u00edvel.<br \/>\nA garantia da confidencialidade dos dados pessoais dos utilizadores do nosso site \u00e9 importante para o grupo Medilogics.<br \/>\nTodas as informa\u00e7\u00f5es pessoais relativas a membros, assinantes, clientes ou visitantes que usem os Portais ser\u00e3o tratadas em concord\u00e2ncia com o Regulamento Geral de Prote\u00e7\u00e3o de Dados (RGPD) (UE) 2016\/679 do Parlamento Europeu e do Conselho, de 27 de abril de 2016.<br \/>\nA informa\u00e7\u00e3o pessoal recolhida pode incluir o seu nome, e-mail, n\u00famero de telefone e\/ou telem\u00f3vel, morada, data de nascimento e\/ou outros.<br \/>\nO expresso consentimento dado nos Portais da Medilogics SA, Biocheck Lda, Nvidas Lda, e ainda a \u00e1rea de cliente Medilogics pressup\u00f5e a aceita\u00e7\u00e3o deste Acordo de privacidade. A equipa dos Portais da Medilogics SA, Biocheck Lda, Nvidas Lda reserva-se ao direito de alterar este acordo sem aviso pr\u00e9vio. Deste modo, recomendamos que consulte a nossa pol\u00edtica de privacidade e cookies com regularidade de forma a estar sempre atualizado.<\/p>\n<h3>O QUE S\u00c3O E PARA QUE SERVEM OS COOKIES?<\/h3>\n<p>Os <i>cookies <\/i>s\u00e3o pequenos ficheiros de informa\u00e7\u00e3o que ficam guardados no seu computador, <i>tablet<\/i>, telefone ou outro dispositivo com acesso \u00e0 Internet, atrav\u00e9s do navegador (<i>browser<\/i>). As informa\u00e7\u00f5es retidas pelos<i> cookies <\/i>s\u00e3o re-enviadas ao servidor do site sempre que o <i>browser <\/i>abre uma das suas p\u00e1ginas.<\/p>\n<p>Os <i>cookies <\/i>ajudam a determinar a utilidade, o interesse e as utiliza\u00e7\u00f5es de um site, permitindo uma navega\u00e7\u00e3o mais r\u00e1pida e eficiente. Evitam a introdu\u00e7\u00e3o repetida das mesmas informa\u00e7\u00f5es.<\/p>\n<h3>QUE TIPO DE COOKIES UTILIZAMOS NO PORTAL E \u00c1REA DE CLIENTE?<\/h3>\n<p>Existem dois tipos principais de <i>cookies<\/i>: os de sess\u00e3o e os permanentes. Os <i>cookies <\/i>de sess\u00e3o apenas s\u00e3o usados por s\u00ed na \u00e1rea de cliente e s\u00e3o tempor\u00e1rios, s\u00f3 permanecendo no arquivo de <i>cookies <\/i>at\u00e9 o utilizador sair da \u00e1rea de cliente, pelo que s\u00e3o apagados quando fecha a sess\u00e3o ou o seu <i>browser <\/i>os limpar. A informa\u00e7\u00e3o obtida serve para analisar padr\u00f5es de tr\u00e1fego, o que facilita a identifica\u00e7\u00e3o de problemas. J\u00e1 os <i>cookies <\/i>permanentes ficam guardados at\u00e9 o utilizador apag\u00e1-los manualmente ou a data de validade expirar. S\u00e3o utilizados sempre que o utilizador faz uma nova visita ao site e\/ou \u00e1rea de cliente para um servi\u00e7o mais personalizado, ajustando a navega\u00e7\u00e3o aos seus interesses.<\/p>\n<p>Destes, utilizamos <i>cookies <\/i>para v\u00e1rias finalidades. Os <i>cookies <\/i>anal\u00edticos s\u00e3o utilizados anonimamente para efeitos estat\u00edsticos. Os <i>cookies <\/i>de funcionalidade guardam as prefer\u00eancias do utilizador. Os <i>cookies <\/i>de terceiros medem o sucesso de aplica\u00e7\u00f5es e podem ser utilizados para personalizar bot\u00f5es, menus, \u00edcones e outras componentes de interface gr\u00e1fica com dados do utilizador (denominados <i>widgets<\/i>).<\/p>\n<p>N\u00e3o armazenamos informa\u00e7\u00e3o de identifica\u00e7\u00e3o pessoal nos <i>cookies <\/i>que utilizamos. Tamb\u00e9m n\u00e3o usamos os <i>cookies <\/i>para direcionar publicidade aos nossos utilizadores em fun\u00e7\u00e3o da sua navega\u00e7\u00e3o, nem para outros fins publicit\u00e1rios pr\u00f3prios ou de terceiros.<\/p>\n<h3>COMO GERIR OS COOKIES?<\/h3>\n<p>A partir de 17-05-2018, poder\u00e1 ativar e desativar os cookies, onde diz &#8220;defini\u00e7\u00f5es&#8221; na barra de topo ou na ausencia desta, clique na pequena roda dentada presente no canto inferior esquerdo da p\u00e1gina.<\/p>\n<p>Todos os <i>browsers <\/i>permitem ao utilizador aceitar, recusar ou apagar <i>cookie s<\/i>em qualquer altura, configurando as defini\u00e7\u00f5es apropriadas no respetivo programa de navega\u00e7\u00e3o. Pode configurar os <i>cookies <\/i>no menu \u201cop\u00e7\u00f5es\u201d ou \u201cprefer\u00eancias\u201d do seu<i> browser<\/i>.<\/p>\n<p>Note-se que ao desativar <i>cookies<\/i>, perde o preenchimento autom\u00e1tico de alguns dados, como os de login. Al\u00e9m disso, pode impedir que alguns servi\u00e7os <i>online <\/i>funcionem corretamente, afetando a navega\u00e7\u00e3o no site.<\/p>\n<h3>MAIS INFORMA\u00c7\u00c3O<\/h3>\n<p>Para saber mais sobre <i>cookies<\/i>, consulte os seguintes links (em vers\u00e3o inglesa):<\/p>\n<ul>\n<li>Microsoft Cookies guide<br \/>\n<a href=\"http:\/\/www.microsoft.com\/info\/cookies.mspx\" target=\"_blank\" rel=\"noopener\">http:\/\/www.microsoft.com\/info\/cookies.mspx<\/a><\/li>\n<li>All About Cookies<br \/>\n<a href=\"http:\/\/www.allaboutcookies.org\/\" target=\"_blank\" rel=\"noopener\">http:\/\/www.allaboutcookies.org\/<\/a><\/li>\n<\/ul>\n","protected":false},"excerpt":{"rendered":"<p>O grupo MEDILOGICS SGPS utiliza cookies nos portais da MEDILOGICS SA, BIOCHECK LDA. e NVIDAS LDA. A partir do dia 17-05-2018 os cookies est\u00e3o por defeito desactivados. Ajude-nos a melhorar os websites e ative-os em defini\u00e7\u00f5es. Caso os ative estar\u00e1 a aceitar a presente pol\u00edtica e a consequente utiliza\u00e7\u00e3o de cookies de acordo com as &hellip; <\/p>\n<p class=\"link-more\"><a href=\"https:\/\/medilogics.pt\/home\/cookies\/\" class=\"more-link\">Continuar a ler <span class=\"screen-reader-text\">&#8220;Politica de Privacidade e Cookies&#8221;<\/span><\/a><\/p>\n","protected":false},"author":1,"featured_media":0,"parent":0,"menu_order":0,"comment_status":"closed","ping_status":"closed","template":"","meta":{"_links_to":"","_links_to_target":""},"yoast_head":"<!-- This site is optimized with the Yoast SEO plugin v19.5.1 - https:\/\/yoast.com\/wordpress\/plugins\/seo\/ -->\n<title>Politica de Privacidade e Cookies | MEDILOGICS Servi\u00e7os M\u00e9dicos SA<\/title>\n<meta name=\"robots\" content=\"index, follow, max-snippet:-1, max-image-preview:large, max-video-preview:-1\" \/>\n<link rel=\"canonical\" href=\"https:\/\/medilogics.pt\/home\/cookies\/\" \/>\n<meta property=\"og:locale\" content=\"pt_PT\" \/>\n<meta property=\"og:type\" content=\"article\" \/>\n<meta property=\"og:title\" content=\"Politica de Privacidade e Cookies | MEDILOGICS Servi\u00e7os M\u00e9dicos SA\" \/>\n<meta property=\"og:description\" content=\"O grupo MEDILOGICS SGPS utiliza cookies nos portais da MEDILOGICS SA, BIOCHECK LDA. e NVIDAS LDA. A partir do dia 17-05-2018 os cookies est\u00e3o por defeito desactivados. Ajude-nos a melhorar os websites e ative-os em defini\u00e7\u00f5es. Caso os ative estar\u00e1 a aceitar a presente pol\u00edtica e a consequente utiliza\u00e7\u00e3o de cookies de acordo com as &hellip; Continuar a ler &quot;Politica de Privacidade e Cookies&quot;\" \/>\n<meta property=\"og:url\" content=\"https:\/\/medilogics.pt\/home\/cookies\/\" \/>\n<meta property=\"og:site_name\" content=\"MEDILOGICS Servi\u00e7os M\u00e9dicos SA\" \/>\n<meta property=\"article:publisher\" content=\"https:\/\/www.facebook.com\/medilogicssa\/\" \/>\n<meta property=\"article:modified_time\" content=\"2018-09-27T15:21:43+00:00\" \/>\n<meta name=\"twitter:card\" content=\"summary\" \/>\n<meta name=\"twitter:site\" content=\"@medilogics\" \/>\n<meta name=\"twitter:label1\" content=\"Tempo estimado de leitura\" \/>\n\t<meta name=\"twitter:data1\" content=\"4 minutos\" \/>\n<script type=\"application\/ld+json\" class=\"yoast-schema-graph\">{\"@context\":\"https:\/\/schema.org\",\"@graph\":[{\"@type\":\"WebPage\",\"@id\":\"https:\/\/medilogics.pt\/home\/cookies\/\",\"url\":\"https:\/\/medilogics.pt\/home\/cookies\/\",\"name\":\"Politica de Privacidade e Cookies | MEDILOGICS Servi\u00e7os M\u00e9dicos SA\",\"isPartOf\":{\"@id\":\"https:\/\/medilogics.pt\/home\/#website\"},\"datePublished\":\"2017-08-24T12:57:21+00:00\",\"dateModified\":\"2018-09-27T15:21:43+00:00\",\"breadcrumb\":{\"@id\":\"https:\/\/medilogics.pt\/home\/cookies\/#breadcrumb\"},\"inLanguage\":\"pt-PT\",\"potentialAction\":[{\"@type\":\"ReadAction\",\"target\":[\"https:\/\/medilogics.pt\/home\/cookies\/\"]}]},{\"@type\":\"BreadcrumbList\",\"@id\":\"https:\/\/medilogics.pt\/home\/cookies\/#breadcrumb\",\"itemListElement\":[{\"@type\":\"ListItem\",\"position\":1,\"name\":\"In\u00edcio\",\"item\":\"https:\/\/medilogics.pt\/home\/\"},{\"@type\":\"ListItem\",\"position\":2,\"name\":\"Politica de Privacidade e Cookies\"}]},{\"@type\":\"WebSite\",\"@id\":\"https:\/\/medilogics.pt\/home\/#website\",\"url\":\"https:\/\/medilogics.pt\/home\/\",\"name\":\"MEDILOGICS Servi\u00e7os M\u00e9dicos SA\",\"description\":\"Seguran\u00e7a e Sa\u00fade no Trabalho\",\"publisher\":{\"@id\":\"https:\/\/medilogics.pt\/home\/#organization\"},\"potentialAction\":[{\"@type\":\"SearchAction\",\"target\":{\"@type\":\"EntryPoint\",\"urlTemplate\":\"https:\/\/medilogics.pt\/home\/?s={search_term_string}\"},\"query-input\":\"required name=search_term_string\"}],\"inLanguage\":\"pt-PT\"},{\"@type\":\"Organization\",\"@id\":\"https:\/\/medilogics.pt\/home\/#organization\",\"name\":\"Medilogics Servicos Medicos SA\",\"url\":\"https:\/\/medilogics.pt\/home\/\",\"sameAs\":[\"https:\/\/www.instagram.com\/medilogics\/\",\"https:\/\/www.linkedin.com\/company\/medilogics\",\"https:\/\/www.youtube.com\/c\/MedilogicsPtsa\",\"https:\/\/www.facebook.com\/medilogicssa\/\",\"https:\/\/twitter.com\/medilogics\"],\"logo\":{\"@type\":\"ImageObject\",\"inLanguage\":\"pt-PT\",\"@id\":\"https:\/\/medilogics.pt\/home\/#\/schema\/logo\/image\/\",\"url\":\"https:\/\/i1.wp.com\/medilogics.pt\/home\/wp-content\/uploads\/2017\/10\/logotipo_empsaud_medilogics_medio.jpg?fit=500%2C175&ssl=1\",\"contentUrl\":\"https:\/\/i1.wp.com\/medilogics.pt\/home\/wp-content\/uploads\/2017\/10\/logotipo_empsaud_medilogics_medio.jpg?fit=500%2C175&ssl=1\",\"width\":500,\"height\":175,\"caption\":\"Medilogics Servicos Medicos SA\"},\"image\":{\"@id\":\"https:\/\/medilogics.pt\/home\/#\/schema\/logo\/image\/\"}}]}<\/script>\n<!-- \/ Yoast SEO plugin. -->","yoast_head_json":{"title":"Politica de Privacidade e Cookies | MEDILOGICS Servi\u00e7os M\u00e9dicos SA","robots":{"index":"index","follow":"follow","max-snippet":"max-snippet:-1","max-image-preview":"max-image-preview:large","max-video-preview":"max-video-preview:-1"},"canonical":"https:\/\/medilogics.pt\/home\/cookies\/","og_locale":"pt_PT","og_type":"article","og_title":"Politica de Privacidade e Cookies | MEDILOGICS Servi\u00e7os M\u00e9dicos SA","og_description":"O grupo MEDILOGICS SGPS utiliza cookies nos portais da MEDILOGICS SA, BIOCHECK LDA. e NVIDAS LDA. A partir do dia 17-05-2018 os cookies est\u00e3o por defeito desactivados. Ajude-nos a melhorar os websites e ative-os em defini\u00e7\u00f5es. Caso os ative estar\u00e1 a aceitar a presente pol\u00edtica e a consequente utiliza\u00e7\u00e3o de cookies de acordo com as &hellip; Continuar a ler \"Politica de Privacidade e Cookies\"","og_url":"https:\/\/medilogics.pt\/home\/cookies\/","og_site_name":"MEDILOGICS Servi\u00e7os M\u00e9dicos SA","article_publisher":"https:\/\/www.facebook.com\/medilogicssa\/","article_modified_time":"2018-09-27T15:21:43+00:00","twitter_card":"summary","twitter_site":"@medilogics","twitter_misc":{"Tempo estimado de leitura":"4 minutos"},"schema":{"@context":"https:\/\/schema.org","@graph":[{"@type":"WebPage","@id":"https:\/\/medilogics.pt\/home\/cookies\/","url":"https:\/\/medilogics.pt\/home\/cookies\/","name":"Politica de Privacidade e Cookies | MEDILOGICS Servi\u00e7os M\u00e9dicos SA","isPartOf":{"@id":"https:\/\/medilogics.pt\/home\/#website"},"datePublished":"2017-08-24T12:57:21+00:00","dateModified":"2018-09-27T15:21:43+00:00","breadcrumb":{"@id":"https:\/\/medilogics.pt\/home\/cookies\/#breadcrumb"},"inLanguage":"pt-PT","potentialAction":[{"@type":"ReadAction","target":["https:\/\/medilogics.pt\/home\/cookies\/"]}]},{"@type":"BreadcrumbList","@id":"https:\/\/medilogics.pt\/home\/cookies\/#breadcrumb","itemListElement":[{"@type":"ListItem","position":1,"name":"In\u00edcio","item":"https:\/\/medilogics.pt\/home\/"},{"@type":"ListItem","position":2,"name":"Politica de Privacidade e Cookies"}]},{"@type":"WebSite","@id":"https:\/\/medilogics.pt\/home\/#website","url":"https:\/\/medilogics.pt\/home\/","name":"MEDILOGICS Servi\u00e7os M\u00e9dicos SA","description":"Seguran\u00e7a e Sa\u00fade no Trabalho","publisher":{"@id":"https:\/\/medilogics.pt\/home\/#organization"},"potentialAction":[{"@type":"SearchAction","target":{"@type":"EntryPoint","urlTemplate":"https:\/\/medilogics.pt\/home\/?s={search_term_string}"},"query-input":"required name=search_term_string"}],"inLanguage":"pt-PT"},{"@type":"Organization","@id":"https:\/\/medilogics.pt\/home\/#organization","name":"Medilogics Servicos Medicos SA","url":"https:\/\/medilogics.pt\/home\/","sameAs":["https:\/\/www.instagram.com\/medilogics\/","https:\/\/www.linkedin.com\/company\/medilogics","https:\/\/www.youtube.com\/c\/MedilogicsPtsa","https:\/\/www.facebook.com\/medilogicssa\/","https:\/\/twitter.com\/medilogics"],"logo":{"@type":"ImageObject","inLanguage":"pt-PT","@id":"https:\/\/medilogics.pt\/home\/#\/schema\/logo\/image\/","url":"https:\/\/i1.wp.com\/medilogics.pt\/home\/wp-content\/uploads\/2017\/10\/logotipo_empsaud_medilogics_medio.jpg?fit=500%2C175&ssl=1","contentUrl":"https:\/\/i1.wp.com\/medilogics.pt\/home\/wp-content\/uploads\/2017\/10\/logotipo_empsaud_medilogics_medio.jpg?fit=500%2C175&ssl=1","width":500,"height":175,"caption":"Medilogics Servicos Medicos SA"},"image":{"@id":"https:\/\/medilogics.pt\/home\/#\/schema\/logo\/image\/"}}]}},"jetpack_sharing_enabled":true,"jetpack_shortlink":"https:\/\/wp.me\/P9hLDY-1w","jetpack_likes_enabled":true,"jetpack-related-posts":[{"id":1644,"url":"https:\/\/medilogics.pt\/home\/privacidade\/","url_meta":{"origin":94,"position":0},"title":"Politica de Privacidade","date":"Junho 1, 2018","format":false,"excerpt":"DURANTE QUANTO TEMPO CONSERVAMOS A SUA INFORMA\u00c7\u00c3O? A nossa pol\u00edtica consiste na conserva\u00e7\u00e3o de dados apenas durante o per\u00edodo necess\u00e1rio para a observ\u00e2ncia dos prop\u00f3sitos para os quais estes foram recolhidos. No entanto, em determinados casos\u00a0 poderemos conservar os dados durante per\u00edodos mais longos, nomeadamente quando a Lei assim o\u2026","rel":"","context":"Similar post","img":{"alt_text":"","src":"","width":0,"height":0},"classes":[]},{"id":1493,"url":"https:\/\/medilogics.pt\/home\/parceiro\/","url_meta":{"origin":94,"position":1},"title":"Consentimento e atualiza\u00e7\u00e3o de dados de parceiro","date":"Maio 17, 2018","format":false,"excerpt":"Antes de preencher o formul\u00e1rio leia a nossa Pol\u00edtica de Utiliza\u00e7\u00e3o do S\u00edtio e \u00c1rea de Cliente , Pol\u00edtica de Privacidade e Utiliza\u00e7\u00e3o de Cookies e Pol\u00edtica de Prote\u00e7\u00e3o de Dados Pessoais (RGPD). Os seus dados pessoais contidos neste formul\u00e1rio, tais como o seu nome, telefone e email, ser\u00e3o armazenados\u2026","rel":"","context":"Similar post","img":{"alt_text":"","src":"","width":0,"height":0},"classes":[]},{"id":239,"url":"https:\/\/medilogics.pt\/home\/podemos-ajudar-fp\/","url_meta":{"origin":94,"position":2},"title":"Podemos ajudar?","date":"Agosto 27, 2017","format":false,"excerpt":"A Seguran\u00e7a e Sa\u00fade no Trabalho beneficia a sua empresa. Deseja saber mais informa\u00e7\u00f5es?\u00a0N\u00f3s podemos ajudar. Antes de preencher o formul\u00e1rio leia a nossa Pol\u00edtica de Utiliza\u00e7\u00e3o do S\u00edtio e \u00c1rea de Cliente , Pol\u00edtica de Privacidade e Pol\u00edtica de Prote\u00e7\u00e3o de Dados Pessoais (RGPD). Os seus dados pessoais contidos\u2026","rel":"","context":"Similar post","img":{"alt_text":"Proposta","src":"https:\/\/i0.wp.com\/medilogics.pt\/home\/wp-content\/uploads\/2017\/08\/checkup_v1.2.jpg?fit=1200%2C822&ssl=1&resize=350%2C200","width":350,"height":200},"classes":[]},{"id":249,"url":"https:\/\/medilogics.pt\/home\/podemos-ajudar\/","url_meta":{"origin":94,"position":3},"title":"Podemos ajudar?","date":"Agosto 27, 2017","format":false,"excerpt":"A Seguran\u00e7a e Sa\u00fade no Trabalho beneficia a sua empresa. Deseja saber mais informa\u00e7\u00f5es?\u00a0N\u00f3s podemos ajudar. Antes de preencher o formul\u00e1rio leia a nossa Pol\u00edtica de Utiliza\u00e7\u00e3o do S\u00edtio e \u00c1rea de Cliente , Pol\u00edtica de Privacidade e Pol\u00edtica de Prote\u00e7\u00e3o de Dados Pessoais (RGPD). Os seus dados pessoais contidos\u2026","rel":"","context":"Similar post","img":{"alt_text":"","src":"https:\/\/i0.wp.com\/medilogics.pt\/home\/wp-content\/uploads\/2017\/08\/single_article_proposta.png?resize=350%2C200&ssl=1","width":350,"height":200},"classes":[]},{"id":940,"url":"https:\/\/medilogics.pt\/home\/politica-protecao-dados\/","url_meta":{"origin":94,"position":4},"title":"Politica de Prote\u00e7\u00e3o de dados pessoais","date":"Abril 24, 2018","format":false,"excerpt":"1. DADOS PESSOAIS 1.1. A entidade respons\u00e1vel pelo tratamento dos dados pessoais \u00e9 a MEDILOGICS Servi\u00e7os M\u00e9dicos SA. 1.2. A MEDILOGICS designou um encarregado da prote\u00e7\u00e3o de dados que poder\u00e1 ser diretamente contactado atrav\u00e9s de carta enviada para MEDILOGICS - DPO, Rua da Paz, 66, 4050-461 Porto ou do endere\u00e7o\u2026","rel":"","context":"Similar post","img":{"alt_text":"","src":"","width":0,"height":0},"classes":[]},{"id":1909,"url":"https:\/\/medilogics.pt\/home\/consulta-aos-trabalhadores\/","url_meta":{"origin":94,"position":5},"title":"CONSULTA AOS TRABALHADORES","date":"Outubro 23, 2018","format":false,"excerpt":"A participa\u00e7\u00e3o dos trabalhadores \u00e9 uma parte importante da gest\u00e3o da sa\u00fade e da seguran\u00e7a. Os trabalhadores e os seus representantes disp\u00f5em de um conhecimento e de uma experi\u00eancia que lhes permite saber como se trabalha e em que medida a sua atividade os afeta. A Medilogics pode ajudar. Pergunte-nos\u2026","rel":"","context":"In &quot;Geral&quot;","img":{"alt_text":"","src":"","width":0,"height":0},"classes":[]}],"amp_enabled":true,"_links":{"self":[{"href":"https:\/\/medilogics.pt\/home\/wp-json\/wp\/v2\/pages\/94"}],"collection":[{"href":"https:\/\/medilogics.pt\/home\/wp-json\/wp\/v2\/pages"}],"about":[{"href":"https:\/\/medilogics.pt\/home\/wp-json\/wp\/v2\/types\/page"}],"author":[{"embeddable":true,"href":"https:\/\/medilogics.pt\/home\/wp-json\/wp\/v2\/users\/1"}],"replies":[{"embeddable":true,"href":"https:\/\/medilogics.pt\/home\/wp-json\/wp\/v2\/comments?post=94"}],"version-history":[{"count":15,"href":"https:\/\/medilogics.pt\/home\/wp-json\/wp\/v2\/pages\/94\/revisions"}],"predecessor-version":[{"id":1895,"href":"https:\/\/medilogics.pt\/home\/wp-json\/wp\/v2\/pages\/94\/revisions\/1895"}],"wp:attachment":[{"href":"https:\/\/medilogics.pt\/home\/wp-json\/wp\/v2\/media?parent=94"}],"curies":[{"name":"wp","href":"https:\/\/api.w.org\/{rel}","templated":true}]}}